{"id":23069,"date":"2023-11-10T10:27:04","date_gmt":"2023-11-10T09:27:04","guid":{"rendered":"https:\/\/www.larouelibre.fr\/blog\/?page_id=23069"},"modified":"2023-11-13T09:02:06","modified_gmt":"2023-11-13T08:02:06","slug":"la-reprise-de-votre-velo","status":"publish","type":"page","link":"https:\/\/www.larouelibre.fr\/blog\/la-reprise-de-votre-velo\/","title":{"rendered":"La reprise de votre v\u00e9lo"},"content":{"rendered":"\n<p class=\"has-text-align-center\">Dans vos magasins La Roue Libre, nous vous rachetons votre ancien v\u00e9lo pour tout achat d&rsquo;un v\u00e9lo neuf. Vous ne savez pas combien votre ancien mod\u00e8le peut vous rapporter?<\/p>\n\n\n\n<div style=\"height:40px\" aria-hidden=\"true\" class=\"wp-block-spacer\"><\/div>\n\n\n<div id=\"upway-publicPricing-container\">\u00a0<\/div>\n<p><script data-lang='fr' data-country='fr' data-hide-logo='true'\nsrc=\"https:\/\/upway-public.storage.googleapis.com\/scripts\/publicPricing.bundle.js\"><br \/>\n<\/script><\/p>\n\n\n<p class=\"has-text-align-center has-luminous-vivid-orange-color has-text-color\"><strong>Attention, ce module fonctionne uniquement avec les v\u00e9los \u00e9lectriques. Pour les mod\u00e8les non \u00e9lectriques, merci de vous rendre directement en magasin pour que ne puissions estimer votre v\u00e9lo!<\/strong><\/p>\n","protected":false},"excerpt":{"rendered":"<p>Dans vos magasins La Roue Libre, nous vous rachetons votre ancien v\u00e9lo pour tout achat d&rsquo;un v\u00e9lo neuf. Vous ne savez pas combien votre ancien mod\u00e8le peut vous rapporter? \u00a0 Attention, ce module fonctionne uniquement avec les v\u00e9los \u00e9lectriques. Pour les mod\u00e8les non \u00e9lectriques, merci de vous rendre directement en magasin pour que ne puissions [&hellip;]<\/p>\n","protected":false},"author":1,"featured_media":0,"parent":0,"menu_order":0,"comment_status":"closed","ping_status":"closed","template":"","meta":{"jetpack_post_was_ever_published":false,"footnotes":""},"class_list":["post-23069","page","type-page","status-publish"],"yoast_head":"<!-- This site is optimized with the Yoast SEO plugin v26.5 - https:\/\/yoast.com\/wordpress\/plugins\/seo\/ -->\n<title>La reprise de votre v\u00e9lo - La Roue Libre<\/title>\n<meta name=\"robots\" content=\"index, follow, max-snippet:-1, max-image-preview:large, max-video-preview:-1\" \/>\n<link rel=\"canonical\" href=\"https:\/\/www.larouelibre.fr\/blog\/la-reprise-de-votre-velo\/\" \/>\n<meta property=\"og:locale\" content=\"fr_FR\" \/>\n<meta property=\"og:type\" content=\"article\" \/>\n<meta property=\"og:title\" content=\"La reprise de votre v\u00e9lo - La Roue Libre\" \/>\n<meta property=\"og:description\" content=\"Dans vos magasins La Roue Libre, nous vous rachetons votre ancien v\u00e9lo pour tout achat d&rsquo;un v\u00e9lo neuf. Vous ne savez pas combien votre ancien mod\u00e8le peut vous rapporter? \u00a0 Attention, ce module fonctionne uniquement avec les v\u00e9los \u00e9lectriques. Pour les mod\u00e8les non \u00e9lectriques, merci de vous rendre directement en magasin pour que ne puissions [&hellip;]\" \/>\n<meta property=\"og:url\" content=\"https:\/\/www.larouelibre.fr\/blog\/la-reprise-de-votre-velo\/\" \/>\n<meta property=\"og:site_name\" content=\"La Roue Libre\" \/>\n<meta property=\"article:modified_time\" content=\"2023-11-13T08:02:06+00:00\" \/>\n<meta name=\"twitter:card\" content=\"summary_large_image\" \/>\n<meta name=\"twitter:label1\" content=\"Dur\u00e9e de lecture estim\u00e9e\" \/>\n\t<meta name=\"twitter:data1\" content=\"1 minute\" \/>\n<script type=\"application\/ld+json\" class=\"yoast-schema-graph\">{\"@context\":\"https:\/\/schema.org\",\"@graph\":[{\"@type\":\"WebPage\",\"@id\":\"https:\/\/www.larouelibre.fr\/blog\/la-reprise-de-votre-velo\/\",\"url\":\"https:\/\/www.larouelibre.fr\/blog\/la-reprise-de-votre-velo\/\",\"name\":\"La reprise de votre v\u00e9lo - La Roue Libre\",\"isPartOf\":{\"@id\":\"https:\/\/www.larouelibre.fr\/blog\/#website\"},\"datePublished\":\"2023-11-10T09:27:04+00:00\",\"dateModified\":\"2023-11-13T08:02:06+00:00\",\"breadcrumb\":{\"@id\":\"https:\/\/www.larouelibre.fr\/blog\/la-reprise-de-votre-velo\/#breadcrumb\"},\"inLanguage\":\"fr-FR\",\"potentialAction\":[{\"@type\":\"ReadAction\",\"target\":[\"https:\/\/www.larouelibre.fr\/blog\/la-reprise-de-votre-velo\/\"]}]},{\"@type\":\"BreadcrumbList\",\"@id\":\"https:\/\/www.larouelibre.fr\/blog\/la-reprise-de-votre-velo\/#breadcrumb\",\"itemListElement\":[{\"@type\":\"ListItem\",\"position\":1,\"name\":\"Accueil\",\"item\":\"https:\/\/www.larouelibre.fr\/blog\/\"},{\"@type\":\"ListItem\",\"position\":2,\"name\":\"La reprise de votre v\u00e9lo\"}]},{\"@type\":\"WebSite\",\"@id\":\"https:\/\/www.larouelibre.fr\/blog\/#website\",\"url\":\"https:\/\/www.larouelibre.fr\/blog\/\",\"name\":\"La Roue Libre\",\"description\":\"Votre sp\u00e9cialiste cycle, v\u00e9lo \u00e9lectrique, vtt, v\u00e9lo route \u00e0 Nice et cagnes sur mer\",\"potentialAction\":[{\"@type\":\"SearchAction\",\"target\":{\"@type\":\"EntryPoint\",\"urlTemplate\":\"https:\/\/www.larouelibre.fr\/blog\/?s={search_term_string}\"},\"query-input\":{\"@type\":\"PropertyValueSpecification\",\"valueRequired\":true,\"valueName\":\"search_term_string\"}}],\"inLanguage\":\"fr-FR\"}]}<\/script>\n<!-- \/ Yoast SEO plugin. -->","yoast_head_json":{"title":"La reprise de votre v\u00e9lo - La Roue Libre","robots":{"index":"index","follow":"follow","max-snippet":"max-snippet:-1","max-image-preview":"max-image-preview:large","max-video-preview":"max-video-preview:-1"},"canonical":"https:\/\/www.larouelibre.fr\/blog\/la-reprise-de-votre-velo\/","og_locale":"fr_FR","og_type":"article","og_title":"La reprise de votre v\u00e9lo - La Roue Libre","og_description":"Dans vos magasins La Roue Libre, nous vous rachetons votre ancien v\u00e9lo pour tout achat d&rsquo;un v\u00e9lo neuf. Vous ne savez pas combien votre ancien mod\u00e8le peut vous rapporter? \u00a0 Attention, ce module fonctionne uniquement avec les v\u00e9los \u00e9lectriques. Pour les mod\u00e8les non \u00e9lectriques, merci de vous rendre directement en magasin pour que ne puissions [&hellip;]","og_url":"https:\/\/www.larouelibre.fr\/blog\/la-reprise-de-votre-velo\/","og_site_name":"La Roue Libre","article_modified_time":"2023-11-13T08:02:06+00:00","twitter_card":"summary_large_image","twitter_misc":{"Dur\u00e9e de lecture estim\u00e9e":"1 minute"},"schema":{"@context":"https:\/\/schema.org","@graph":[{"@type":"WebPage","@id":"https:\/\/www.larouelibre.fr\/blog\/la-reprise-de-votre-velo\/","url":"https:\/\/www.larouelibre.fr\/blog\/la-reprise-de-votre-velo\/","name":"La reprise de votre v\u00e9lo - La Roue Libre","isPartOf":{"@id":"https:\/\/www.larouelibre.fr\/blog\/#website"},"datePublished":"2023-11-10T09:27:04+00:00","dateModified":"2023-11-13T08:02:06+00:00","breadcrumb":{"@id":"https:\/\/www.larouelibre.fr\/blog\/la-reprise-de-votre-velo\/#breadcrumb"},"inLanguage":"fr-FR","potentialAction":[{"@type":"ReadAction","target":["https:\/\/www.larouelibre.fr\/blog\/la-reprise-de-votre-velo\/"]}]},{"@type":"BreadcrumbList","@id":"https:\/\/www.larouelibre.fr\/blog\/la-reprise-de-votre-velo\/#breadcrumb","itemListElement":[{"@type":"ListItem","position":1,"name":"Accueil","item":"https:\/\/www.larouelibre.fr\/blog\/"},{"@type":"ListItem","position":2,"name":"La reprise de votre v\u00e9lo"}]},{"@type":"WebSite","@id":"https:\/\/www.larouelibre.fr\/blog\/#website","url":"https:\/\/www.larouelibre.fr\/blog\/","name":"La Roue Libre","description":"Votre sp\u00e9cialiste cycle, v\u00e9lo \u00e9lectrique, vtt, v\u00e9lo route \u00e0 Nice et cagnes sur mer","potentialAction":[{"@type":"SearchAction","target":{"@type":"EntryPoint","urlTemplate":"https:\/\/www.larouelibre.fr\/blog\/?s={search_term_string}"},"query-input":{"@type":"PropertyValueSpecification","valueRequired":true,"valueName":"search_term_string"}}],"inLanguage":"fr-FR"}]}},"jetpack_sharing_enabled":true,"jetpack_shortlink":"https:\/\/wp.me\/P7po7v-605","jetpack-related-posts":[{"id":16139,"url":"https:\/\/www.larouelibre.fr\/blog\/reprise\/","url_meta":{"origin":23069,"position":0},"title":"Reprise","author":"La Roue Libre","date":"18 mai 2017","format":false,"excerpt":"[ux_image id=\"12776\"] [gap height=\"60px\"] Vous voulez changer de v\u00e9lo et ne savez pas quoi faire de votre v\u00e9lo actuel? Il peut vous rapporter de l\u2019argent\u2026 Et oui votre r\u00e9seau de magasins La Roue Libre de Nice \u00e0 Cagnes-sur-mer rach\u00e8te votre v\u00e9lo \u00e0 sa valeur sur le march\u00e9 de l\u2019occasion! VTT,\u2026","rel":"","context":"Article similaire","block_context":{"text":"Article similaire","link":""},"img":{"alt_text":"","src":"","width":0,"height":0},"classes":[]},{"id":16022,"url":"https:\/\/www.larouelibre.fr\/blog\/velo-electrique\/sav\/","url_meta":{"origin":23069,"position":1},"title":"SAV","author":"La Roue Libre","date":"25 avril 2017","format":false,"excerpt":"La Roue Libre est depuis 13 ans le sp\u00e9cialiste du v\u00e9lo \u00e0 assistance \u00e9lectrique dans les Alpes Maritimes. Fort de son exp\u00e9rience dans le domaine, La Roue Libre s\u2019est sp\u00e9cialis\u00e9e dans la r\u00e9paration des v\u00e9los \u00e0 assistance \u00e9lectriques toutes marques en effectuant le service apr\u00e8s vente en magasin avec des\u2026","rel":"","context":"Article similaire","block_context":{"text":"Article similaire","link":""},"img":{"alt_text":"","src":"","width":0,"height":0},"classes":[]},{"id":23201,"url":"https:\/\/www.larouelibre.fr\/blog\/assurance-velo-garantie-vol\/","url_meta":{"origin":23069,"position":2},"title":"Assurance v\u00e9lo &#8211; Garantie vol","author":"La Roue Libre","date":"29 octobre 2024","format":false,"excerpt":"Bicytrust, la couverture vol et casse de votre v\u00e9lo adapt\u00e9e \u00e0 votre besoin. Pens\u00e9e pour et avec des cyclistes, l\u2019assurance vol et casse Bicytrust r\u00e9pond \u00e0 votre besoin de protection au quotidien. Vous aimez votre v\u00e9lo et vous l\u2019utilisez r\u00e9guli\u00e8rement pour un usage v\u00e9lotaf ou pour vos loisirs ? Vous\u2026","rel":"","context":"Article similaire","block_context":{"text":"Article similaire","link":""},"img":{"alt_text":"","src":"https:\/\/i0.wp.com\/www.larouelibre.fr\/blog\/wp-content\/uploads\/2024\/06\/moustache2024-jeremie-reuiller-1931-750x500-1.jpg?resize=350%2C200&ssl=1","width":350,"height":200,"srcset":"https:\/\/i0.wp.com\/www.larouelibre.fr\/blog\/wp-content\/uploads\/2024\/06\/moustache2024-jeremie-reuiller-1931-750x500-1.jpg?resize=350%2C200&ssl=1 1x, https:\/\/i0.wp.com\/www.larouelibre.fr\/blog\/wp-content\/uploads\/2024\/06\/moustache2024-jeremie-reuiller-1931-750x500-1.jpg?resize=525%2C300&ssl=1 1.5x, https:\/\/i0.wp.com\/www.larouelibre.fr\/blog\/wp-content\/uploads\/2024\/06\/moustache2024-jeremie-reuiller-1931-750x500-1.jpg?resize=700%2C400&ssl=1 2x"},"classes":[]},{"id":16125,"url":"https:\/\/www.larouelibre.fr\/blog\/velo-electrique\/subventions-credits-impot\/","url_meta":{"origin":23069,"position":3},"title":"Subventions | Cr\u00e9dits Imp\u00f4t","author":"La Roue Libre","date":"18 mai 2017","format":false,"excerpt":"SUBVENTIONS: AIDE DE L'ETAT La subvention VAE:\u00a0Il s'agit d'une aide financi\u00e8re propos\u00e9e par l'Etat fran\u00e7ais lors de l'achat d'un V\u00e9lo \u00e0 assistance \u00e9lectrique pouvant absorber jusqu'\u00e0 33% du prix d'acquisition du VAE. Cette subvention fait partie de la loi relative \u00e0 la\u00a0transition \u00e9cologique, l'Etat encourageant\u00a0tous les Fran\u00e7ais \u00e0 modifier leurs\u2026","rel":"","context":"Article similaire","block_context":{"text":"Article similaire","link":""},"img":{"alt_text":"","src":"","width":0,"height":0},"classes":[]},{"id":15969,"url":"https:\/\/www.larouelibre.fr\/blog\/location-vtt-electrique-nice\/","url_meta":{"origin":23069,"position":4},"title":"Location VAE Electric Bike Hire","author":"La Roue Libre","date":"13 avril 2017","format":false,"excerpt":"Vous souhaitez louer un VTT \u00e9lectrique pour essayer ou simplement pour passer un week-end en montagne? C'est possible! En location \u00e0 partir de 80 euros, les Cube Stereo Hybrid One 77 sont disponibles en plusieurs tailles. Et bonne nouvelle, si apr\u00e8s cette location vous d\u00e9cidez d'acheter un v\u00e9lo \u00e9lectrique neuf\u2026","rel":"","context":"Article similaire","block_context":{"text":"Article similaire","link":""},"img":{"alt_text":"","src":"https:\/\/i0.wp.com\/www.larouelibre.fr\/blog\/wp-content\/uploads\/2025\/06\/synqup_803400_360I_00_1920x1920-1.jpg?resize=350%2C200&ssl=1","width":350,"height":200,"srcset":"https:\/\/i0.wp.com\/www.larouelibre.fr\/blog\/wp-content\/uploads\/2025\/06\/synqup_803400_360I_00_1920x1920-1.jpg?resize=350%2C200&ssl=1 1x, https:\/\/i0.wp.com\/www.larouelibre.fr\/blog\/wp-content\/uploads\/2025\/06\/synqup_803400_360I_00_1920x1920-1.jpg?resize=525%2C300&ssl=1 1.5x, https:\/\/i0.wp.com\/www.larouelibre.fr\/blog\/wp-content\/uploads\/2025\/06\/synqup_803400_360I_00_1920x1920-1.jpg?resize=700%2C400&ssl=1 2x"},"classes":[]},{"id":16046,"url":"https:\/\/www.larouelibre.fr\/blog\/location\/nos-modeles\/","url_meta":{"origin":23069,"position":5},"title":"Nos mod\u00e8les","author":"La Roue Libre","date":"18 mai 2017","format":false,"excerpt":"La Roue Libre met \u00e0 votre disposition un programme de location de cycles. Vous pouvez ainsi louer un v\u00e9lo de route ou un vtt \u00e9lectrique par jour ou \u00e0 la semaine! Un Lapierre Xelius SL et des Cube Stereo Hybrid One 77 sont mis \u00e0 votre disposition. Et nouveaut\u00e9 cette\u2026","rel":"","context":"Article similaire","block_context":{"text":"Article similaire","link":""},"img":{"alt_text":"","src":"https:\/\/i0.wp.com\/www.larouelibre.fr\/blog\/wp-content\/uploads\/2025\/06\/synqup_803400_360I_00_1920x1920-2.jpg?resize=350%2C200&ssl=1","width":350,"height":200,"srcset":"https:\/\/i0.wp.com\/www.larouelibre.fr\/blog\/wp-content\/uploads\/2025\/06\/synqup_803400_360I_00_1920x1920-2.jpg?resize=350%2C200&ssl=1 1x, https:\/\/i0.wp.com\/www.larouelibre.fr\/blog\/wp-content\/uploads\/2025\/06\/synqup_803400_360I_00_1920x1920-2.jpg?resize=525%2C300&ssl=1 1.5x, https:\/\/i0.wp.com\/www.larouelibre.fr\/blog\/wp-content\/uploads\/2025\/06\/synqup_803400_360I_00_1920x1920-2.jpg?resize=700%2C400&ssl=1 2x"},"classes":[]}],"_links":{"self":[{"href":"https:\/\/www.larouelibre.fr\/blog\/wp-json\/wp\/v2\/pages\/23069","targetHints":{"allow":["GET"]}}],"collection":[{"href":"https:\/\/www.larouelibre.fr\/blog\/wp-json\/wp\/v2\/pages"}],"about":[{"href":"https:\/\/www.larouelibre.fr\/blog\/wp-json\/wp\/v2\/types\/page"}],"author":[{"embeddable":true,"href":"https:\/\/www.larouelibre.fr\/blog\/wp-json\/wp\/v2\/users\/1"}],"replies":[{"embeddable":true,"href":"https:\/\/www.larouelibre.fr\/blog\/wp-json\/wp\/v2\/comments?post=23069"}],"version-history":[{"count":4,"href":"https:\/\/www.larouelibre.fr\/blog\/wp-json\/wp\/v2\/pages\/23069\/revisions"}],"predecessor-version":[{"id":23075,"href":"https:\/\/www.larouelibre.fr\/blog\/wp-json\/wp\/v2\/pages\/23069\/revisions\/23075"}],"wp:attachment":[{"href":"https:\/\/www.larouelibre.fr\/blog\/wp-json\/wp\/v2\/media?parent=23069"}],"curies":[{"name":"wp","href":"https:\/\/api.w.org\/{rel}","templated":true}]}}