{"id":19438,"date":"2018-05-18T11:21:47","date_gmt":"2018-05-18T09:21:47","guid":{"rendered":"http:\/\/www.larouelibre.fr\/?page_id=19438"},"modified":"2018-05-18T11:26:43","modified_gmt":"2018-05-18T09:26:43","slug":"chaussures","status":"publish","type":"page","link":"https:\/\/www.larouelibre.fr\/blog\/produits\/chaussures\/","title":{"rendered":"Chaussures"},"content":{"rendered":"<p>[ux_product_categories columns=\u00a0\u00bb2&Prime; ids=\u00a0\u00bb155,156&Prime;]<\/p>\n","protected":false},"excerpt":{"rendered":"<p>[ux_product_categories columns=\u00a0\u00bb2&Prime; ids=\u00a0\u00bb155,156&Prime;]<\/p>\n","protected":false},"author":1,"featured_media":0,"parent":15853,"menu_order":0,"comment_status":"closed","ping_status":"closed","template":"","meta":{"jetpack_post_was_ever_published":false,"footnotes":""},"class_list":["post-19438","page","type-page","status-publish"],"yoast_head":"<!-- This site is optimized with the Yoast SEO plugin v26.5 - https:\/\/yoast.com\/wordpress\/plugins\/seo\/ -->\n<title>Chaussures - La Roue Libre<\/title>\n<meta name=\"robots\" content=\"index, follow, max-snippet:-1, max-image-preview:large, max-video-preview:-1\" \/>\n<link rel=\"canonical\" href=\"https:\/\/www.larouelibre.fr\/blog\/produits\/chaussures\/\" \/>\n<meta property=\"og:locale\" content=\"fr_FR\" \/>\n<meta property=\"og:type\" content=\"article\" \/>\n<meta property=\"og:title\" content=\"Chaussures - La Roue Libre\" \/>\n<meta property=\"og:description\" content=\"[ux_product_categories columns=\u00a0\u00bb2&Prime; ids=\u00a0\u00bb155,156&Prime;]\" \/>\n<meta property=\"og:url\" content=\"https:\/\/www.larouelibre.fr\/blog\/produits\/chaussures\/\" \/>\n<meta property=\"og:site_name\" content=\"La Roue Libre\" \/>\n<meta property=\"article:modified_time\" content=\"2018-05-18T09:26:43+00:00\" \/>\n<meta name=\"twitter:card\" content=\"summary_large_image\" \/>\n<script type=\"application\/ld+json\" class=\"yoast-schema-graph\">{\"@context\":\"https:\/\/schema.org\",\"@graph\":[{\"@type\":\"WebPage\",\"@id\":\"https:\/\/www.larouelibre.fr\/blog\/produits\/chaussures\/\",\"url\":\"https:\/\/www.larouelibre.fr\/blog\/produits\/chaussures\/\",\"name\":\"Chaussures - La Roue Libre\",\"isPartOf\":{\"@id\":\"https:\/\/www.larouelibre.fr\/blog\/#website\"},\"datePublished\":\"2018-05-18T09:21:47+00:00\",\"dateModified\":\"2018-05-18T09:26:43+00:00\",\"breadcrumb\":{\"@id\":\"https:\/\/www.larouelibre.fr\/blog\/produits\/chaussures\/#breadcrumb\"},\"inLanguage\":\"fr-FR\",\"potentialAction\":[{\"@type\":\"ReadAction\",\"target\":[\"https:\/\/www.larouelibre.fr\/blog\/produits\/chaussures\/\"]}]},{\"@type\":\"BreadcrumbList\",\"@id\":\"https:\/\/www.larouelibre.fr\/blog\/produits\/chaussures\/#breadcrumb\",\"itemListElement\":[{\"@type\":\"ListItem\",\"position\":1,\"name\":\"Accueil\",\"item\":\"https:\/\/www.larouelibre.fr\/blog\/\"},{\"@type\":\"ListItem\",\"position\":2,\"name\":\"Produits\",\"item\":\"https:\/\/www.larouelibre.fr\/blog\/produits\/\"},{\"@type\":\"ListItem\",\"position\":3,\"name\":\"Chaussures\"}]},{\"@type\":\"WebSite\",\"@id\":\"https:\/\/www.larouelibre.fr\/blog\/#website\",\"url\":\"https:\/\/www.larouelibre.fr\/blog\/\",\"name\":\"La Roue Libre\",\"description\":\"Votre sp\u00e9cialiste cycle, v\u00e9lo \u00e9lectrique, vtt, v\u00e9lo route \u00e0 Nice et cagnes sur mer\",\"potentialAction\":[{\"@type\":\"SearchAction\",\"target\":{\"@type\":\"EntryPoint\",\"urlTemplate\":\"https:\/\/www.larouelibre.fr\/blog\/?s={search_term_string}\"},\"query-input\":{\"@type\":\"PropertyValueSpecification\",\"valueRequired\":true,\"valueName\":\"search_term_string\"}}],\"inLanguage\":\"fr-FR\"}]}<\/script>\n<!-- \/ Yoast SEO plugin. -->","yoast_head_json":{"title":"Chaussures - La Roue Libre","robots":{"index":"index","follow":"follow","max-snippet":"max-snippet:-1","max-image-preview":"max-image-preview:large","max-video-preview":"max-video-preview:-1"},"canonical":"https:\/\/www.larouelibre.fr\/blog\/produits\/chaussures\/","og_locale":"fr_FR","og_type":"article","og_title":"Chaussures - La Roue Libre","og_description":"[ux_product_categories columns=\u00a0\u00bb2&Prime; ids=\u00a0\u00bb155,156&Prime;]","og_url":"https:\/\/www.larouelibre.fr\/blog\/produits\/chaussures\/","og_site_name":"La Roue Libre","article_modified_time":"2018-05-18T09:26:43+00:00","twitter_card":"summary_large_image","schema":{"@context":"https:\/\/schema.org","@graph":[{"@type":"WebPage","@id":"https:\/\/www.larouelibre.fr\/blog\/produits\/chaussures\/","url":"https:\/\/www.larouelibre.fr\/blog\/produits\/chaussures\/","name":"Chaussures - La Roue Libre","isPartOf":{"@id":"https:\/\/www.larouelibre.fr\/blog\/#website"},"datePublished":"2018-05-18T09:21:47+00:00","dateModified":"2018-05-18T09:26:43+00:00","breadcrumb":{"@id":"https:\/\/www.larouelibre.fr\/blog\/produits\/chaussures\/#breadcrumb"},"inLanguage":"fr-FR","potentialAction":[{"@type":"ReadAction","target":["https:\/\/www.larouelibre.fr\/blog\/produits\/chaussures\/"]}]},{"@type":"BreadcrumbList","@id":"https:\/\/www.larouelibre.fr\/blog\/produits\/chaussures\/#breadcrumb","itemListElement":[{"@type":"ListItem","position":1,"name":"Accueil","item":"https:\/\/www.larouelibre.fr\/blog\/"},{"@type":"ListItem","position":2,"name":"Produits","item":"https:\/\/www.larouelibre.fr\/blog\/produits\/"},{"@type":"ListItem","position":3,"name":"Chaussures"}]},{"@type":"WebSite","@id":"https:\/\/www.larouelibre.fr\/blog\/#website","url":"https:\/\/www.larouelibre.fr\/blog\/","name":"La Roue Libre","description":"Votre sp\u00e9cialiste cycle, v\u00e9lo \u00e9lectrique, vtt, v\u00e9lo route \u00e0 Nice et cagnes sur mer","potentialAction":[{"@type":"SearchAction","target":{"@type":"EntryPoint","urlTemplate":"https:\/\/www.larouelibre.fr\/blog\/?s={search_term_string}"},"query-input":{"@type":"PropertyValueSpecification","valueRequired":true,"valueName":"search_term_string"}}],"inLanguage":"fr-FR"}]}},"jetpack_sharing_enabled":true,"jetpack_shortlink":"https:\/\/wp.me\/P7po7v-53w","jetpack-related-posts":[{"id":15853,"url":"https:\/\/www.larouelibre.fr\/blog\/produits\/","url_meta":{"origin":19438,"position":0},"title":"Produits","author":"La Roue Libre","date":"11 avril 2017","format":false,"excerpt":"Retrouvez tous nos v\u00e9los \u00e9lectriques, nos produits en promos et fins de s\u00e9ries dans nos magasins de Nice et Cagnes-sur-mer \u00a0 [ux_product_categories style=\"normal\" type=\"row\" columns=\"3\" ids=\"142,39,49\"] [ux_product_categories style=\"normal\" type=\"row\" columns=\"3\" ids=\"86,21,22\"] [ux_product_categories style=\"normal\" type=\"row\" columns=\"3\" ids=\"25,137,38\"] [ux_product_categories style=\"normal\" type=\"row\" columns=\"3\" ids=\"160,40,135\"]","rel":"","context":"Article similaire","block_context":{"text":"Article similaire","link":""},"img":{"alt_text":"","src":"","width":0,"height":0},"classes":[]},{"id":19428,"url":"https:\/\/www.larouelibre.fr\/blog\/produits-specifiques-vae\/","url_meta":{"origin":19438,"position":1},"title":"Produits sp\u00e9cifiques VAE","author":"La Roue Libre","date":"18 mai 2018","format":false,"excerpt":"[ux_product_categories style=\"default\" columns=\"3\" ids=\"161,157,158\" image_overlay=\"rgba(58, 58, 58, 0.26)\"] [ux_product_categories style=\"default\" columns=\"3\" ids=\"159,162,163\" image_overlay=\"rgba(58, 58, 58, 0.26)\"] [ux_product_categories style=\"default\" columns=\"3\" ids=\"160\" image_overlay=\"rgba(58, 58, 58, 0.26)\"]","rel":"","context":"Article similaire","block_context":{"text":"Article similaire","link":""},"img":{"alt_text":"","src":"","width":0,"height":0},"classes":[]},{"id":15924,"url":"https:\/\/www.larouelibre.fr\/blog\/occasions\/","url_meta":{"origin":19438,"position":2},"title":"Occasions","author":"La Roue Libre","date":"13 avril 2017","format":false,"excerpt":"Retrouvez toutes les occasions disponibles dans nos magasins de Nice et Cagnes-sur-mer \u00a0 [ux_product_categories style=\"normal\" type=\"row\" columns=\"3\" ids=\"30,31,17\"] [ux_product_categories style=\"normal\" type=\"row\" columns=\"3\" ids=\"28,19,18\"]","rel":"","context":"Article similaire","block_context":{"text":"Article similaire","link":""},"img":{"alt_text":"","src":"","width":0,"height":0},"classes":[]},{"id":20296,"url":"https:\/\/www.larouelibre.fr\/blog\/atelier\/reglage-cales-chaussures\/","url_meta":{"origin":19438,"position":3},"title":"R\u00e9glage cales chaussures","author":"La Roue Libre","date":"30 novembre 2018","format":false,"excerpt":"Votre atelier La Roue Libre Nice vous propose une \u00e9tude MorphoLogics ML Cleat pour obtenir le r\u00e9glage id\u00e9al de vos cales de chaussures cyclistes. Que ce soit pour la route ou le vtt, une \u00e9tude est possible au tarif unique de\u00a030\u20ac. \u00a0Pr\u00e9sentation du MorphoLogics ML Cleat\u00a0 L\u2019appareil ML Cleat \u00ae,\u2026","rel":"","context":"Article similaire","block_context":{"text":"Article similaire","link":""},"img":{"alt_text":"","src":"https:\/\/i0.wp.com\/www.larouelibre.fr\/blog\/wp-content\/uploads\/2018\/11\/morphologics_image.jpg?resize=350%2C200&ssl=1","width":350,"height":200,"srcset":"https:\/\/i0.wp.com\/www.larouelibre.fr\/blog\/wp-content\/uploads\/2018\/11\/morphologics_image.jpg?resize=350%2C200&ssl=1 1x, https:\/\/i0.wp.com\/www.larouelibre.fr\/blog\/wp-content\/uploads\/2018\/11\/morphologics_image.jpg?resize=525%2C300&ssl=1 1.5x, https:\/\/i0.wp.com\/www.larouelibre.fr\/blog\/wp-content\/uploads\/2018\/11\/morphologics_image.jpg?resize=700%2C400&ssl=1 2x, https:\/\/i0.wp.com\/www.larouelibre.fr\/blog\/wp-content\/uploads\/2018\/11\/morphologics_image.jpg?resize=1050%2C600&ssl=1 3x"},"classes":[]},{"id":16072,"url":"https:\/\/www.larouelibre.fr\/blog\/contact\/roue-libre\/","url_meta":{"origin":19438,"position":4},"title":"Contact Roue Libre","author":"La Roue Libre","date":"18 mai 2017","format":false,"excerpt":"[map height=\"378px\" lat=\"43.7025678\" long=\"7.2848023\" zoom=\"16\" content_enable=\"0\" content_bg=\"rgb(255, 255, 255)\" content_width__sm=\"100\" content_width__md=\"40\" position_x=\"100\" position_x__sm=\"100\" position_y__sm=\"100\" color=\"#739bbf\"] [\/map] [gap] [title style=\"center\" text=\"La Roue Libre Nice\" size=\"172\"] [row] [col span=\"6\" span__sm=\"6\"] Adresse 20 Boulevard Arm\u00e9e des Alpes 06300 Nice Horaires d'ouverture LUNDI: 14H30-19H00 MARDI-SAMEDI: 9H00-12H00 | 14H30-19H00 [\/col] [col span=\"6\" span__sm=\"6\"] Nous contacter\u2026","rel":"","context":"Article similaire","block_context":{"text":"Article similaire","link":""},"img":{"alt_text":"","src":"","width":0,"height":0},"classes":[]},{"id":16108,"url":"https:\/\/www.larouelibre.fr\/blog\/contact\/roue-libre-cagnes-sur-mer\/","url_meta":{"origin":19438,"position":5},"title":"Contact Roue Cagnes","author":"La Roue Libre","date":"18 mai 2017","format":false,"excerpt":"[map height=\"378px\" lat=\"43.657075\" long=\"7.144898\" zoom=\"16\" content_enable=\"0\" content_bg=\"rgb(255, 255, 255)\" content_width__sm=\"100\" content_width__md=\"40\" position_x=\"100\" position_x__sm=\"100\" position_y__sm=\"100\" color=\"#739bbf\"] [\/map] [gap] [title style=\"center\" text=\"La Roue Libre Cagnes-Sur-Mer\" size=\"172\"] [row] [col span=\"6\" span__sm=\"6\"] Adresse 15 Avenue de Grasse 06800 Cagnes-sur-Mer Horaires d'ouverture LUNDI: Ferm\u00e9 MARDI-SAMEDI:\u00a08H30-12H00 | 14H30-19H00 [\/col] [col span=\"6\" span__sm=\"6\"] Nous contacter par t\u00e9l\u00e9phone\u2026","rel":"","context":"Article similaire","block_context":{"text":"Article similaire","link":""},"img":{"alt_text":"","src":"","width":0,"height":0},"classes":[]}],"_links":{"self":[{"href":"https:\/\/www.larouelibre.fr\/blog\/wp-json\/wp\/v2\/pages\/19438","targetHints":{"allow":["GET"]}}],"collection":[{"href":"https:\/\/www.larouelibre.fr\/blog\/wp-json\/wp\/v2\/pages"}],"about":[{"href":"https:\/\/www.larouelibre.fr\/blog\/wp-json\/wp\/v2\/types\/page"}],"author":[{"embeddable":true,"href":"https:\/\/www.larouelibre.fr\/blog\/wp-json\/wp\/v2\/users\/1"}],"replies":[{"embeddable":true,"href":"https:\/\/www.larouelibre.fr\/blog\/wp-json\/wp\/v2\/comments?post=19438"}],"version-history":[{"count":2,"href":"https:\/\/www.larouelibre.fr\/blog\/wp-json\/wp\/v2\/pages\/19438\/revisions"}],"predecessor-version":[{"id":19442,"href":"https:\/\/www.larouelibre.fr\/blog\/wp-json\/wp\/v2\/pages\/19438\/revisions\/19442"}],"up":[{"embeddable":true,"href":"https:\/\/www.larouelibre.fr\/blog\/wp-json\/wp\/v2\/pages\/15853"}],"wp:attachment":[{"href":"https:\/\/www.larouelibre.fr\/blog\/wp-json\/wp\/v2\/media?parent=19438"}],"curies":[{"name":"wp","href":"https:\/\/api.w.org\/{rel}","templated":true}]}}