{"id":16129,"date":"2017-05-18T17:15:34","date_gmt":"2017-05-18T15:15:34","guid":{"rendered":"http:\/\/localhost\/larouelibreNew\/?page_id=16129"},"modified":"2023-10-10T10:29:15","modified_gmt":"2023-10-10T08:29:15","slug":"nous-rejoindre","status":"publish","type":"page","link":"https:\/\/www.larouelibre.fr\/blog\/contact\/nous-rejoindre\/","title":{"rendered":"Nous Rejoindre"},"content":{"rendered":"\n<h2 class=\"wp-block-heading has-text-align-center\"><strong>LA ROUE LIBRE NICE<\/strong><\/h2>\n\n\n\n<hr class=\"wp-block-separator has-css-opacity\"\/>\n\n\n\n<h4 class=\"wp-block-heading has-text-align-center\">20 Boulevard Arm\u00e9e des Alpes 06300 NICE<\/h4>\n\n\n\n<hr class=\"wp-block-separator has-css-opacity\"\/>\n\n\n\n<h2 class=\"wp-block-heading has-text-align-center\">En Tramway<\/h2>\n\n\n\n<p class=\"has-text-align-justify\">Au D\u00e9part du Parcazur HENRI SAPPIA ou Parcazur PONT MICHEL \u2013 Possibilit\u00e9 de laisser son v\u00e9hicule gratuitement au parcasur HENRI SAPPIA ou PONT MICHEL pour tout achat d\u2019un pass Parcazur Aller\/Retour (tarif 3\u20ac) ou d\u2019une carte multi \u2013 10 voyages (tarif 10\u20ac).<\/p>\n\n\n\n<p class=\"has-text-align-center\">Arr\u00eat Station \u00ab&nbsp;Vauban&nbsp;\u00bb puis prendre l\u2019avenue des Diables Bleus<\/p>\n\n\n\n<p class=\"has-text-align-center\">Plus d\u2019informations sur le site de la&nbsp;<a href=\"https:\/\/www.nice.fr\/fr\/transports-et-deplacements\" target=\"_blank\" rel=\"noreferrer noopener\">Ville de Nice<\/a><\/p>\n\n\n\n<hr class=\"wp-block-separator has-css-opacity\"\/>\n\n\n\n<h2 class=\"wp-block-heading has-text-align-center\">En voiture<\/h2>\n\n\n\n<p class=\"has-text-align-justify\">Si vous ne trouvez pas de places de parking sur le Boulevard Arm\u00e9e des Alpes, le parking Saint Jean d\u2019Ang\u00e9ly avec stationnement gratuit est disponible au 24 avenue des Diables Bleus<\/p>\n\n\n\n<p class=\"has-text-align-justify\">Pour les utilisateurs du tramway, le parking Parcazur Vauban est disponible au 66 rue de Roquebilli\u00e8re. Avec 361 place, situ\u00e9 dans le nouveau quartier de Saint-Jean d\u2019Ang\u00e9ly, il est reli\u00e9 directement \u00e0 la station \u00ab&nbsp;Vauban&nbsp;\u00bb. En sortant vous trouverez notre magasin au bout de l\u2019avenue des Diables Bleus.<\/p>\n\n\n\n<hr class=\"wp-block-separator has-css-opacity\"\/>\n\n\n\n<h2 class=\"wp-block-heading has-text-align-center\">En bus<\/h2>\n\n\n\n<p class=\"has-text-align-center\">Ligne pour nous rejoindre: 84 arr\u00eat \u00ab&nbsp;Grande Corniche&nbsp;\u00bb<\/p>\n\n\n\n<p class=\"has-text-align-justify\">Retrouvez toutes les infos et les horaires des Bus en fonction de votre lieu de d\u00e9part sur le site de la <a href=\"http:\/\/www.nice.fr\/fr\/\" target=\"_blank\" rel=\"noreferrer noopener\">Ville de Nice<\/a><\/p>\n\n\n\n<hr class=\"wp-block-separator has-css-opacity\"\/>\n\n\n\n<h2 class=\"wp-block-heading has-text-align-center\">A v\u00e9lo<\/h2>\n\n\n\n<p class=\"has-text-align-justify\">Un parking r\u00e9serv\u00e9 aux cycles vous attends en magasin! Vous pouvez aussi <a href=\"https:\/\/niceavelo.org\/cartes-participatives\/\" target=\"_blank\" rel=\"noreferrer noopener\">la carte participative de l&rsquo;association Nice \u00e0 V\u00e9lo<\/a> qui aide les ni\u00e7ois \u00e0 se d\u00e9placer \u00e0 v\u00e9lo. Toutes les pistes cyclables et les parkings v\u00e9los y sont recens\u00e9s ainsi que les difficult\u00e9s rencontr\u00e9s sur la route. Une belle initiative soutenue par nos magasins La Roue Libre! <\/p>\n\n\n\n<div style=\"height:71px\" aria-hidden=\"true\" class=\"wp-block-spacer\"><\/div>\n\n\n\n<h2 class=\"wp-block-heading has-text-align-center\"><strong>LA ROUE LIBRE CAGNES<\/strong><\/h2>\n\n\n\n<hr class=\"wp-block-separator has-css-opacity\"\/>\n\n\n\n<h4 class=\"wp-block-heading has-text-align-center\">15 Avenue de Grasse 06800 CAGNES-SUR-MER<\/h4>\n\n\n\n<hr class=\"wp-block-separator has-css-opacity\"\/>\n\n\n\n<h2 class=\"wp-block-heading has-text-align-center\">En voiture<\/h2>\n\n\n\n<hr class=\"wp-block-separator has-css-opacity\"\/>\n\n\n\n<p class=\"has-text-align-justify\">Un parking public (Zone Rouge) situ\u00e9 devant le magasin et parking public (Zone Jaune) situ\u00e9 de l\u2019autre c\u00f4t\u00e9 de la voie sont \u00e0 votre disposition<\/p>\n\n\n\n<p class=\"has-text-align-center\">TARIFS: Zone Rouge 1\u20ac l\u2019heure | Zone Jaune 1\u20ac la demi-journ\u00e9e<\/p>\n\n\n\n<p class=\"has-text-align-center\">Plus d\u2019infos sur le&nbsp;<a href=\"http:\/\/www.cagnes-tourisme.com\/fr\/informations-pratiques\/venir-a-cagnes-sur-mer\/stationnement.html\">site de l\u2019office du tourisme de Cagnes sur Mer<\/a><\/p>\n\n\n\n<hr class=\"wp-block-separator has-css-opacity\"\/>\n\n\n\n<h2 class=\"wp-block-heading has-text-align-center\">En bus<\/h2>\n\n\n\n<p class=\"has-text-align-center\">Les Lignes pour nous rejoindre: 200 (de Nice) | 217 ( de Villeneuve-Loubet)<\/p>\n\n\n\n<p class=\"has-text-align-center\">Descendre \u00e0 l\u2019arr\u00eat GARE SNCF CAGNES SUR MER | Continuer sur l\u2019Avenue de la Gare (100m vers l\u2019ouest) | Prendre \u00e0 droite Avenue de Grasse jusqu\u2019au n\u00b015 (200m)<\/p>\n\n\n\n<p class=\"has-text-align-center\">Retrouvez toutes les infos et les horaires des Bus en fonction de votre lieu de d\u00e9part sur le&nbsp;<a href=\"http:\/\/www.lignesdazur.com\/lieupublic\/?rub_code=10&amp;thm_id=269&amp;lp_id=51439\">site Lignes d\u2019Azur<\/a><\/p>\n\n\n\n<hr class=\"wp-block-separator has-css-opacity\"\/>\n\n\n\n<h2 class=\"wp-block-heading has-text-align-center\">En train<\/h2>\n\n\n\n<p class=\"has-text-align-justify\">TER en partance de Nice, Saint-Laurent du Var, Antibes , Cannes, Mandelieu-la-Napoule<\/p>\n\n\n\n<p class=\"has-text-align-justify\">Descendre \u00e0 l\u2019arr\u00eat GARE SNCF CAGNES SUR MER | Continuer sur l\u2019Avenue de la Gare (100m vers l\u2019ouest) | Prendre \u00e0 droite Avenue de Grasse jusqu\u2019au n\u00b015 (200m)<\/p>\n\n\n\n<p class=\"has-text-align-center\">Retrouvez toutes les infos et les horaires des trains en fonction de votre lieu de d\u00e9part sur le&nbsp;<a href=\"http:\/\/www.ter.sncf.com\/paca\/gares\/87756320\/gare%20de%20Cagnes-sur-Mer\/prochains-departs\">site de la sncf<\/a><\/p>\n\n\n\n<hr class=\"wp-block-separator has-css-opacity\"\/>\n\n\n\n<h2 class=\"wp-block-heading has-text-align-center\">A v\u00e9lo<\/h2>\n\n\n\n<p class=\"has-text-align-center\">Un parking r\u00e9serv\u00e9 aux cycles vous attends en magasin!<\/p>\n","protected":false},"excerpt":{"rendered":"<p>LA ROUE LIBRE NICE 20 Boulevard Arm\u00e9e des Alpes 06300 NICE En Tramway Au D\u00e9part du Parcazur HENRI SAPPIA ou Parcazur PONT MICHEL \u2013 Possibilit\u00e9 de laisser son v\u00e9hicule gratuitement au parcasur HENRI SAPPIA ou PONT MICHEL pour tout achat d\u2019un pass Parcazur Aller\/Retour (tarif 3\u20ac) ou d\u2019une carte multi \u2013 10 voyages (tarif 10\u20ac). [&hellip;]<\/p>\n","protected":false},"author":1,"featured_media":0,"parent":15865,"menu_order":0,"comment_status":"closed","ping_status":"closed","template":"","meta":{"jetpack_post_was_ever_published":false,"footnotes":""},"class_list":["post-16129","page","type-page","status-publish"],"yoast_head":"<!-- This site is optimized with the Yoast SEO plugin v26.5 - https:\/\/yoast.com\/wordpress\/plugins\/seo\/ -->\n<title>Nous Rejoindre - La Roue Libre<\/title>\n<meta name=\"robots\" content=\"index, follow, max-snippet:-1, max-image-preview:large, max-video-preview:-1\" \/>\n<link rel=\"canonical\" href=\"https:\/\/www.larouelibre.fr\/blog\/contact\/nous-rejoindre\/\" \/>\n<meta property=\"og:locale\" content=\"fr_FR\" \/>\n<meta property=\"og:type\" content=\"article\" \/>\n<meta property=\"og:title\" content=\"Nous Rejoindre - La Roue Libre\" \/>\n<meta property=\"og:description\" content=\"LA ROUE LIBRE NICE 20 Boulevard Arm\u00e9e des Alpes 06300 NICE En Tramway Au D\u00e9part du Parcazur HENRI SAPPIA ou Parcazur PONT MICHEL \u2013 Possibilit\u00e9 de laisser son v\u00e9hicule gratuitement au parcasur HENRI SAPPIA ou PONT MICHEL pour tout achat d\u2019un pass Parcazur Aller\/Retour (tarif 3\u20ac) ou d\u2019une carte multi \u2013 10 voyages (tarif 10\u20ac). [&hellip;]\" \/>\n<meta property=\"og:url\" content=\"https:\/\/www.larouelibre.fr\/blog\/contact\/nous-rejoindre\/\" \/>\n<meta property=\"og:site_name\" content=\"La Roue Libre\" \/>\n<meta property=\"article:modified_time\" content=\"2023-10-10T08:29:15+00:00\" \/>\n<meta name=\"twitter:card\" content=\"summary_large_image\" \/>\n<meta name=\"twitter:label1\" content=\"Dur\u00e9e de lecture estim\u00e9e\" \/>\n\t<meta name=\"twitter:data1\" content=\"3 minutes\" \/>\n<script type=\"application\/ld+json\" class=\"yoast-schema-graph\">{\"@context\":\"https:\/\/schema.org\",\"@graph\":[{\"@type\":\"WebPage\",\"@id\":\"https:\/\/www.larouelibre.fr\/blog\/contact\/nous-rejoindre\/\",\"url\":\"https:\/\/www.larouelibre.fr\/blog\/contact\/nous-rejoindre\/\",\"name\":\"Nous Rejoindre - La Roue Libre\",\"isPartOf\":{\"@id\":\"https:\/\/www.larouelibre.fr\/blog\/#website\"},\"datePublished\":\"2017-05-18T15:15:34+00:00\",\"dateModified\":\"2023-10-10T08:29:15+00:00\",\"breadcrumb\":{\"@id\":\"https:\/\/www.larouelibre.fr\/blog\/contact\/nous-rejoindre\/#breadcrumb\"},\"inLanguage\":\"fr-FR\",\"potentialAction\":[{\"@type\":\"ReadAction\",\"target\":[\"https:\/\/www.larouelibre.fr\/blog\/contact\/nous-rejoindre\/\"]}]},{\"@type\":\"BreadcrumbList\",\"@id\":\"https:\/\/www.larouelibre.fr\/blog\/contact\/nous-rejoindre\/#breadcrumb\",\"itemListElement\":[{\"@type\":\"ListItem\",\"position\":1,\"name\":\"Accueil\",\"item\":\"https:\/\/www.larouelibre.fr\/blog\/\"},{\"@type\":\"ListItem\",\"position\":2,\"name\":\"Contact\",\"item\":\"https:\/\/www.larouelibre.fr\/blog\/contact\/\"},{\"@type\":\"ListItem\",\"position\":3,\"name\":\"Nous Rejoindre\"}]},{\"@type\":\"WebSite\",\"@id\":\"https:\/\/www.larouelibre.fr\/blog\/#website\",\"url\":\"https:\/\/www.larouelibre.fr\/blog\/\",\"name\":\"La Roue Libre\",\"description\":\"Votre sp\u00e9cialiste cycle, v\u00e9lo \u00e9lectrique, vtt, v\u00e9lo route \u00e0 Nice et cagnes sur mer\",\"potentialAction\":[{\"@type\":\"SearchAction\",\"target\":{\"@type\":\"EntryPoint\",\"urlTemplate\":\"https:\/\/www.larouelibre.fr\/blog\/?s={search_term_string}\"},\"query-input\":{\"@type\":\"PropertyValueSpecification\",\"valueRequired\":true,\"valueName\":\"search_term_string\"}}],\"inLanguage\":\"fr-FR\"}]}<\/script>\n<!-- \/ Yoast SEO plugin. -->","yoast_head_json":{"title":"Nous Rejoindre - La Roue Libre","robots":{"index":"index","follow":"follow","max-snippet":"max-snippet:-1","max-image-preview":"max-image-preview:large","max-video-preview":"max-video-preview:-1"},"canonical":"https:\/\/www.larouelibre.fr\/blog\/contact\/nous-rejoindre\/","og_locale":"fr_FR","og_type":"article","og_title":"Nous Rejoindre - La Roue Libre","og_description":"LA ROUE LIBRE NICE 20 Boulevard Arm\u00e9e des Alpes 06300 NICE En Tramway Au D\u00e9part du Parcazur HENRI SAPPIA ou Parcazur PONT MICHEL \u2013 Possibilit\u00e9 de laisser son v\u00e9hicule gratuitement au parcasur HENRI SAPPIA ou PONT MICHEL pour tout achat d\u2019un pass Parcazur Aller\/Retour (tarif 3\u20ac) ou d\u2019une carte multi \u2013 10 voyages (tarif 10\u20ac). [&hellip;]","og_url":"https:\/\/www.larouelibre.fr\/blog\/contact\/nous-rejoindre\/","og_site_name":"La Roue Libre","article_modified_time":"2023-10-10T08:29:15+00:00","twitter_card":"summary_large_image","twitter_misc":{"Dur\u00e9e de lecture estim\u00e9e":"3 minutes"},"schema":{"@context":"https:\/\/schema.org","@graph":[{"@type":"WebPage","@id":"https:\/\/www.larouelibre.fr\/blog\/contact\/nous-rejoindre\/","url":"https:\/\/www.larouelibre.fr\/blog\/contact\/nous-rejoindre\/","name":"Nous Rejoindre - La Roue Libre","isPartOf":{"@id":"https:\/\/www.larouelibre.fr\/blog\/#website"},"datePublished":"2017-05-18T15:15:34+00:00","dateModified":"2023-10-10T08:29:15+00:00","breadcrumb":{"@id":"https:\/\/www.larouelibre.fr\/blog\/contact\/nous-rejoindre\/#breadcrumb"},"inLanguage":"fr-FR","potentialAction":[{"@type":"ReadAction","target":["https:\/\/www.larouelibre.fr\/blog\/contact\/nous-rejoindre\/"]}]},{"@type":"BreadcrumbList","@id":"https:\/\/www.larouelibre.fr\/blog\/contact\/nous-rejoindre\/#breadcrumb","itemListElement":[{"@type":"ListItem","position":1,"name":"Accueil","item":"https:\/\/www.larouelibre.fr\/blog\/"},{"@type":"ListItem","position":2,"name":"Contact","item":"https:\/\/www.larouelibre.fr\/blog\/contact\/"},{"@type":"ListItem","position":3,"name":"Nous Rejoindre"}]},{"@type":"WebSite","@id":"https:\/\/www.larouelibre.fr\/blog\/#website","url":"https:\/\/www.larouelibre.fr\/blog\/","name":"La Roue Libre","description":"Votre sp\u00e9cialiste cycle, v\u00e9lo \u00e9lectrique, vtt, v\u00e9lo route \u00e0 Nice et cagnes sur mer","potentialAction":[{"@type":"SearchAction","target":{"@type":"EntryPoint","urlTemplate":"https:\/\/www.larouelibre.fr\/blog\/?s={search_term_string}"},"query-input":{"@type":"PropertyValueSpecification","valueRequired":true,"valueName":"search_term_string"}}],"inLanguage":"fr-FR"}]}},"jetpack_sharing_enabled":true,"jetpack_shortlink":"https:\/\/wp.me\/P7po7v-4c9","jetpack-related-posts":[{"id":15969,"url":"https:\/\/www.larouelibre.fr\/blog\/location-vtt-electrique-nice\/","url_meta":{"origin":16129,"position":0},"title":"Location VAE Electric Bike Hire","author":"La Roue Libre","date":"13 avril 2017","format":false,"excerpt":"Vous souhaitez louer un VTT \u00e9lectrique pour essayer ou simplement pour passer un week-end en montagne? C'est possible! En location \u00e0 partir de 80 euros, les Cube Stereo Hybrid One 77 sont disponibles en plusieurs tailles. Et bonne nouvelle, si apr\u00e8s cette location vous d\u00e9cidez d'acheter un v\u00e9lo \u00e9lectrique neuf\u2026","rel":"","context":"Article similaire","block_context":{"text":"Article similaire","link":""},"img":{"alt_text":"","src":"https:\/\/i0.wp.com\/www.larouelibre.fr\/blog\/wp-content\/uploads\/2025\/06\/synqup_803400_360I_00_1920x1920-1.jpg?resize=350%2C200&ssl=1","width":350,"height":200,"srcset":"https:\/\/i0.wp.com\/www.larouelibre.fr\/blog\/wp-content\/uploads\/2025\/06\/synqup_803400_360I_00_1920x1920-1.jpg?resize=350%2C200&ssl=1 1x, https:\/\/i0.wp.com\/www.larouelibre.fr\/blog\/wp-content\/uploads\/2025\/06\/synqup_803400_360I_00_1920x1920-1.jpg?resize=525%2C300&ssl=1 1.5x, https:\/\/i0.wp.com\/www.larouelibre.fr\/blog\/wp-content\/uploads\/2025\/06\/synqup_803400_360I_00_1920x1920-1.jpg?resize=700%2C400&ssl=1 2x"},"classes":[]},{"id":16046,"url":"https:\/\/www.larouelibre.fr\/blog\/location\/nos-modeles\/","url_meta":{"origin":16129,"position":1},"title":"Nos mod\u00e8les","author":"La Roue Libre","date":"18 mai 2017","format":false,"excerpt":"La Roue Libre met \u00e0 votre disposition un programme de location de cycles. Vous pouvez ainsi louer un v\u00e9lo de route ou un vtt \u00e9lectrique par jour ou \u00e0 la semaine! Un Lapierre Xelius SL et des Cube Stereo Hybrid One 77 sont mis \u00e0 votre disposition. Et nouveaut\u00e9 cette\u2026","rel":"","context":"Article similaire","block_context":{"text":"Article similaire","link":""},"img":{"alt_text":"","src":"https:\/\/i0.wp.com\/www.larouelibre.fr\/blog\/wp-content\/uploads\/2025\/06\/synqup_803400_360I_00_1920x1920-2.jpg?resize=350%2C200&ssl=1","width":350,"height":200,"srcset":"https:\/\/i0.wp.com\/www.larouelibre.fr\/blog\/wp-content\/uploads\/2025\/06\/synqup_803400_360I_00_1920x1920-2.jpg?resize=350%2C200&ssl=1 1x, https:\/\/i0.wp.com\/www.larouelibre.fr\/blog\/wp-content\/uploads\/2025\/06\/synqup_803400_360I_00_1920x1920-2.jpg?resize=525%2C300&ssl=1 1.5x, https:\/\/i0.wp.com\/www.larouelibre.fr\/blog\/wp-content\/uploads\/2025\/06\/synqup_803400_360I_00_1920x1920-2.jpg?resize=700%2C400&ssl=1 2x"},"classes":[]},{"id":20279,"url":"https:\/\/www.larouelibre.fr\/blog\/atelier\/etude-posturale-bikefitting\/","url_meta":{"origin":16129,"position":2},"title":"Etude Posturale &#8211; Bikefitting","author":"La Roue Libre","date":"29 novembre 2018","format":false,"excerpt":"Pour chaque type d\u2019usage, une bonne position sur le v\u00e9lo est essentielle. C\u2019est la r\u00e9sultante d\u2019un parfait dosage entre puissance, efficacit\u00e9, r\u00e9sistance et confort. Une bonne position peut \u00e9viter les blessures et accro\u00eetre le confort tout en roulant en v\u00e9lo !\u00a0BikeFitting\u00a0a con\u00e7u un concept modulaire pour chaque type de cycliste,\u2026","rel":"","context":"Article similaire","block_context":{"text":"Article similaire","link":""},"img":{"alt_text":"","src":"https:\/\/i0.wp.com\/www.larouelibre.fr\/blog\/wp-content\/uploads\/2018\/11\/image_bikefitting.jpg?fit=1092%2C815&ssl=1&resize=350%2C200","width":350,"height":200,"srcset":"https:\/\/i0.wp.com\/www.larouelibre.fr\/blog\/wp-content\/uploads\/2018\/11\/image_bikefitting.jpg?fit=1092%2C815&ssl=1&resize=350%2C200 1x, https:\/\/i0.wp.com\/www.larouelibre.fr\/blog\/wp-content\/uploads\/2018\/11\/image_bikefitting.jpg?fit=1092%2C815&ssl=1&resize=525%2C300 1.5x, https:\/\/i0.wp.com\/www.larouelibre.fr\/blog\/wp-content\/uploads\/2018\/11\/image_bikefitting.jpg?fit=1092%2C815&ssl=1&resize=700%2C400 2x, https:\/\/i0.wp.com\/www.larouelibre.fr\/blog\/wp-content\/uploads\/2018\/11\/image_bikefitting.jpg?fit=1092%2C815&ssl=1&resize=1050%2C600 3x"},"classes":[]},{"id":23201,"url":"https:\/\/www.larouelibre.fr\/blog\/assurance-velo-garantie-vol\/","url_meta":{"origin":16129,"position":3},"title":"Assurance v\u00e9lo &#8211; Garantie vol","author":"La Roue Libre","date":"29 octobre 2024","format":false,"excerpt":"Bicytrust, la couverture vol et casse de votre v\u00e9lo adapt\u00e9e \u00e0 votre besoin. Pens\u00e9e pour et avec des cyclistes, l\u2019assurance vol et casse Bicytrust r\u00e9pond \u00e0 votre besoin de protection au quotidien. Vous aimez votre v\u00e9lo et vous l\u2019utilisez r\u00e9guli\u00e8rement pour un usage v\u00e9lotaf ou pour vos loisirs ? Vous\u2026","rel":"","context":"Article similaire","block_context":{"text":"Article similaire","link":""},"img":{"alt_text":"","src":"https:\/\/i0.wp.com\/www.larouelibre.fr\/blog\/wp-content\/uploads\/2024\/06\/moustache2024-jeremie-reuiller-1931-750x500-1.jpg?resize=350%2C200&ssl=1","width":350,"height":200,"srcset":"https:\/\/i0.wp.com\/www.larouelibre.fr\/blog\/wp-content\/uploads\/2024\/06\/moustache2024-jeremie-reuiller-1931-750x500-1.jpg?resize=350%2C200&ssl=1 1x, https:\/\/i0.wp.com\/www.larouelibre.fr\/blog\/wp-content\/uploads\/2024\/06\/moustache2024-jeremie-reuiller-1931-750x500-1.jpg?resize=525%2C300&ssl=1 1.5x, https:\/\/i0.wp.com\/www.larouelibre.fr\/blog\/wp-content\/uploads\/2024\/06\/moustache2024-jeremie-reuiller-1931-750x500-1.jpg?resize=700%2C400&ssl=1 2x"},"classes":[]},{"id":20296,"url":"https:\/\/www.larouelibre.fr\/blog\/atelier\/reglage-cales-chaussures\/","url_meta":{"origin":16129,"position":4},"title":"R\u00e9glage cales chaussures","author":"La Roue Libre","date":"30 novembre 2018","format":false,"excerpt":"Votre atelier La Roue Libre Nice vous propose une \u00e9tude MorphoLogics ML Cleat pour obtenir le r\u00e9glage id\u00e9al de vos cales de chaussures cyclistes. Que ce soit pour la route ou le vtt, une \u00e9tude est possible au tarif unique de\u00a030\u20ac. \u00a0Pr\u00e9sentation du MorphoLogics ML Cleat\u00a0 L\u2019appareil ML Cleat \u00ae,\u2026","rel":"","context":"Article similaire","block_context":{"text":"Article similaire","link":""},"img":{"alt_text":"","src":"https:\/\/i0.wp.com\/www.larouelibre.fr\/blog\/wp-content\/uploads\/2018\/11\/morphologics_image.jpg?resize=350%2C200&ssl=1","width":350,"height":200,"srcset":"https:\/\/i0.wp.com\/www.larouelibre.fr\/blog\/wp-content\/uploads\/2018\/11\/morphologics_image.jpg?resize=350%2C200&ssl=1 1x, https:\/\/i0.wp.com\/www.larouelibre.fr\/blog\/wp-content\/uploads\/2018\/11\/morphologics_image.jpg?resize=525%2C300&ssl=1 1.5x, https:\/\/i0.wp.com\/www.larouelibre.fr\/blog\/wp-content\/uploads\/2018\/11\/morphologics_image.jpg?resize=700%2C400&ssl=1 2x, https:\/\/i0.wp.com\/www.larouelibre.fr\/blog\/wp-content\/uploads\/2018\/11\/morphologics_image.jpg?resize=1050%2C600&ssl=1 3x"},"classes":[]},{"id":16072,"url":"https:\/\/www.larouelibre.fr\/blog\/contact\/roue-libre\/","url_meta":{"origin":16129,"position":5},"title":"Contact Roue Libre","author":"La Roue Libre","date":"18 mai 2017","format":false,"excerpt":"[map height=\"378px\" lat=\"43.7025678\" long=\"7.2848023\" zoom=\"16\" content_enable=\"0\" content_bg=\"rgb(255, 255, 255)\" content_width__sm=\"100\" content_width__md=\"40\" position_x=\"100\" position_x__sm=\"100\" position_y__sm=\"100\" color=\"#739bbf\"] [\/map] [gap] [title style=\"center\" text=\"La Roue Libre Nice\" size=\"172\"] [row] [col span=\"6\" span__sm=\"6\"] Adresse 20 Boulevard Arm\u00e9e des Alpes 06300 Nice Horaires d'ouverture LUNDI: 14H30-19H00 MARDI-SAMEDI: 9H00-12H00 | 14H30-19H00 [\/col] [col span=\"6\" span__sm=\"6\"] Nous contacter\u2026","rel":"","context":"Article similaire","block_context":{"text":"Article similaire","link":""},"img":{"alt_text":"","src":"","width":0,"height":0},"classes":[]}],"_links":{"self":[{"href":"https:\/\/www.larouelibre.fr\/blog\/wp-json\/wp\/v2\/pages\/16129","targetHints":{"allow":["GET"]}}],"collection":[{"href":"https:\/\/www.larouelibre.fr\/blog\/wp-json\/wp\/v2\/pages"}],"about":[{"href":"https:\/\/www.larouelibre.fr\/blog\/wp-json\/wp\/v2\/types\/page"}],"author":[{"embeddable":true,"href":"https:\/\/www.larouelibre.fr\/blog\/wp-json\/wp\/v2\/users\/1"}],"replies":[{"embeddable":true,"href":"https:\/\/www.larouelibre.fr\/blog\/wp-json\/wp\/v2\/comments?post=16129"}],"version-history":[{"count":16,"href":"https:\/\/www.larouelibre.fr\/blog\/wp-json\/wp\/v2\/pages\/16129\/revisions"}],"predecessor-version":[{"id":23039,"href":"https:\/\/www.larouelibre.fr\/blog\/wp-json\/wp\/v2\/pages\/16129\/revisions\/23039"}],"up":[{"embeddable":true,"href":"https:\/\/www.larouelibre.fr\/blog\/wp-json\/wp\/v2\/pages\/15865"}],"wp:attachment":[{"href":"https:\/\/www.larouelibre.fr\/blog\/wp-json\/wp\/v2\/media?parent=16129"}],"curies":[{"name":"wp","href":"https:\/\/api.w.org\/{rel}","templated":true}]}}