{"id":16108,"date":"2017-05-18T16:14:39","date_gmt":"2017-05-18T14:14:39","guid":{"rendered":"http:\/\/localhost\/larouelibreNew\/?page_id=16108"},"modified":"2025-10-24T09:37:48","modified_gmt":"2025-10-24T07:37:48","slug":"roue-libre-cagnes-sur-mer","status":"publish","type":"page","link":"https:\/\/www.larouelibre.fr\/blog\/contact\/roue-libre-cagnes-sur-mer\/","title":{"rendered":"Contact Roue Cagnes"},"content":{"rendered":"<p>[map height=\u00a0\u00bb378px\u00a0\u00bb lat=\u00a0\u00bb43.657075&Prime; long=\u00a0\u00bb7.144898&Prime; zoom=\u00a0\u00bb16&Prime; content_enable=\u00a0\u00bb0&Prime; content_bg=\u00a0\u00bbrgb(255, 255, 255)\u00a0\u00bb content_width__sm=\u00a0\u00bb100&Prime; content_width__md=\u00a0\u00bb40&Prime; position_x=\u00a0\u00bb100&Prime; position_x__sm=\u00a0\u00bb100&Prime; position_y__sm=\u00a0\u00bb100&Prime; color=\u00a0\u00bb#739bbf\u00a0\u00bb]<\/p>\n<p>[\/map]<br \/>\n[gap]<\/p>\n<p>[title style=\u00a0\u00bbcenter\u00a0\u00bb text=\u00a0\u00bbLa Roue Libre Cagnes-Sur-Mer\u00a0\u00bb size=\u00a0\u00bb172&Prime;]<\/p>\n<p>[row]<\/p>\n<p>[col span=\u00a0\u00bb6&Prime; span__sm=\u00a0\u00bb6&Prime;]<\/p>\n<h3 style=\"margin-bottom: 0px;\"><i class=\"fa fa-map-marker\" style=\"margin-right: 10px;\"><\/i>Adresse<\/h3>\n<p>15 Avenue de Grasse 06800 Cagnes-sur-Mer<\/p>\n<h3 style=\"margin-bottom: 0px;\"><i class=\"fa fa-clock-o\" style=\"margin-right: 10px;\"><\/i>Horaires d&rsquo;ouverture<\/h3>\n<p style=\"font-size: 14px;\"><strong>LUNDI:<\/strong> Ferm\u00e9<br \/>\n<strong>MARDI-SAMEDI:<\/strong>\u00a08H30-12H00 | 14H30-19H00<\/p>\n<p>[\/col]<br \/>\n[col span=\u00a0\u00bb6&Prime; span__sm=\u00a0\u00bb6&Prime;]<\/p>\n<h3 style=\"margin-bottom: 0px;\"><i class=\"fa fa-phone\" style=\"margin-right: 10px;\"><\/i>Nous contacter par t\u00e9l\u00e9phone<\/h3>\n<p>Fixe: 09 80 89 49 84 \/ Portable: <span data-olk-copy-source=\"MessageBody\">07 49 22 80 26<\/span><\/p>\n<h3 style=\"margin-bottom: 0px;\"><i class=\"fa fa-envelope-o\" style=\"margin-right: 10px;\"><\/i>Nous envoyer un mail<\/h3>\n<p>larouelibrecagnes@gmail.com<\/p>\n<p>[\/col]<\/p>\n<p>[\/row]<br \/>\n[gap]<\/p>\n<p>[title style=\u00a0\u00bbbold\u00a0\u00bb text=\u00a0\u00bbNous envoyer un e-mail\u00a0\u00bb]<\/p>\n<p>[row]<\/p>\n<p>[col span=\u00a0\u00bb2&Prime; span__sm=\u00a0\u00bb12&Prime;]<\/p>\n<p>[\/col]<br \/>\n[col span=\u00a0\u00bb8&Prime; span__sm=\u00a0\u00bb12&Prime;]<\/p>\n\n<div class=\"wpcf7 no-js\" id=\"wpcf7-f12477-o1\" lang=\"fr-FR\" dir=\"ltr\" data-wpcf7-id=\"12477\">\n<div class=\"screen-reader-response\"><p role=\"status\" aria-live=\"polite\" aria-atomic=\"true\"><\/p> <ul><\/ul><\/div>\n<form action=\"\/blog\/wp-json\/wp\/v2\/pages\/16108#wpcf7-f12477-o1\" method=\"post\" class=\"wpcf7-form init\" aria-label=\"Formulaire de contact\" novalidate=\"novalidate\" data-status=\"init\">\n<fieldset class=\"hidden-fields-container\"><input type=\"hidden\" name=\"_wpcf7\" value=\"12477\" \/><input type=\"hidden\" name=\"_wpcf7_version\" value=\"6.1.5\" \/><input type=\"hidden\" name=\"_wpcf7_locale\" value=\"fr_FR\" \/><input type=\"hidden\" name=\"_wpcf7_unit_tag\" value=\"wpcf7-f12477-o1\" \/><input type=\"hidden\" name=\"_wpcf7_container_post\" value=\"0\" \/><input type=\"hidden\" name=\"_wpcf7_posted_data_hash\" value=\"\" \/>\n<\/fieldset>\n<p>Votre nom (obligatoire)<br \/>\n<span class=\"wpcf7-form-control-wrap\" data-name=\"your-name\"><input size=\"40\" maxlength=\"400\" class=\"wpcf7-form-control wpcf7-text wpcf7-validates-as-required\" aria-required=\"true\" aria-invalid=\"false\" value=\"\" type=\"text\" name=\"your-name\" \/><\/span>\n<\/p>\n<p>Votre email (obligatoire)<br \/>\n<span class=\"wpcf7-form-control-wrap\" data-name=\"your-email\"><input size=\"40\" maxlength=\"400\" class=\"wpcf7-form-control wpcf7-email wpcf7-validates-as-required wpcf7-text wpcf7-validates-as-email\" aria-required=\"true\" aria-invalid=\"false\" value=\"\" type=\"email\" name=\"your-email\" \/><\/span>\n<\/p>\n<p>Sujet<br \/>\n<span class=\"wpcf7-form-control-wrap\" data-name=\"your-subject\"><input size=\"40\" maxlength=\"400\" class=\"wpcf7-form-control wpcf7-text\" aria-invalid=\"false\" value=\"\" type=\"text\" name=\"your-subject\" \/><\/span>\n<\/p>\n<p>Votre message<br \/>\n<span class=\"wpcf7-form-control-wrap\" data-name=\"your-message\"><textarea cols=\"40\" rows=\"10\" maxlength=\"2000\" class=\"wpcf7-form-control wpcf7-textarea\" aria-invalid=\"false\" name=\"your-message\"><\/textarea><\/span>\n<\/p>\n<p><input class=\"wpcf7-form-control wpcf7-submit has-spinner\" type=\"submit\" value=\"Envoyer\" \/>\n<\/p><p style=\"display: none !important;\" class=\"akismet-fields-container\" data-prefix=\"_wpcf7_ak_\"><label>&#916;<textarea name=\"_wpcf7_ak_hp_textarea\" cols=\"45\" rows=\"8\" maxlength=\"100\"><\/textarea><\/label><input type=\"hidden\" id=\"ak_js_1\" name=\"_wpcf7_ak_js\" value=\"111\"\/><script type=\"text\/javascript\">\n\/* <![CDATA[ *\/\ndocument.getElementById( \"ak_js_1\" ).setAttribute( \"value\", ( new Date() ).getTime() );\n\/* ]]> *\/\n<\/script>\n<\/p><div class=\"wpcf7-response-output\" aria-hidden=\"true\"><\/div>\n<\/form>\n<\/div>\n\n<p>[\/col]<br \/>\n[col span=\u00a0\u00bb2&Prime; span__sm=\u00a0\u00bb12&Prime;]<\/p>\n<p>[\/col]<\/p>\n<p>[\/row]<\/p>\n","protected":false},"excerpt":{"rendered":"<p>[map height=\u00a0\u00bb378px\u00a0\u00bb lat=\u00a0\u00bb43.657075&Prime; long=\u00a0\u00bb7.144898&Prime; zoom=\u00a0\u00bb16&Prime; content_enable=\u00a0\u00bb0&Prime; content_bg=\u00a0\u00bbrgb(255, 255, 255)\u00a0\u00bb content_width__sm=\u00a0\u00bb100&Prime; content_width__md=\u00a0\u00bb40&Prime; position_x=\u00a0\u00bb100&Prime; position_x__sm=\u00a0\u00bb100&Prime; position_y__sm=\u00a0\u00bb100&Prime; color=\u00a0\u00bb#739bbf\u00a0\u00bb] [\/map] [gap] [title style=\u00a0\u00bbcenter\u00a0\u00bb text=\u00a0\u00bbLa Roue Libre Cagnes-Sur-Mer\u00a0\u00bb size=\u00a0\u00bb172&Prime;] [row] [col span=\u00a0\u00bb6&Prime; span__sm=\u00a0\u00bb6&Prime;] Adresse 15 Avenue de Grasse 06800 Cagnes-sur-Mer Horaires d&rsquo;ouverture LUNDI: Ferm\u00e9 MARDI-SAMEDI:\u00a08H30-12H00 | 14H30-19H00 [\/col] [col span=\u00a0\u00bb6&Prime; span__sm=\u00a0\u00bb6&Prime;] Nous contacter par t\u00e9l\u00e9phone Fixe: 09 80 89 49 [&hellip;]<\/p>\n","protected":false},"author":1,"featured_media":0,"parent":15865,"menu_order":0,"comment_status":"closed","ping_status":"closed","template":"","meta":{"jetpack_post_was_ever_published":false,"footnotes":""},"class_list":["post-16108","page","type-page","status-publish"],"yoast_head":"<!-- This site is optimized with the Yoast SEO plugin v26.5 - https:\/\/yoast.com\/wordpress\/plugins\/seo\/ -->\n<title>Contact Roue Cagnes - La Roue Libre<\/title>\n<meta name=\"robots\" content=\"index, follow, max-snippet:-1, max-image-preview:large, max-video-preview:-1\" \/>\n<link rel=\"canonical\" href=\"https:\/\/www.larouelibre.fr\/blog\/contact\/roue-libre-cagnes-sur-mer\/\" \/>\n<meta property=\"og:locale\" content=\"fr_FR\" \/>\n<meta property=\"og:type\" content=\"article\" \/>\n<meta property=\"og:title\" content=\"Contact Roue Cagnes - La Roue Libre\" \/>\n<meta property=\"og:description\" content=\"[map height=\u00a0\u00bb378px\u00a0\u00bb lat=\u00a0\u00bb43.657075&Prime; long=\u00a0\u00bb7.144898&Prime; zoom=\u00a0\u00bb16&Prime; content_enable=\u00a0\u00bb0&Prime; content_bg=\u00a0\u00bbrgb(255, 255, 255)\u00a0\u00bb content_width__sm=\u00a0\u00bb100&Prime; content_width__md=\u00a0\u00bb40&Prime; position_x=\u00a0\u00bb100&Prime; position_x__sm=\u00a0\u00bb100&Prime; position_y__sm=\u00a0\u00bb100&Prime; color=\u00a0\u00bb#739bbf\u00a0\u00bb] [\/map] [gap] [title style=\u00a0\u00bbcenter\u00a0\u00bb text=\u00a0\u00bbLa Roue Libre Cagnes-Sur-Mer\u00a0\u00bb size=\u00a0\u00bb172&Prime;] [row] [col span=\u00a0\u00bb6&Prime; span__sm=\u00a0\u00bb6&Prime;] Adresse 15 Avenue de Grasse 06800 Cagnes-sur-Mer Horaires d&rsquo;ouverture LUNDI: Ferm\u00e9 MARDI-SAMEDI:\u00a08H30-12H00 | 14H30-19H00 [\/col] [col span=\u00a0\u00bb6&Prime; span__sm=\u00a0\u00bb6&Prime;] Nous contacter par t\u00e9l\u00e9phone Fixe: 09 80 89 49 [&hellip;]\" \/>\n<meta property=\"og:url\" content=\"https:\/\/www.larouelibre.fr\/blog\/contact\/roue-libre-cagnes-sur-mer\/\" \/>\n<meta property=\"og:site_name\" content=\"La Roue Libre\" \/>\n<meta property=\"article:modified_time\" content=\"2025-10-24T07:37:48+00:00\" \/>\n<meta name=\"twitter:card\" content=\"summary_large_image\" \/>\n<meta name=\"twitter:label1\" content=\"Dur\u00e9e de lecture estim\u00e9e\" \/>\n\t<meta name=\"twitter:data1\" content=\"1 minute\" \/>\n<script type=\"application\/ld+json\" class=\"yoast-schema-graph\">{\"@context\":\"https:\/\/schema.org\",\"@graph\":[{\"@type\":\"WebPage\",\"@id\":\"https:\/\/www.larouelibre.fr\/blog\/contact\/roue-libre-cagnes-sur-mer\/\",\"url\":\"https:\/\/www.larouelibre.fr\/blog\/contact\/roue-libre-cagnes-sur-mer\/\",\"name\":\"Contact Roue Cagnes - La Roue Libre\",\"isPartOf\":{\"@id\":\"https:\/\/www.larouelibre.fr\/blog\/#website\"},\"datePublished\":\"2017-05-18T14:14:39+00:00\",\"dateModified\":\"2025-10-24T07:37:48+00:00\",\"breadcrumb\":{\"@id\":\"https:\/\/www.larouelibre.fr\/blog\/contact\/roue-libre-cagnes-sur-mer\/#breadcrumb\"},\"inLanguage\":\"fr-FR\",\"potentialAction\":[{\"@type\":\"ReadAction\",\"target\":[\"https:\/\/www.larouelibre.fr\/blog\/contact\/roue-libre-cagnes-sur-mer\/\"]}]},{\"@type\":\"BreadcrumbList\",\"@id\":\"https:\/\/www.larouelibre.fr\/blog\/contact\/roue-libre-cagnes-sur-mer\/#breadcrumb\",\"itemListElement\":[{\"@type\":\"ListItem\",\"position\":1,\"name\":\"Accueil\",\"item\":\"https:\/\/www.larouelibre.fr\/blog\/\"},{\"@type\":\"ListItem\",\"position\":2,\"name\":\"Contact\",\"item\":\"https:\/\/www.larouelibre.fr\/blog\/contact\/\"},{\"@type\":\"ListItem\",\"position\":3,\"name\":\"Contact Roue Cagnes\"}]},{\"@type\":\"WebSite\",\"@id\":\"https:\/\/www.larouelibre.fr\/blog\/#website\",\"url\":\"https:\/\/www.larouelibre.fr\/blog\/\",\"name\":\"La Roue Libre\",\"description\":\"Votre sp\u00e9cialiste cycle, v\u00e9lo \u00e9lectrique, vtt, v\u00e9lo route \u00e0 Nice et cagnes sur mer\",\"potentialAction\":[{\"@type\":\"SearchAction\",\"target\":{\"@type\":\"EntryPoint\",\"urlTemplate\":\"https:\/\/www.larouelibre.fr\/blog\/?s={search_term_string}\"},\"query-input\":{\"@type\":\"PropertyValueSpecification\",\"valueRequired\":true,\"valueName\":\"search_term_string\"}}],\"inLanguage\":\"fr-FR\"}]}<\/script>\n<!-- \/ Yoast SEO plugin. -->","yoast_head_json":{"title":"Contact Roue Cagnes - La Roue Libre","robots":{"index":"index","follow":"follow","max-snippet":"max-snippet:-1","max-image-preview":"max-image-preview:large","max-video-preview":"max-video-preview:-1"},"canonical":"https:\/\/www.larouelibre.fr\/blog\/contact\/roue-libre-cagnes-sur-mer\/","og_locale":"fr_FR","og_type":"article","og_title":"Contact Roue Cagnes - La Roue Libre","og_description":"[map height=\u00a0\u00bb378px\u00a0\u00bb lat=\u00a0\u00bb43.657075&Prime; long=\u00a0\u00bb7.144898&Prime; zoom=\u00a0\u00bb16&Prime; content_enable=\u00a0\u00bb0&Prime; content_bg=\u00a0\u00bbrgb(255, 255, 255)\u00a0\u00bb content_width__sm=\u00a0\u00bb100&Prime; content_width__md=\u00a0\u00bb40&Prime; position_x=\u00a0\u00bb100&Prime; position_x__sm=\u00a0\u00bb100&Prime; position_y__sm=\u00a0\u00bb100&Prime; color=\u00a0\u00bb#739bbf\u00a0\u00bb] [\/map] [gap] [title style=\u00a0\u00bbcenter\u00a0\u00bb text=\u00a0\u00bbLa Roue Libre Cagnes-Sur-Mer\u00a0\u00bb size=\u00a0\u00bb172&Prime;] [row] [col span=\u00a0\u00bb6&Prime; span__sm=\u00a0\u00bb6&Prime;] Adresse 15 Avenue de Grasse 06800 Cagnes-sur-Mer Horaires d&rsquo;ouverture LUNDI: Ferm\u00e9 MARDI-SAMEDI:\u00a08H30-12H00 | 14H30-19H00 [\/col] [col span=\u00a0\u00bb6&Prime; span__sm=\u00a0\u00bb6&Prime;] Nous contacter par t\u00e9l\u00e9phone Fixe: 09 80 89 49 [&hellip;]","og_url":"https:\/\/www.larouelibre.fr\/blog\/contact\/roue-libre-cagnes-sur-mer\/","og_site_name":"La Roue Libre","article_modified_time":"2025-10-24T07:37:48+00:00","twitter_card":"summary_large_image","twitter_misc":{"Dur\u00e9e de lecture estim\u00e9e":"1 minute"},"schema":{"@context":"https:\/\/schema.org","@graph":[{"@type":"WebPage","@id":"https:\/\/www.larouelibre.fr\/blog\/contact\/roue-libre-cagnes-sur-mer\/","url":"https:\/\/www.larouelibre.fr\/blog\/contact\/roue-libre-cagnes-sur-mer\/","name":"Contact Roue Cagnes - La Roue Libre","isPartOf":{"@id":"https:\/\/www.larouelibre.fr\/blog\/#website"},"datePublished":"2017-05-18T14:14:39+00:00","dateModified":"2025-10-24T07:37:48+00:00","breadcrumb":{"@id":"https:\/\/www.larouelibre.fr\/blog\/contact\/roue-libre-cagnes-sur-mer\/#breadcrumb"},"inLanguage":"fr-FR","potentialAction":[{"@type":"ReadAction","target":["https:\/\/www.larouelibre.fr\/blog\/contact\/roue-libre-cagnes-sur-mer\/"]}]},{"@type":"BreadcrumbList","@id":"https:\/\/www.larouelibre.fr\/blog\/contact\/roue-libre-cagnes-sur-mer\/#breadcrumb","itemListElement":[{"@type":"ListItem","position":1,"name":"Accueil","item":"https:\/\/www.larouelibre.fr\/blog\/"},{"@type":"ListItem","position":2,"name":"Contact","item":"https:\/\/www.larouelibre.fr\/blog\/contact\/"},{"@type":"ListItem","position":3,"name":"Contact Roue Cagnes"}]},{"@type":"WebSite","@id":"https:\/\/www.larouelibre.fr\/blog\/#website","url":"https:\/\/www.larouelibre.fr\/blog\/","name":"La Roue Libre","description":"Votre sp\u00e9cialiste cycle, v\u00e9lo \u00e9lectrique, vtt, v\u00e9lo route \u00e0 Nice et cagnes sur mer","potentialAction":[{"@type":"SearchAction","target":{"@type":"EntryPoint","urlTemplate":"https:\/\/www.larouelibre.fr\/blog\/?s={search_term_string}"},"query-input":{"@type":"PropertyValueSpecification","valueRequired":true,"valueName":"search_term_string"}}],"inLanguage":"fr-FR"}]}},"jetpack_sharing_enabled":true,"jetpack_shortlink":"https:\/\/wp.me\/P7po7v-4bO","jetpack-related-posts":[{"id":15865,"url":"https:\/\/www.larouelibre.fr\/blog\/contact\/","url_meta":{"origin":16108,"position":0},"title":"Contact","author":"La Roue Libre","date":"11 avril 2017","format":false,"excerpt":"[map height=\"378px\" lat=\"43.7025678\" long=\"7.2848023\" zoom=\"16\" content_enable=\"0\" content_bg=\"rgb(255, 255, 255)\" content_width__sm=\"100\" content_width__md=\"40\" position_x=\"100\" position_x__sm=\"100\" position_y__sm=\"100\" color=\"#739bbf\"] [\/map] [gap] [row] [col span=\"4\" span__sm=\"12\"] [ux_banner height=\"56.25%\" bg=\"16082\" bg_size=\"medium\" bg_overlay=\"rgba(2, 151, 197, 0.75)\" bg_pos=\"93% 20%\" hover=\"zoom\" link=\".\/contact\/roue-libre\"] [text_box width=\"97\" position_x=\"50\" position_y=\"50\"] \u00a0 \u00a0 NICE VENTE - ATELIER 04 93 89 62 26 \u00a0 \u00a0\u2026","rel":"","context":"Article similaire","block_context":{"text":"Article similaire","link":""},"img":{"alt_text":"","src":"","width":0,"height":0},"classes":[]},{"id":16072,"url":"https:\/\/www.larouelibre.fr\/blog\/contact\/roue-libre\/","url_meta":{"origin":16108,"position":1},"title":"Contact Roue Libre","author":"La Roue Libre","date":"18 mai 2017","format":false,"excerpt":"[map height=\"378px\" lat=\"43.7025678\" long=\"7.2848023\" zoom=\"16\" content_enable=\"0\" content_bg=\"rgb(255, 255, 255)\" content_width__sm=\"100\" content_width__md=\"40\" position_x=\"100\" position_x__sm=\"100\" position_y__sm=\"100\" color=\"#739bbf\"] [\/map] [gap] [title style=\"center\" text=\"La Roue Libre Nice\" size=\"172\"] [row] [col span=\"6\" span__sm=\"6\"] Adresse 20 Boulevard Arm\u00e9e des Alpes 06300 Nice Horaires d'ouverture LUNDI: 14H30-19H00 MARDI-SAMEDI: 9H00-12H00 | 14H30-19H00 [\/col] [col span=\"6\" span__sm=\"6\"] Nous contacter\u2026","rel":"","context":"Article similaire","block_context":{"text":"Article similaire","link":""},"img":{"alt_text":"","src":"","width":0,"height":0},"classes":[]},{"id":16139,"url":"https:\/\/www.larouelibre.fr\/blog\/reprise\/","url_meta":{"origin":16108,"position":2},"title":"Reprise","author":"La Roue Libre","date":"18 mai 2017","format":false,"excerpt":"[ux_image id=\"12776\"] [gap height=\"60px\"] Vous voulez changer de v\u00e9lo et ne savez pas quoi faire de votre v\u00e9lo actuel? Il peut vous rapporter de l\u2019argent\u2026 Et oui votre r\u00e9seau de magasins La Roue Libre de Nice \u00e0 Cagnes-sur-mer rach\u00e8te votre v\u00e9lo \u00e0 sa valeur sur le march\u00e9 de l\u2019occasion! VTT,\u2026","rel":"","context":"Article similaire","block_context":{"text":"Article similaire","link":""},"img":{"alt_text":"","src":"","width":0,"height":0},"classes":[]},{"id":15932,"url":"https:\/\/www.larouelibre.fr\/blog\/velo-electrique\/","url_meta":{"origin":16108,"position":3},"title":"Electrique","author":"La Roue Libre","date":"13 avril 2017","format":false,"excerpt":"V\u00e9hicule id\u00e9al pour les d\u00e9placements urbains et interurbains, le v\u00e9lo \u00e9lectrique est en plein d\u00e9veloppement. Il est maintenant fiable et poss\u00e8de une grande autonomie pour les derniers mod\u00e8les (actuellement de 60 \u00e0 120km). Une large gamme est maintenant disponible pour toutes les utilisations allant du v\u00e9lo polyvalent interurbain au vtt.\u2026","rel":"","context":"Article similaire","block_context":{"text":"Article similaire","link":""},"img":{"alt_text":"","src":"","width":0,"height":0},"classes":[]},{"id":16022,"url":"https:\/\/www.larouelibre.fr\/blog\/velo-electrique\/sav\/","url_meta":{"origin":16108,"position":4},"title":"SAV","author":"La Roue Libre","date":"25 avril 2017","format":false,"excerpt":"La Roue Libre est depuis 13 ans le sp\u00e9cialiste du v\u00e9lo \u00e0 assistance \u00e9lectrique dans les Alpes Maritimes. Fort de son exp\u00e9rience dans le domaine, La Roue Libre s\u2019est sp\u00e9cialis\u00e9e dans la r\u00e9paration des v\u00e9los \u00e0 assistance \u00e9lectriques toutes marques en effectuant le service apr\u00e8s vente en magasin avec des\u2026","rel":"","context":"Article similaire","block_context":{"text":"Article similaire","link":""},"img":{"alt_text":"","src":"","width":0,"height":0},"classes":[]},{"id":16129,"url":"https:\/\/www.larouelibre.fr\/blog\/contact\/nous-rejoindre\/","url_meta":{"origin":16108,"position":5},"title":"Nous Rejoindre","author":"La Roue Libre","date":"18 mai 2017","format":false,"excerpt":"LA ROUE LIBRE NICE 20 Boulevard Arm\u00e9e des Alpes 06300 NICE En Tramway Au D\u00e9part du Parcazur HENRI SAPPIA ou Parcazur PONT MICHEL \u2013 Possibilit\u00e9 de laisser son v\u00e9hicule gratuitement au parcasur HENRI SAPPIA ou PONT MICHEL pour tout achat d\u2019un pass Parcazur Aller\/Retour (tarif 3\u20ac) ou d\u2019une carte multi\u2026","rel":"","context":"Article similaire","block_context":{"text":"Article similaire","link":""},"img":{"alt_text":"","src":"","width":0,"height":0},"classes":[]}],"_links":{"self":[{"href":"https:\/\/www.larouelibre.fr\/blog\/wp-json\/wp\/v2\/pages\/16108","targetHints":{"allow":["GET"]}}],"collection":[{"href":"https:\/\/www.larouelibre.fr\/blog\/wp-json\/wp\/v2\/pages"}],"about":[{"href":"https:\/\/www.larouelibre.fr\/blog\/wp-json\/wp\/v2\/types\/page"}],"author":[{"embeddable":true,"href":"https:\/\/www.larouelibre.fr\/blog\/wp-json\/wp\/v2\/users\/1"}],"replies":[{"embeddable":true,"href":"https:\/\/www.larouelibre.fr\/blog\/wp-json\/wp\/v2\/comments?post=16108"}],"version-history":[{"count":6,"href":"https:\/\/www.larouelibre.fr\/blog\/wp-json\/wp\/v2\/pages\/16108\/revisions"}],"predecessor-version":[{"id":23356,"href":"https:\/\/www.larouelibre.fr\/blog\/wp-json\/wp\/v2\/pages\/16108\/revisions\/23356"}],"up":[{"embeddable":true,"href":"https:\/\/www.larouelibre.fr\/blog\/wp-json\/wp\/v2\/pages\/15865"}],"wp:attachment":[{"href":"https:\/\/www.larouelibre.fr\/blog\/wp-json\/wp\/v2\/media?parent=16108"}],"curies":[{"name":"wp","href":"https:\/\/api.w.org\/{rel}","templated":true}]}}