{"id":16072,"date":"2017-05-18T13:08:54","date_gmt":"2017-05-18T11:08:54","guid":{"rendered":"http:\/\/localhost\/larouelibreNew\/?page_id=16072"},"modified":"2020-05-14T10:40:32","modified_gmt":"2020-05-14T08:40:32","slug":"roue-libre","status":"publish","type":"page","link":"https:\/\/www.larouelibre.fr\/blog\/contact\/roue-libre\/","title":{"rendered":"Contact Roue Libre"},"content":{"rendered":"\n[map height=\u00a0\u00bb378px\u00a0\u00bb lat=\u00a0\u00bb43.7025678&Prime; long=\u00a0\u00bb7.2848023&Prime; zoom=\u00a0\u00bb16&Prime; content_enable=\u00a0\u00bb0&Prime; content_bg=\u00a0\u00bbrgb(255, 255, 255)\u00a0\u00bb content_width__sm=\u00a0\u00bb100&Prime; content_width__md=\u00a0\u00bb40&Prime; position_x=\u00a0\u00bb100&Prime; position_x__sm=\u00a0\u00bb100&Prime; position_y__sm=\u00a0\u00bb100&Prime; color=\u00a0\u00bb#739bbf\u00a0\u00bb]\n\n\n[\/map]\n[gap]\n\n[title style=\u00a0\u00bbcenter\u00a0\u00bb text=\u00a0\u00bbLa Roue Libre Nice\u00a0\u00bb size=\u00a0\u00bb172&Prime;]\n\n[row]\n\n[col span=\u00a0\u00bb6&Prime; span__sm=\u00a0\u00bb6&Prime;]\n\n<h3 style=\"margin-bottom: 0px;\"><i class=\"fa fa-map-marker\" style=\"margin-right: 10px;\"><\/i>Adresse<\/h3>\n<p>20 Boulevard Arm\u00e9e des Alpes 06300 Nice<\/p>\n<h3 style=\"margin-bottom: 0px;\"><i class=\"fa fa-clock-o\" style=\"margin-right: 10px;\"><\/i>Horaires d&rsquo;ouverture<\/h3>\n<p style=\"font-size: 14px;\"><strong>LUNDI:<\/strong> 14H30-19H00<br \/>\n<strong>MARDI-SAMEDI:<\/strong> 9H00-12H00 | 14H30-19H00<\/p>\n\n[\/col]\n[col span=\u00a0\u00bb6&Prime; span__sm=\u00a0\u00bb6&Prime;]\n\n<h3 style=\"margin-bottom: 0px;\"><i class=\"fa fa-phone\" style=\"margin-right: 10px;\"><\/i>Nous contacter par t\u00e9l\u00e9phone<\/h3>\n<p>04 93 89 62 26<br \/>\n<\/p>\n<h3 style=\"margin-bottom: 0px;\"><i class=\"fa fa-envelope-o\" style=\"margin-right: 10px;\"><\/i>Nous envoyer un mail<\/h3>\n<p>larouelibrenice@gmail.com<\/p>\n\n[\/col]\n\n[\/row]\n[gap]\n\n[title style=\u00a0\u00bbbold\u00a0\u00bb text=\u00a0\u00bbNous envoyer un e-mail\u00a0\u00bb]\n\n[row]\n\n[col span=\u00a0\u00bb2&Prime; span__sm=\u00a0\u00bb12&Prime;]\n\n\n[\/col]\n[col span=\u00a0\u00bb8&Prime; span__sm=\u00a0\u00bb12&Prime;]\n\n\n<div class=\"wpcf7 no-js\" id=\"wpcf7-f12477-o1\" lang=\"fr-FR\" dir=\"ltr\" data-wpcf7-id=\"12477\">\n<div class=\"screen-reader-response\"><p role=\"status\" aria-live=\"polite\" aria-atomic=\"true\"><\/p> <ul><\/ul><\/div>\n<form action=\"\/blog\/wp-json\/wp\/v2\/pages\/16072#wpcf7-f12477-o1\" method=\"post\" class=\"wpcf7-form init\" aria-label=\"Formulaire de contact\" novalidate=\"novalidate\" data-status=\"init\">\n<fieldset class=\"hidden-fields-container\"><input type=\"hidden\" name=\"_wpcf7\" value=\"12477\" \/><input type=\"hidden\" name=\"_wpcf7_version\" value=\"6.1.5\" \/><input type=\"hidden\" name=\"_wpcf7_locale\" value=\"fr_FR\" \/><input type=\"hidden\" name=\"_wpcf7_unit_tag\" value=\"wpcf7-f12477-o1\" \/><input type=\"hidden\" name=\"_wpcf7_container_post\" value=\"0\" \/><input type=\"hidden\" name=\"_wpcf7_posted_data_hash\" value=\"\" \/>\n<\/fieldset>\n<p>Votre nom (obligatoire)<br \/>\n<span class=\"wpcf7-form-control-wrap\" data-name=\"your-name\"><input size=\"40\" maxlength=\"400\" class=\"wpcf7-form-control wpcf7-text wpcf7-validates-as-required\" aria-required=\"true\" aria-invalid=\"false\" value=\"\" type=\"text\" name=\"your-name\" \/><\/span>\n<\/p>\n<p>Votre email (obligatoire)<br \/>\n<span class=\"wpcf7-form-control-wrap\" data-name=\"your-email\"><input size=\"40\" maxlength=\"400\" class=\"wpcf7-form-control wpcf7-email wpcf7-validates-as-required wpcf7-text wpcf7-validates-as-email\" aria-required=\"true\" aria-invalid=\"false\" value=\"\" type=\"email\" name=\"your-email\" \/><\/span>\n<\/p>\n<p>Sujet<br \/>\n<span class=\"wpcf7-form-control-wrap\" data-name=\"your-subject\"><input size=\"40\" maxlength=\"400\" class=\"wpcf7-form-control wpcf7-text\" aria-invalid=\"false\" value=\"\" type=\"text\" name=\"your-subject\" \/><\/span>\n<\/p>\n<p>Votre message<br \/>\n<span class=\"wpcf7-form-control-wrap\" data-name=\"your-message\"><textarea cols=\"40\" rows=\"10\" maxlength=\"2000\" class=\"wpcf7-form-control wpcf7-textarea\" aria-invalid=\"false\" name=\"your-message\"><\/textarea><\/span>\n<\/p>\n<p><input class=\"wpcf7-form-control wpcf7-submit has-spinner\" type=\"submit\" value=\"Envoyer\" \/>\n<\/p><p style=\"display: none !important;\" class=\"akismet-fields-container\" data-prefix=\"_wpcf7_ak_\"><label>&#916;<textarea name=\"_wpcf7_ak_hp_textarea\" cols=\"45\" rows=\"8\" maxlength=\"100\"><\/textarea><\/label><input type=\"hidden\" id=\"ak_js_1\" name=\"_wpcf7_ak_js\" value=\"202\"\/><script>document.getElementById( \"ak_js_1\" ).setAttribute( \"value\", ( new Date() ).getTime() );<\/script><\/p><div class=\"wpcf7-response-output\" aria-hidden=\"true\"><\/div>\n<\/form>\n<\/div>\n\n\n\n[\/col]\n[col span=\u00a0\u00bb2&Prime; span__sm=\u00a0\u00bb12&Prime;]\n\n\n[\/col]\n\n[\/row]\n\n","protected":false},"excerpt":{"rendered":"<p>[map height=\u00a0\u00bb378px\u00a0\u00bb lat=\u00a0\u00bb43.7025678&Prime; long=\u00a0\u00bb7.2848023&Prime; zoom=\u00a0\u00bb16&Prime; content_enable=\u00a0\u00bb0&Prime; content_bg=\u00a0\u00bbrgb(255, 255, 255)\u00a0\u00bb content_width__sm=\u00a0\u00bb100&Prime; content_width__md=\u00a0\u00bb40&Prime; position_x=\u00a0\u00bb100&Prime; position_x__sm=\u00a0\u00bb100&Prime; position_y__sm=\u00a0\u00bb100&Prime; color=\u00a0\u00bb#739bbf\u00a0\u00bb] [\/map] [gap] [title style=\u00a0\u00bbcenter\u00a0\u00bb text=\u00a0\u00bbLa Roue Libre Nice\u00a0\u00bb size=\u00a0\u00bb172&Prime;] [row] [col span=\u00a0\u00bb6&Prime; span__sm=\u00a0\u00bb6&Prime;] Adresse 20 Boulevard Arm\u00e9e des Alpes 06300 Nice Horaires d&rsquo;ouverture LUNDI: 14H30-19H00 MARDI-SAMEDI: 9H00-12H00 | 14H30-19H00 [\/col] [col span=\u00a0\u00bb6&Prime; span__sm=\u00a0\u00bb6&Prime;] Nous contacter par t\u00e9l\u00e9phone 04 93 89 [&hellip;]<\/p>\n","protected":false},"author":1,"featured_media":0,"parent":15865,"menu_order":0,"comment_status":"closed","ping_status":"closed","template":"","meta":{"jetpack_post_was_ever_published":false,"footnotes":""},"class_list":["post-16072","page","type-page","status-publish"],"yoast_head":"<!-- This site is optimized with the Yoast SEO plugin v26.5 - https:\/\/yoast.com\/wordpress\/plugins\/seo\/ -->\n<title>Contact Roue Libre - La Roue Libre<\/title>\n<meta name=\"robots\" content=\"index, follow, max-snippet:-1, max-image-preview:large, max-video-preview:-1\" \/>\n<link rel=\"canonical\" href=\"https:\/\/www.larouelibre.fr\/blog\/contact\/roue-libre\/\" \/>\n<meta property=\"og:locale\" content=\"fr_FR\" \/>\n<meta property=\"og:type\" content=\"article\" \/>\n<meta property=\"og:title\" content=\"Contact Roue Libre - La Roue Libre\" \/>\n<meta property=\"og:description\" content=\"[map height=\u00a0\u00bb378px\u00a0\u00bb lat=\u00a0\u00bb43.7025678&Prime; long=\u00a0\u00bb7.2848023&Prime; zoom=\u00a0\u00bb16&Prime; content_enable=\u00a0\u00bb0&Prime; content_bg=\u00a0\u00bbrgb(255, 255, 255)\u00a0\u00bb content_width__sm=\u00a0\u00bb100&Prime; content_width__md=\u00a0\u00bb40&Prime; position_x=\u00a0\u00bb100&Prime; position_x__sm=\u00a0\u00bb100&Prime; position_y__sm=\u00a0\u00bb100&Prime; color=\u00a0\u00bb#739bbf\u00a0\u00bb] [\/map] [gap] [title style=\u00a0\u00bbcenter\u00a0\u00bb text=\u00a0\u00bbLa Roue Libre Nice\u00a0\u00bb size=\u00a0\u00bb172&Prime;] [row] [col span=\u00a0\u00bb6&Prime; span__sm=\u00a0\u00bb6&Prime;] Adresse 20 Boulevard Arm\u00e9e des Alpes 06300 Nice Horaires d&rsquo;ouverture LUNDI: 14H30-19H00 MARDI-SAMEDI: 9H00-12H00 | 14H30-19H00 [\/col] [col span=\u00a0\u00bb6&Prime; span__sm=\u00a0\u00bb6&Prime;] Nous contacter par t\u00e9l\u00e9phone 04 93 89 [&hellip;]\" \/>\n<meta property=\"og:url\" content=\"https:\/\/www.larouelibre.fr\/blog\/contact\/roue-libre\/\" \/>\n<meta property=\"og:site_name\" content=\"La Roue Libre\" \/>\n<meta property=\"article:modified_time\" content=\"2020-05-14T08:40:32+00:00\" \/>\n<meta name=\"twitter:card\" content=\"summary_large_image\" \/>\n<meta name=\"twitter:label1\" content=\"Dur\u00e9e de lecture estim\u00e9e\" \/>\n\t<meta name=\"twitter:data1\" content=\"1 minute\" \/>\n<script type=\"application\/ld+json\" class=\"yoast-schema-graph\">{\"@context\":\"https:\/\/schema.org\",\"@graph\":[{\"@type\":\"WebPage\",\"@id\":\"https:\/\/www.larouelibre.fr\/blog\/contact\/roue-libre\/\",\"url\":\"https:\/\/www.larouelibre.fr\/blog\/contact\/roue-libre\/\",\"name\":\"Contact Roue Libre - La Roue Libre\",\"isPartOf\":{\"@id\":\"https:\/\/www.larouelibre.fr\/blog\/#website\"},\"datePublished\":\"2017-05-18T11:08:54+00:00\",\"dateModified\":\"2020-05-14T08:40:32+00:00\",\"breadcrumb\":{\"@id\":\"https:\/\/www.larouelibre.fr\/blog\/contact\/roue-libre\/#breadcrumb\"},\"inLanguage\":\"fr-FR\",\"potentialAction\":[{\"@type\":\"ReadAction\",\"target\":[\"https:\/\/www.larouelibre.fr\/blog\/contact\/roue-libre\/\"]}]},{\"@type\":\"BreadcrumbList\",\"@id\":\"https:\/\/www.larouelibre.fr\/blog\/contact\/roue-libre\/#breadcrumb\",\"itemListElement\":[{\"@type\":\"ListItem\",\"position\":1,\"name\":\"Accueil\",\"item\":\"https:\/\/www.larouelibre.fr\/blog\/\"},{\"@type\":\"ListItem\",\"position\":2,\"name\":\"Contact\",\"item\":\"https:\/\/www.larouelibre.fr\/blog\/contact\/\"},{\"@type\":\"ListItem\",\"position\":3,\"name\":\"Contact Roue Libre\"}]},{\"@type\":\"WebSite\",\"@id\":\"https:\/\/www.larouelibre.fr\/blog\/#website\",\"url\":\"https:\/\/www.larouelibre.fr\/blog\/\",\"name\":\"La Roue Libre\",\"description\":\"Votre sp\u00e9cialiste cycle, v\u00e9lo \u00e9lectrique, vtt, v\u00e9lo route \u00e0 Nice et cagnes sur mer\",\"potentialAction\":[{\"@type\":\"SearchAction\",\"target\":{\"@type\":\"EntryPoint\",\"urlTemplate\":\"https:\/\/www.larouelibre.fr\/blog\/?s={search_term_string}\"},\"query-input\":{\"@type\":\"PropertyValueSpecification\",\"valueRequired\":true,\"valueName\":\"search_term_string\"}}],\"inLanguage\":\"fr-FR\"}]}<\/script>\n<!-- \/ Yoast SEO plugin. -->","yoast_head_json":{"title":"Contact Roue Libre - La Roue Libre","robots":{"index":"index","follow":"follow","max-snippet":"max-snippet:-1","max-image-preview":"max-image-preview:large","max-video-preview":"max-video-preview:-1"},"canonical":"https:\/\/www.larouelibre.fr\/blog\/contact\/roue-libre\/","og_locale":"fr_FR","og_type":"article","og_title":"Contact Roue Libre - La Roue Libre","og_description":"[map height=\u00a0\u00bb378px\u00a0\u00bb lat=\u00a0\u00bb43.7025678&Prime; long=\u00a0\u00bb7.2848023&Prime; zoom=\u00a0\u00bb16&Prime; content_enable=\u00a0\u00bb0&Prime; content_bg=\u00a0\u00bbrgb(255, 255, 255)\u00a0\u00bb content_width__sm=\u00a0\u00bb100&Prime; content_width__md=\u00a0\u00bb40&Prime; position_x=\u00a0\u00bb100&Prime; position_x__sm=\u00a0\u00bb100&Prime; position_y__sm=\u00a0\u00bb100&Prime; color=\u00a0\u00bb#739bbf\u00a0\u00bb] [\/map] [gap] [title style=\u00a0\u00bbcenter\u00a0\u00bb text=\u00a0\u00bbLa Roue Libre Nice\u00a0\u00bb size=\u00a0\u00bb172&Prime;] [row] [col span=\u00a0\u00bb6&Prime; span__sm=\u00a0\u00bb6&Prime;] Adresse 20 Boulevard Arm\u00e9e des Alpes 06300 Nice Horaires d&rsquo;ouverture LUNDI: 14H30-19H00 MARDI-SAMEDI: 9H00-12H00 | 14H30-19H00 [\/col] [col span=\u00a0\u00bb6&Prime; span__sm=\u00a0\u00bb6&Prime;] Nous contacter par t\u00e9l\u00e9phone 04 93 89 [&hellip;]","og_url":"https:\/\/www.larouelibre.fr\/blog\/contact\/roue-libre\/","og_site_name":"La Roue Libre","article_modified_time":"2020-05-14T08:40:32+00:00","twitter_card":"summary_large_image","twitter_misc":{"Dur\u00e9e de lecture estim\u00e9e":"1 minute"},"schema":{"@context":"https:\/\/schema.org","@graph":[{"@type":"WebPage","@id":"https:\/\/www.larouelibre.fr\/blog\/contact\/roue-libre\/","url":"https:\/\/www.larouelibre.fr\/blog\/contact\/roue-libre\/","name":"Contact Roue Libre - La Roue Libre","isPartOf":{"@id":"https:\/\/www.larouelibre.fr\/blog\/#website"},"datePublished":"2017-05-18T11:08:54+00:00","dateModified":"2020-05-14T08:40:32+00:00","breadcrumb":{"@id":"https:\/\/www.larouelibre.fr\/blog\/contact\/roue-libre\/#breadcrumb"},"inLanguage":"fr-FR","potentialAction":[{"@type":"ReadAction","target":["https:\/\/www.larouelibre.fr\/blog\/contact\/roue-libre\/"]}]},{"@type":"BreadcrumbList","@id":"https:\/\/www.larouelibre.fr\/blog\/contact\/roue-libre\/#breadcrumb","itemListElement":[{"@type":"ListItem","position":1,"name":"Accueil","item":"https:\/\/www.larouelibre.fr\/blog\/"},{"@type":"ListItem","position":2,"name":"Contact","item":"https:\/\/www.larouelibre.fr\/blog\/contact\/"},{"@type":"ListItem","position":3,"name":"Contact Roue Libre"}]},{"@type":"WebSite","@id":"https:\/\/www.larouelibre.fr\/blog\/#website","url":"https:\/\/www.larouelibre.fr\/blog\/","name":"La Roue Libre","description":"Votre sp\u00e9cialiste cycle, v\u00e9lo \u00e9lectrique, vtt, v\u00e9lo route \u00e0 Nice et cagnes sur mer","potentialAction":[{"@type":"SearchAction","target":{"@type":"EntryPoint","urlTemplate":"https:\/\/www.larouelibre.fr\/blog\/?s={search_term_string}"},"query-input":{"@type":"PropertyValueSpecification","valueRequired":true,"valueName":"search_term_string"}}],"inLanguage":"fr-FR"}]}},"jetpack_sharing_enabled":true,"jetpack_shortlink":"https:\/\/wp.me\/P7po7v-4be","jetpack-related-posts":[{"id":16108,"url":"https:\/\/www.larouelibre.fr\/blog\/contact\/roue-libre-cagnes-sur-mer\/","url_meta":{"origin":16072,"position":0},"title":"Contact Roue Cagnes","author":"La Roue Libre","date":"18 mai 2017","format":false,"excerpt":"[map height=\"378px\" lat=\"43.657075\" long=\"7.144898\" zoom=\"16\" content_enable=\"0\" content_bg=\"rgb(255, 255, 255)\" content_width__sm=\"100\" content_width__md=\"40\" position_x=\"100\" position_x__sm=\"100\" position_y__sm=\"100\" color=\"#739bbf\"] [\/map] [gap] [title style=\"center\" text=\"La Roue Libre Cagnes-Sur-Mer\" size=\"172\"] [row] [col span=\"6\" span__sm=\"6\"] Adresse 15 Avenue de Grasse 06800 Cagnes-sur-Mer Horaires d'ouverture LUNDI: Ferm\u00e9 MARDI-SAMEDI:\u00a08H30-12H00 | 14H30-19H00 [\/col] [col span=\"6\" span__sm=\"6\"] Nous contacter par t\u00e9l\u00e9phone\u2026","rel":"","context":"Article similaire","block_context":{"text":"Article similaire","link":""},"img":{"alt_text":"","src":"","width":0,"height":0},"classes":[]},{"id":15865,"url":"https:\/\/www.larouelibre.fr\/blog\/contact\/","url_meta":{"origin":16072,"position":1},"title":"Contact","author":"La Roue Libre","date":"11 avril 2017","format":false,"excerpt":"[map height=\"378px\" lat=\"43.7025678\" long=\"7.2848023\" zoom=\"16\" content_enable=\"0\" content_bg=\"rgb(255, 255, 255)\" content_width__sm=\"100\" content_width__md=\"40\" position_x=\"100\" position_x__sm=\"100\" position_y__sm=\"100\" color=\"#739bbf\"] [\/map] [gap] [row] [col span=\"4\" span__sm=\"12\"] [ux_banner height=\"56.25%\" bg=\"16082\" bg_size=\"medium\" bg_overlay=\"rgba(2, 151, 197, 0.75)\" bg_pos=\"93% 20%\" hover=\"zoom\" link=\".\/contact\/roue-libre\"] [text_box width=\"97\" position_x=\"50\" position_y=\"50\"] \u00a0 \u00a0 NICE VENTE - ATELIER 04 93 89 62 26 \u00a0 \u00a0\u2026","rel":"","context":"Article similaire","block_context":{"text":"Article similaire","link":""},"img":{"alt_text":"","src":"","width":0,"height":0},"classes":[]},{"id":16139,"url":"https:\/\/www.larouelibre.fr\/blog\/reprise\/","url_meta":{"origin":16072,"position":2},"title":"Reprise","author":"La Roue Libre","date":"18 mai 2017","format":false,"excerpt":"[ux_image id=\"12776\"] [gap height=\"60px\"] Vous voulez changer de v\u00e9lo et ne savez pas quoi faire de votre v\u00e9lo actuel? Il peut vous rapporter de l\u2019argent\u2026 Et oui votre r\u00e9seau de magasins La Roue Libre de Nice \u00e0 Cagnes-sur-mer rach\u00e8te votre v\u00e9lo \u00e0 sa valeur sur le march\u00e9 de l\u2019occasion! VTT,\u2026","rel":"","context":"Article similaire","block_context":{"text":"Article similaire","link":""},"img":{"alt_text":"","src":"","width":0,"height":0},"classes":[]},{"id":15932,"url":"https:\/\/www.larouelibre.fr\/blog\/velo-electrique\/","url_meta":{"origin":16072,"position":3},"title":"Electrique","author":"La Roue Libre","date":"13 avril 2017","format":false,"excerpt":"V\u00e9hicule id\u00e9al pour les d\u00e9placements urbains et interurbains, le v\u00e9lo \u00e9lectrique est en plein d\u00e9veloppement. Il est maintenant fiable et poss\u00e8de une grande autonomie pour les derniers mod\u00e8les (actuellement de 60 \u00e0 120km). Une large gamme est maintenant disponible pour toutes les utilisations allant du v\u00e9lo polyvalent interurbain au vtt.\u2026","rel":"","context":"Article similaire","block_context":{"text":"Article similaire","link":""},"img":{"alt_text":"","src":"","width":0,"height":0},"classes":[]},{"id":18851,"url":"https:\/\/www.larouelibre.fr\/blog\/conditions-generales-de-vente\/","url_meta":{"origin":16072,"position":4},"title":"Conditions g\u00e9n\u00e9rales de vente","author":"La Roue Libre","date":"30 mars 2018","format":false,"excerpt":"Article 1 Objet Les conditions g\u00e9n\u00e9rales de ventes d\u00e9crites ci-apr\u00e8s d\u00e9taillent les droits et obligations de l'entreprise \u00a0La Roue Libre et de ses clients dans le cadre de la vente des marchandises r\u00e9pertori\u00e9es sur notre site larouelibre.fr. Toute prestation accomplie par la soci\u00e9t\u00e9 La Roue Libre implique l'adh\u00e9sion sans r\u00e9serve\u2026","rel":"","context":"Article similaire","block_context":{"text":"Article similaire","link":""},"img":{"alt_text":"","src":"","width":0,"height":0},"classes":[]},{"id":18849,"url":"https:\/\/www.larouelibre.fr\/blog\/mentions-legales-2\/","url_meta":{"origin":16072,"position":5},"title":"Mentions l\u00e9gales","author":"La Roue Libre","date":"30 mars 2018","format":false,"excerpt":"Raison Sociale SARL La Roue Libre 11 Rue Auguste Gal 06300 NICE - FRANCE T\u00e9l\u00e9phone: 04 49 89 62 26\u00a0\u00a0 Mail: larouelibrenice@orange.fr H\u00e9bergement OVH SAS au capital de 10 069 020 \u20ac RCS Lille M\u00e9tropole 424 761 419 00045 Code APE 2620Z N\u00b0 TVA : FR 22 424 761 419\u2026","rel":"","context":"Article similaire","block_context":{"text":"Article similaire","link":""},"img":{"alt_text":"","src":"","width":0,"height":0},"classes":[]}],"_links":{"self":[{"href":"https:\/\/www.larouelibre.fr\/blog\/wp-json\/wp\/v2\/pages\/16072","targetHints":{"allow":["GET"]}}],"collection":[{"href":"https:\/\/www.larouelibre.fr\/blog\/wp-json\/wp\/v2\/pages"}],"about":[{"href":"https:\/\/www.larouelibre.fr\/blog\/wp-json\/wp\/v2\/types\/page"}],"author":[{"embeddable":true,"href":"https:\/\/www.larouelibre.fr\/blog\/wp-json\/wp\/v2\/users\/1"}],"replies":[{"embeddable":true,"href":"https:\/\/www.larouelibre.fr\/blog\/wp-json\/wp\/v2\/comments?post=16072"}],"version-history":[{"count":12,"href":"https:\/\/www.larouelibre.fr\/blog\/wp-json\/wp\/v2\/pages\/16072\/revisions"}],"predecessor-version":[{"id":21687,"href":"https:\/\/www.larouelibre.fr\/blog\/wp-json\/wp\/v2\/pages\/16072\/revisions\/21687"}],"up":[{"embeddable":true,"href":"https:\/\/www.larouelibre.fr\/blog\/wp-json\/wp\/v2\/pages\/15865"}],"wp:attachment":[{"href":"https:\/\/www.larouelibre.fr\/blog\/wp-json\/wp\/v2\/media?parent=16072"}],"curies":[{"name":"wp","href":"https:\/\/api.w.org\/{rel}","templated":true}]}}