{"id":16055,"date":"2017-05-18T11:36:05","date_gmt":"2017-05-18T09:36:05","guid":{"rendered":"http:\/\/localhost\/larouelibreNew\/?page_id=16055"},"modified":"2022-06-02T18:28:34","modified_gmt":"2022-06-02T16:28:34","slug":"conditions","status":"publish","type":"page","link":"https:\/\/www.larouelibre.fr\/blog\/location\/conditions\/","title":{"rendered":"Conditions"},"content":{"rendered":"\n<h2 class=\"has-text-align-center wp-block-heading\">NOS TARIFS \u2013 OUR PRICES<\/h2>\n\n\n\n<hr class=\"wp-block-separator has-css-opacity\"\/>\n\n\n\n<p class=\"has-text-align-justify\">Retrouvez l\u2019ensemble de nos tarifs et mod\u00e8les sur cette page. <em>Find all of our prices and models on this page.<\/em><\/p>\n\n\n\n<p class=\"has-text-align-justify\">Toute r\u00e9servation valid\u00e9e est due. Toute demande de location devra \u00eatre formul\u00e9e 48H \u00e0 l\u2019avance.Toute modification dans les 48h pr\u00e9c\u00e9dent la location sera factur\u00e9e 15 \u20ac.<br><em>Any request of rent must be formulated 48 hours in advance. Any validated reservation is due. Any modification 48 hours before the rent will be charged 15 \u20ac.<\/em><\/p>\n\n\n\n<div style=\"height:25px\" aria-hidden=\"true\" class=\"wp-block-spacer\"><\/div>\n\n\n\n<h2 class=\"has-text-align-center wp-block-heading\">INFORMATIONS SUR LA CAUTION ET LES CARTES DE CR\u00c9DIT ACCEPT\u00c9ES  &#8211; <em>INFORMATION ON THE DEPOSIT AND CREDIT CARDS<\/em><\/h2>\n\n\n\n<hr class=\"wp-block-separator has-css-opacity\"\/>\n\n\n\n<ul class=\"wp-block-list\"><li>MasterCard (excluant les cartes de d\u00e9bit ou pr\u00e9pay\u00e9es) &#8211; <em>MasterCard (excluding debit or prepaid cards)<\/em><\/li><li>Visa (excluant les cartes pr\u00e9pay\u00e9es) &#8211;<em> Visa (excluding prepaid cards)<\/em><\/li><li>La carte de d\u00e9bit n&rsquo;est pas accept\u00e9e, sauf pour les exceptions ci-dessous &#8211; <em>Debit card is not accepted except for the exceptions below.<\/em><\/li><li>NON ACCEPT\u00c9S : Aucun autre type de paiement ne sera accept\u00e9 &#8211; <em>NOT ACCEPTED: No other type of payment will be accepted.<\/em><\/li><\/ul>\n\n\n\n<hr class=\"wp-block-separator has-css-opacity\"\/>\n\n\n\n<p class=\"has-text-align-justify\"><strong>Une caution de 250\/500 ou 2500 \u20ac sera bloqu\u00e9e sur votre compte pour toute la dur\u00e9e de la location. Cette caution est une garantie en cas de dommage ou de vol du cycle. Cette somme sera automatiquement annul\u00e9e en l\u2019absence de vol ou de sinistre pendant la p\u00e9riode de location. Veuillez noter que celle-ci n\u2019est pas \u00e9quivalente au montant total de la responsabilit\u00e9 engag\u00e9e en cas de sinistre<\/strong><\/p>\n\n\n\n<p class=\"has-text-align-justify\"><em><strong>A deposit of 250\/500 or 2500 \u20ac will be blocked on your account for the duration of the rental. This deposit is a guarantee in case of damage or theft of the cycle. This amount will be automatically canceled in the absence of theft or loss during the rental period. Please note that this is not equivalent to the total amount of liability incurred in the event of a claim.<\/strong><\/em><\/p>\n\n\n\n<hr class=\"wp-block-separator has-css-opacity\"\/>\n\n\n\n<p class=\"has-text-align-justify\"><strong>Important:<\/strong> Seules les cartes de cr\u00e9dit sont accept\u00e9es. Veuillez contacter votre banque pour vous assurer que votre carte de cr\u00e9dit est bien une carte de cr\u00e9dit et non pas une carte de d\u00e9bit &#8211; <em>Only credit cards are accepted. Please contact your bank to make sure your credit card is a credit card and not a debit card.<\/em><\/p>\n\n\n\n<p class=\"has-text-align-justify\">Une carte de cr\u00e9dit valide au nom et pr\u00e9nom du locataire doit \u00eatre pr\u00e9sent\u00e9e au magasin de location afin de pr\u00e9-autoriser\/d\u00e9biter une caution. La ou les cartes de cr\u00e9dit doivent \u00eatre imprim\u00e9es en relief et un code PIN peut \u00eatre requis &#8211;<em> A valid credit card with the name and surname of the tenant must be presented to the rental store to pre-authorize \/ debit a deposit. The credit card (s) must be embossed and a PIN code may be required.<\/em><\/p>\n\n\n\n<p class=\"has-text-align-justify\">Si vous ne pr\u00e9sentez pas de carte de cr\u00e9dit valide, si votre provision est insuffisante ou si la carte de cr\u00e9dit n\u2019est pas au nom et pr\u00e9nom du conducteur principal, le magasin peut refuser de vous remettre le cycle. Dans ce cas, aucun paiement d\u00e9j\u00e0 effectu\u00e9 ne sera rembours\u00e9 &#8211; <em>If you do not present a valid credit card, if your supply is insufficient or if the credit card is not in the name and surname of the main driver, the store may refuse to give you the cycle. In this case, no payment already made will be refunded.<\/em><\/p>\n\n\n\n<div style=\"height:25px\" aria-hidden=\"true\" class=\"wp-block-spacer\"><\/div>\n\n\n\n<h2 class=\"has-text-align-center wp-block-heading\">RESTITUTION DU MATERIEL \u2013 RETURN OF EQUIPMENT<\/h2>\n\n\n\n<hr class=\"wp-block-separator has-css-opacity\"\/>\n\n\n\n<p class=\"has-text-align-justify\">La restitution du mat\u00e9riel devra \u00eatre effectu\u00e9e avant 18h<em> \u2013 The return of the equipment should be carried out before 18pm.<\/em><\/p>\n\n\n\n<p class=\"has-text-align-justify\">La responsabilit\u00e9 du client est engag\u00e9e soit en cas de vol et, ou, d\u00e9gradations, soit en cas d\u2019utilisation abusive du v\u00e9lo <em>\u2013 The responsibility of the customer is engaged either in case of theft and or damage, or in the case of misuse of the bike.<\/em><\/p>\n\n\n\n<p class=\"has-text-align-justify\">En cas de dommages mat\u00e9riels, le montant des d\u00e9g\u00e2ts sera factur\u00e9 au locataire <em>\u2013 In case of damage, the amount of damage will be charged to the tenant.<\/em><\/p>\n\n\n\n<p class=\"has-text-align-justify\">Toute location d\u2019un v\u00e9lo le dimanche implique un retrait le samedi soir entre 6h et 7h et un retour le lundi matin entre 9h et 10h<\/p>\n\n\n\n<p class=\"has-text-align-justify\"><em>If you want to rent a bike on sunday you will have to pick up it on Saturday between 6 and 7 pm and return it on Monday morning between 9 and 10 am.<\/em><\/p>\n\n\n\n<div style=\"height:44px\" aria-hidden=\"true\" class=\"wp-block-spacer\"><\/div>\n\n\n\n<p class=\"has-text-align-justify\"><br>Pour r\u00e9server, il vous suffit de remplir\u00a0<a href=\"http:\/\/www.larouelibre.fr\/blog\/location\/reservation\/\" target=\"_blank\" rel=\"noreferrer noopener\">ce formulaire<\/a>\u00a0en indiquant quel v\u00e9lo vous souhaitez louer. Une personne vous \u00e9crira en retour pour valider votre r\u00e9servation. Tous les paiements seront effectu\u00e9s en magasin directement!<\/p>\n\n\n\n<p>To book, complete <a href=\"http:\/\/www.larouelibre.fr\/blog\/location\/reservation\/\" target=\"_blank\" rel=\"noreferrer noopener\">this form<\/a> indicating which bike you would like to rent. A person will write you in return to confirm your reservation. All payments will be made in our bike shop directly!<\/p>\n\n\n\n<div style=\"height:34px\" aria-hidden=\"true\" class=\"wp-block-spacer\"><\/div>\n\n\n\n<div class=\"wp-block-buttons is-layout-flex wp-block-buttons-is-layout-flex\">\n<div class=\"wp-block-button aligncenter\"><a class=\"wp-block-button__link\" href=\"http:\/\/www.larouelibre.fr\/blog\/location\/reservation\/\" target=\"_blank\" rel=\"noreferrer noopener\">RESERVEZ VOTRE VELO I BOOK YOUR BIKE<\/a><\/div>\n<\/div>\n","protected":false},"excerpt":{"rendered":"<p>NOS TARIFS \u2013 OUR PRICES Retrouvez l\u2019ensemble de nos tarifs et mod\u00e8les sur cette page. Find all of our prices and models on this page. Toute r\u00e9servation valid\u00e9e est due. Toute demande de location devra \u00eatre formul\u00e9e 48H \u00e0 l\u2019avance.Toute modification dans les 48h pr\u00e9c\u00e9dent la location sera factur\u00e9e 15 \u20ac.Any request of rent must [&hellip;]<\/p>\n","protected":false},"author":1,"featured_media":0,"parent":16035,"menu_order":0,"comment_status":"closed","ping_status":"closed","template":"","meta":{"jetpack_post_was_ever_published":false,"footnotes":""},"class_list":["post-16055","page","type-page","status-publish"],"yoast_head":"<!-- This site is optimized with the Yoast SEO plugin v26.5 - https:\/\/yoast.com\/wordpress\/plugins\/seo\/ -->\n<title>Conditions - La Roue Libre<\/title>\n<meta name=\"robots\" content=\"index, follow, max-snippet:-1, max-image-preview:large, max-video-preview:-1\" \/>\n<link rel=\"canonical\" href=\"https:\/\/www.larouelibre.fr\/blog\/location\/conditions\/\" \/>\n<meta property=\"og:locale\" content=\"fr_FR\" \/>\n<meta property=\"og:type\" content=\"article\" \/>\n<meta property=\"og:title\" content=\"Conditions - La Roue Libre\" \/>\n<meta property=\"og:description\" content=\"NOS TARIFS \u2013 OUR PRICES Retrouvez l\u2019ensemble de nos tarifs et mod\u00e8les sur cette page. Find all of our prices and models on this page. Toute r\u00e9servation valid\u00e9e est due. Toute demande de location devra \u00eatre formul\u00e9e 48H \u00e0 l\u2019avance.Toute modification dans les 48h pr\u00e9c\u00e9dent la location sera factur\u00e9e 15 \u20ac.Any request of rent must [&hellip;]\" \/>\n<meta property=\"og:url\" content=\"https:\/\/www.larouelibre.fr\/blog\/location\/conditions\/\" \/>\n<meta property=\"og:site_name\" content=\"La Roue Libre\" \/>\n<meta property=\"article:modified_time\" content=\"2022-06-02T16:28:34+00:00\" \/>\n<meta name=\"twitter:card\" content=\"summary_large_image\" \/>\n<meta name=\"twitter:label1\" content=\"Dur\u00e9e de lecture estim\u00e9e\" \/>\n\t<meta name=\"twitter:data1\" content=\"4 minutes\" \/>\n<script type=\"application\/ld+json\" class=\"yoast-schema-graph\">{\"@context\":\"https:\/\/schema.org\",\"@graph\":[{\"@type\":\"WebPage\",\"@id\":\"https:\/\/www.larouelibre.fr\/blog\/location\/conditions\/\",\"url\":\"https:\/\/www.larouelibre.fr\/blog\/location\/conditions\/\",\"name\":\"Conditions - La Roue Libre\",\"isPartOf\":{\"@id\":\"https:\/\/www.larouelibre.fr\/blog\/#website\"},\"datePublished\":\"2017-05-18T09:36:05+00:00\",\"dateModified\":\"2022-06-02T16:28:34+00:00\",\"breadcrumb\":{\"@id\":\"https:\/\/www.larouelibre.fr\/blog\/location\/conditions\/#breadcrumb\"},\"inLanguage\":\"fr-FR\",\"potentialAction\":[{\"@type\":\"ReadAction\",\"target\":[\"https:\/\/www.larouelibre.fr\/blog\/location\/conditions\/\"]}]},{\"@type\":\"BreadcrumbList\",\"@id\":\"https:\/\/www.larouelibre.fr\/blog\/location\/conditions\/#breadcrumb\",\"itemListElement\":[{\"@type\":\"ListItem\",\"position\":1,\"name\":\"Accueil\",\"item\":\"https:\/\/www.larouelibre.fr\/blog\/\"},{\"@type\":\"ListItem\",\"position\":2,\"name\":\"Location | Hire\",\"item\":\"https:\/\/www.larouelibre.fr\/blog\/location\/\"},{\"@type\":\"ListItem\",\"position\":3,\"name\":\"Conditions\"}]},{\"@type\":\"WebSite\",\"@id\":\"https:\/\/www.larouelibre.fr\/blog\/#website\",\"url\":\"https:\/\/www.larouelibre.fr\/blog\/\",\"name\":\"La Roue Libre\",\"description\":\"Votre sp\u00e9cialiste cycle, v\u00e9lo \u00e9lectrique, vtt, v\u00e9lo route \u00e0 Nice et cagnes sur mer\",\"potentialAction\":[{\"@type\":\"SearchAction\",\"target\":{\"@type\":\"EntryPoint\",\"urlTemplate\":\"https:\/\/www.larouelibre.fr\/blog\/?s={search_term_string}\"},\"query-input\":{\"@type\":\"PropertyValueSpecification\",\"valueRequired\":true,\"valueName\":\"search_term_string\"}}],\"inLanguage\":\"fr-FR\"}]}<\/script>\n<!-- \/ Yoast SEO plugin. -->","yoast_head_json":{"title":"Conditions - La Roue Libre","robots":{"index":"index","follow":"follow","max-snippet":"max-snippet:-1","max-image-preview":"max-image-preview:large","max-video-preview":"max-video-preview:-1"},"canonical":"https:\/\/www.larouelibre.fr\/blog\/location\/conditions\/","og_locale":"fr_FR","og_type":"article","og_title":"Conditions - La Roue Libre","og_description":"NOS TARIFS \u2013 OUR PRICES Retrouvez l\u2019ensemble de nos tarifs et mod\u00e8les sur cette page. Find all of our prices and models on this page. Toute r\u00e9servation valid\u00e9e est due. Toute demande de location devra \u00eatre formul\u00e9e 48H \u00e0 l\u2019avance.Toute modification dans les 48h pr\u00e9c\u00e9dent la location sera factur\u00e9e 15 \u20ac.Any request of rent must [&hellip;]","og_url":"https:\/\/www.larouelibre.fr\/blog\/location\/conditions\/","og_site_name":"La Roue Libre","article_modified_time":"2022-06-02T16:28:34+00:00","twitter_card":"summary_large_image","twitter_misc":{"Dur\u00e9e de lecture estim\u00e9e":"4 minutes"},"schema":{"@context":"https:\/\/schema.org","@graph":[{"@type":"WebPage","@id":"https:\/\/www.larouelibre.fr\/blog\/location\/conditions\/","url":"https:\/\/www.larouelibre.fr\/blog\/location\/conditions\/","name":"Conditions - La Roue Libre","isPartOf":{"@id":"https:\/\/www.larouelibre.fr\/blog\/#website"},"datePublished":"2017-05-18T09:36:05+00:00","dateModified":"2022-06-02T16:28:34+00:00","breadcrumb":{"@id":"https:\/\/www.larouelibre.fr\/blog\/location\/conditions\/#breadcrumb"},"inLanguage":"fr-FR","potentialAction":[{"@type":"ReadAction","target":["https:\/\/www.larouelibre.fr\/blog\/location\/conditions\/"]}]},{"@type":"BreadcrumbList","@id":"https:\/\/www.larouelibre.fr\/blog\/location\/conditions\/#breadcrumb","itemListElement":[{"@type":"ListItem","position":1,"name":"Accueil","item":"https:\/\/www.larouelibre.fr\/blog\/"},{"@type":"ListItem","position":2,"name":"Location | Hire","item":"https:\/\/www.larouelibre.fr\/blog\/location\/"},{"@type":"ListItem","position":3,"name":"Conditions"}]},{"@type":"WebSite","@id":"https:\/\/www.larouelibre.fr\/blog\/#website","url":"https:\/\/www.larouelibre.fr\/blog\/","name":"La Roue Libre","description":"Votre sp\u00e9cialiste cycle, v\u00e9lo \u00e9lectrique, vtt, v\u00e9lo route \u00e0 Nice et cagnes sur mer","potentialAction":[{"@type":"SearchAction","target":{"@type":"EntryPoint","urlTemplate":"https:\/\/www.larouelibre.fr\/blog\/?s={search_term_string}"},"query-input":{"@type":"PropertyValueSpecification","valueRequired":true,"valueName":"search_term_string"}}],"inLanguage":"fr-FR"}]}},"jetpack_sharing_enabled":true,"jetpack_shortlink":"https:\/\/wp.me\/P7po7v-4aX","jetpack-related-posts":[{"id":16065,"url":"https:\/\/www.larouelibre.fr\/blog\/location\/reservation\/","url_meta":{"origin":16055,"position":0},"title":"R\u00e9servation","author":"La Roue Libre","date":"18 mai 2017","format":false,"excerpt":"IMPORTANT Location sous r\u00e9serve de disponibilit\u00e9. Toute r\u00e9servation valid\u00e9e est due. Toute demande de location devra \u00eatre formul\u00e9e 48H \u00e0 l\u2019avance.Toute modification dans les 48h pr\u00e9c\u00e9dent la location sera factur\u00e9e 15 \u20ac. Les locations sont uniquement disponibles dans votre magasin La Roue Libre Nice au 20 Boulevard Arm\u00e9e des Alpes.\u2026","rel":"","context":"Article similaire","block_context":{"text":"Article similaire","link":""},"img":{"alt_text":"","src":"","width":0,"height":0},"classes":[]},{"id":16052,"url":"https:\/\/www.larouelibre.fr\/blog\/location\/nos-tarifs\/","url_meta":{"origin":16055,"position":1},"title":"Nos Tarifs","author":"La Roue Libre","date":"18 mai 2017","format":false,"excerpt":"Est inclus dans la location d\u2019un v\u00e9lo \u2013 Is included in the rent a bike: Une pompe \u2013 pump \u00a0Un kit de r\u00e9paration \u2013 repair Kit \u00a0Une paire de p\u00e9dales plates ou automatique \u2013 A pair of pedals flat or automatic Les p\u00e9dales automatiques disponibles sont des Look Delta ou\u2026","rel":"","context":"Article similaire","block_context":{"text":"Article similaire","link":""},"img":{"alt_text":"","src":"https:\/\/i0.wp.com\/www.larouelibre.fr\/blog\/wp-content\/uploads\/2025\/06\/tableau_tarifs_2025_one77-scaled.jpg?resize=350%2C200&ssl=1","width":350,"height":200,"srcset":"https:\/\/i0.wp.com\/www.larouelibre.fr\/blog\/wp-content\/uploads\/2025\/06\/tableau_tarifs_2025_one77-scaled.jpg?resize=350%2C200&ssl=1 1x, https:\/\/i0.wp.com\/www.larouelibre.fr\/blog\/wp-content\/uploads\/2025\/06\/tableau_tarifs_2025_one77-scaled.jpg?resize=525%2C300&ssl=1 1.5x, https:\/\/i0.wp.com\/www.larouelibre.fr\/blog\/wp-content\/uploads\/2025\/06\/tableau_tarifs_2025_one77-scaled.jpg?resize=700%2C400&ssl=1 2x, https:\/\/i0.wp.com\/www.larouelibre.fr\/blog\/wp-content\/uploads\/2025\/06\/tableau_tarifs_2025_one77-scaled.jpg?resize=1050%2C600&ssl=1 3x, https:\/\/i0.wp.com\/www.larouelibre.fr\/blog\/wp-content\/uploads\/2025\/06\/tableau_tarifs_2025_one77-scaled.jpg?resize=1400%2C800&ssl=1 4x"},"classes":[]},{"id":16046,"url":"https:\/\/www.larouelibre.fr\/blog\/location\/nos-modeles\/","url_meta":{"origin":16055,"position":2},"title":"Nos mod\u00e8les","author":"La Roue Libre","date":"18 mai 2017","format":false,"excerpt":"La Roue Libre met \u00e0 votre disposition un programme de location de cycles. Vous pouvez ainsi louer un v\u00e9lo de route ou un vtt \u00e9lectrique par jour ou \u00e0 la semaine! Un Lapierre Xelius SL et des Cube Stereo Hybrid One 77 sont mis \u00e0 votre disposition. Et nouveaut\u00e9 cette\u2026","rel":"","context":"Article similaire","block_context":{"text":"Article similaire","link":""},"img":{"alt_text":"","src":"https:\/\/i0.wp.com\/www.larouelibre.fr\/blog\/wp-content\/uploads\/2025\/06\/synqup_803400_360I_00_1920x1920-2.jpg?resize=350%2C200&ssl=1","width":350,"height":200,"srcset":"https:\/\/i0.wp.com\/www.larouelibre.fr\/blog\/wp-content\/uploads\/2025\/06\/synqup_803400_360I_00_1920x1920-2.jpg?resize=350%2C200&ssl=1 1x, https:\/\/i0.wp.com\/www.larouelibre.fr\/blog\/wp-content\/uploads\/2025\/06\/synqup_803400_360I_00_1920x1920-2.jpg?resize=525%2C300&ssl=1 1.5x, https:\/\/i0.wp.com\/www.larouelibre.fr\/blog\/wp-content\/uploads\/2025\/06\/synqup_803400_360I_00_1920x1920-2.jpg?resize=700%2C400&ssl=1 2x"},"classes":[]},{"id":15969,"url":"https:\/\/www.larouelibre.fr\/blog\/location-vtt-electrique-nice\/","url_meta":{"origin":16055,"position":3},"title":"Location VAE Electric Bike Hire","author":"La Roue Libre","date":"13 avril 2017","format":false,"excerpt":"Vous souhaitez louer un VTT \u00e9lectrique pour essayer ou simplement pour passer un week-end en montagne? C'est possible! En location \u00e0 partir de 80 euros, les Cube Stereo Hybrid One 77 sont disponibles en plusieurs tailles. Et bonne nouvelle, si apr\u00e8s cette location vous d\u00e9cidez d'acheter un v\u00e9lo \u00e9lectrique neuf\u2026","rel":"","context":"Article similaire","block_context":{"text":"Article similaire","link":""},"img":{"alt_text":"","src":"https:\/\/i0.wp.com\/www.larouelibre.fr\/blog\/wp-content\/uploads\/2025\/06\/synqup_803400_360I_00_1920x1920-1.jpg?resize=350%2C200&ssl=1","width":350,"height":200,"srcset":"https:\/\/i0.wp.com\/www.larouelibre.fr\/blog\/wp-content\/uploads\/2025\/06\/synqup_803400_360I_00_1920x1920-1.jpg?resize=350%2C200&ssl=1 1x, https:\/\/i0.wp.com\/www.larouelibre.fr\/blog\/wp-content\/uploads\/2025\/06\/synqup_803400_360I_00_1920x1920-1.jpg?resize=525%2C300&ssl=1 1.5x, https:\/\/i0.wp.com\/www.larouelibre.fr\/blog\/wp-content\/uploads\/2025\/06\/synqup_803400_360I_00_1920x1920-1.jpg?resize=700%2C400&ssl=1 2x"},"classes":[]},{"id":18846,"url":"https:\/\/www.larouelibre.fr\/blog\/livraison\/","url_meta":{"origin":16055,"position":4},"title":"Livraison","author":"La Roue Libre","date":"30 mars 2018","format":false,"excerpt":"La Roue libre fait confiance \u00e0 La Poste pour la livraison de ses colis via Colissimo ou lettre suivie pour les petits objets (hors envoi de v\u00e9lo). Une fois le colis pr\u00e9par\u00e9 par nos soins, il vous sera livr\u00e9 dans un d\u00e9lai indicatif de 48h et remis dans votre bo\u00eete\u2026","rel":"","context":"Article similaire","block_context":{"text":"Article similaire","link":""},"img":{"alt_text":"","src":"","width":0,"height":0},"classes":[]},{"id":16035,"url":"https:\/\/www.larouelibre.fr\/blog\/location\/","url_meta":{"origin":16055,"position":5},"title":"Location | Hire","author":"La Roue Libre","date":"27 avril 2017","format":false,"excerpt":"La Roue Libre met \u00e0 votre disposition un programme de location de cycles. Vous pouvez ainsi louer un v\u00e9lo de route ou un vtt \u00e9lectrique par jour ou \u00e0 la semaine! Un Lapierre Xelius SL et des Cube Stereo Hybrid One 77 ainsi que des valises de transport sont mis\u2026","rel":"","context":"Article similaire","block_context":{"text":"Article similaire","link":""},"img":{"alt_text":"","src":"","width":0,"height":0},"classes":[]}],"_links":{"self":[{"href":"https:\/\/www.larouelibre.fr\/blog\/wp-json\/wp\/v2\/pages\/16055","targetHints":{"allow":["GET"]}}],"collection":[{"href":"https:\/\/www.larouelibre.fr\/blog\/wp-json\/wp\/v2\/pages"}],"about":[{"href":"https:\/\/www.larouelibre.fr\/blog\/wp-json\/wp\/v2\/types\/page"}],"author":[{"embeddable":true,"href":"https:\/\/www.larouelibre.fr\/blog\/wp-json\/wp\/v2\/users\/1"}],"replies":[{"embeddable":true,"href":"https:\/\/www.larouelibre.fr\/blog\/wp-json\/wp\/v2\/comments?post=16055"}],"version-history":[{"count":15,"href":"https:\/\/www.larouelibre.fr\/blog\/wp-json\/wp\/v2\/pages\/16055\/revisions"}],"predecessor-version":[{"id":22567,"href":"https:\/\/www.larouelibre.fr\/blog\/wp-json\/wp\/v2\/pages\/16055\/revisions\/22567"}],"up":[{"embeddable":true,"href":"https:\/\/www.larouelibre.fr\/blog\/wp-json\/wp\/v2\/pages\/16035"}],"wp:attachment":[{"href":"https:\/\/www.larouelibre.fr\/blog\/wp-json\/wp\/v2\/media?parent=16055"}],"curies":[{"name":"wp","href":"https:\/\/api.w.org\/{rel}","templated":true}]}}