{"id":16052,"date":"2017-05-18T11:00:08","date_gmt":"2017-05-18T09:00:08","guid":{"rendered":"http:\/\/localhost\/larouelibreNew\/?page_id=16052"},"modified":"2025-06-10T11:28:06","modified_gmt":"2025-06-10T09:28:06","slug":"nos-tarifs","status":"publish","type":"page","link":"https:\/\/www.larouelibre.fr\/blog\/location\/nos-tarifs\/","title":{"rendered":"Nos Tarifs"},"content":{"rendered":"\n<p class=\"has-text-align-center\"><em><i class=\"fa fa-angle-right\" style=\"margin-right: 5px;\"><\/i><\/em><\/p>\n\n\n<div class=\"wp-block-image\">\n<figure class=\"aligncenter size-large\"><img data-recalc-dims=\"1\" loading=\"lazy\" decoding=\"async\" width=\"696\" height=\"361\" data-attachment-id=\"23297\" data-permalink=\"https:\/\/www.larouelibre.fr\/blog\/location\/nos-tarifs\/tableau_tarifs_2025_one77\/\" data-orig-file=\"https:\/\/i0.wp.com\/www.larouelibre.fr\/blog\/wp-content\/uploads\/2025\/06\/tableau_tarifs_2025_one77-scaled.jpg?fit=2560%2C1328&amp;ssl=1\" data-orig-size=\"2560,1328\" data-comments-opened=\"1\" data-image-meta=\"{&quot;aperture&quot;:&quot;0&quot;,&quot;credit&quot;:&quot;&quot;,&quot;camera&quot;:&quot;&quot;,&quot;caption&quot;:&quot;&quot;,&quot;created_timestamp&quot;:&quot;0&quot;,&quot;copyright&quot;:&quot;&quot;,&quot;focal_length&quot;:&quot;0&quot;,&quot;iso&quot;:&quot;0&quot;,&quot;shutter_speed&quot;:&quot;0&quot;,&quot;title&quot;:&quot;&quot;,&quot;orientation&quot;:&quot;0&quot;}\" data-image-title=\"tableau_tarifs_2025_one77\" data-image-description=\"\" data-image-caption=\"\" data-medium-file=\"https:\/\/i0.wp.com\/www.larouelibre.fr\/blog\/wp-content\/uploads\/2025\/06\/tableau_tarifs_2025_one77-scaled.jpg?fit=771%2C400&amp;ssl=1\" data-large-file=\"https:\/\/i0.wp.com\/www.larouelibre.fr\/blog\/wp-content\/uploads\/2025\/06\/tableau_tarifs_2025_one77-scaled.jpg?fit=696%2C361&amp;ssl=1\" src=\"https:\/\/i0.wp.com\/www.larouelibre.fr\/blog\/wp-content\/uploads\/2025\/06\/tableau_tarifs_2025_one77.jpg?resize=696%2C361&#038;ssl=1\" alt=\"\" class=\"wp-image-23297\" srcset=\"https:\/\/i0.wp.com\/www.larouelibre.fr\/blog\/wp-content\/uploads\/2025\/06\/tableau_tarifs_2025_one77-scaled.jpg?resize=1400%2C726&amp;ssl=1 1400w, https:\/\/i0.wp.com\/www.larouelibre.fr\/blog\/wp-content\/uploads\/2025\/06\/tableau_tarifs_2025_one77-scaled.jpg?resize=771%2C400&amp;ssl=1 771w, https:\/\/i0.wp.com\/www.larouelibre.fr\/blog\/wp-content\/uploads\/2025\/06\/tableau_tarifs_2025_one77-scaled.jpg?resize=768%2C398&amp;ssl=1 768w, https:\/\/i0.wp.com\/www.larouelibre.fr\/blog\/wp-content\/uploads\/2025\/06\/tableau_tarifs_2025_one77-scaled.jpg?resize=1536%2C797&amp;ssl=1 1536w, https:\/\/i0.wp.com\/www.larouelibre.fr\/blog\/wp-content\/uploads\/2025\/06\/tableau_tarifs_2025_one77-scaled.jpg?resize=2048%2C1062&amp;ssl=1 2048w, https:\/\/i0.wp.com\/www.larouelibre.fr\/blog\/wp-content\/uploads\/2025\/06\/tableau_tarifs_2025_one77-scaled.jpg?resize=696%2C361&amp;ssl=1 696w, https:\/\/i0.wp.com\/www.larouelibre.fr\/blog\/wp-content\/uploads\/2025\/06\/tableau_tarifs_2025_one77-scaled.jpg?resize=1068%2C554&amp;ssl=1 1068w, https:\/\/i0.wp.com\/www.larouelibre.fr\/blog\/wp-content\/uploads\/2025\/06\/tableau_tarifs_2025_one77-scaled.jpg?resize=1920%2C996&amp;ssl=1 1920w\" sizes=\"auto, (max-width: 696px) 100vw, 696px\" \/><\/figure>\n<\/div>\n\n\n<p class=\"has-text-align-center\"><em><strong class=\"textBlue\">Est inclus dans la location d\u2019un v\u00e9lo \u2013 Is included in the rent a bike:<\/strong><\/em><\/p>\n\n\n\n<p class=\"has-text-align-center\"><i class=\"fa fa-check\"><\/i> Une pompe \u2013 <em class=\"textBlue\">pump<\/em><\/p>\n\n\n\n<p class=\"has-text-align-center\"><i class=\"fa fa-check\"><\/i>&nbsp;Un kit de r\u00e9paration \u2013 <em class=\"textBlue\">repair Kit<\/em><\/p>\n\n\n\n<p class=\"has-text-align-center\"><i class=\"fa fa-check\">&nbsp;Une paire de p\u00e9dales plates ou automatique \u2013 <em class=\"textBlue\">A pair of pedals flat or automatic<\/em><\/i><\/p>\n\n\n\n<hr class=\"wp-block-separator has-css-opacity\"\/>\n\n\n\n<p class=\"has-text-align-justify\"><span style=\"color: #0099c4;\"><i class=\"fa fa-exclamation-triangle\"><\/i> Les p\u00e9dales automatiques disponibles sont des Look Delta ou K\u00e9o et Shimano SPD ou SPD-SL. Nous vous recommandons d\u2019apporter vos p\u00e9dales si votre mod\u00e8le n\u2019est pas mentionn\u00e9e.<\/span><\/p>\n\n\n\n<p class=\"has-text-align-justify\"><span style=\"color: #0099c4;\"><i class=\"fa fa-exclamation-triangle\"> <em>The available automatic pedals are Look Delta or Keo and Shimano SPD or SPD-SL. We recommend that you bring your pedals especially if the brand is not mentioned.<\/em><\/i><\/span><\/p>\n\n\n\n<hr class=\"wp-block-separator has-css-opacity\"\/>\n\n\n\n<p class=\"has-text-align-justify\"><strong><em><i class=\"fa fa-info-circle\"><\/i> Il est possible de louer un casque pour 5\u20ac par jour \u2013 It is possible to rent a helmet for \u20ac 5 per day<\/em><\/strong><\/p>\n\n\n\n<p class=\"has-text-align-justify\"><i class=\"fa fa-info-circle\"><\/i> <em><strong>La mise aux c\u00f4tes d\u2019un v\u00e9lo (hors hauteur de selle) est factur\u00e9e 20\u20ac \u2013 Putting the coast of a bicycle (excluding saddle height) is charged 20\u20ac<\/strong><\/em><\/p>\n\n\n\n<p><strong>Vous souhaitez transporter votre v\u00e9lo? <a href=\"https:\/\/www.larouelibre.fr\/blog\/location\/nos-modeles\/\">Nous vous louons une housse de transport!<\/a><\/strong>  <em><strong>Do you want to transport your bike? <a href=\"https:\/\/www.larouelibre.fr\/blog\/location\/nos-modeles\/\">We rent you a carrying case!<\/a><\/strong><\/em><\/p>\n\n\n\n<p><\/p>\n\n\n\n<p><\/p>\n\n\n\n<p class=\"has-text-align-center\"><span style=\"color: #0099c4;\"><i class=\"fa fa-exclamation-triangle\"> Pour toute location de v\u00e9lo, une caution par carte de cr\u00e9dit est obligatoire. <\/i><\/span><\/p>\n\n\n\n<p class=\"has-text-align-center\"><span style=\"color: #0099c4;\"><i class=\"fa fa-exclamation-triangle\"> <em>For any bike rental, a deposit by credit card is required.<\/em><\/span><\/p>\n\n\n\n<div style=\"height:20px\" aria-hidden=\"true\" class=\"wp-block-spacer\"><\/div>\n\n\n\n<p class=\"has-text-align-justify\">Pour r\u00e9server, il vous suffit de remplir&nbsp;<a href=\"http:\/\/www.larouelibre.fr\/blog\/location\/reservation\/\" target=\"_blank\" rel=\"noreferrer noopener\">ce formulaire<\/a>&nbsp;en indiquant quel v\u00e9lo vous souhaitez louer. Une personne vous \u00e9crira en retour pour valider votre r\u00e9servation. Tous les paiements seront effectu\u00e9s en magasin directement!<\/p>\n\n\n\n<p class=\"has-text-align-justify\">To book, complete&nbsp;<a href=\"http:\/\/www.larouelibre.fr\/blog\/location\/reservation\/\" target=\"_blank\" rel=\"noreferrer noopener\">this form<\/a>&nbsp;indicating which bike you would like to rent. A person will write you in return to confirm your reservation. All payments will be made in our bike shop directly!<\/p>\n\n\n\n<div style=\"height:27px\" aria-hidden=\"true\" class=\"wp-block-spacer\"><\/div>\n\n\n\n<div class=\"wp-block-buttons is-layout-flex wp-block-buttons-is-layout-flex\">\n<div class=\"wp-block-button aligncenter\"><a class=\"wp-block-button__link wp-element-button\" href=\"http:\/\/www.larouelibre.fr\/blog\/location\/reservation\/\" target=\"_blank\" rel=\"noreferrer noopener\">RESERVEZ VOTRE VELO I BOOK YOUR BIKE<\/a><\/div>\n<\/div>\n","protected":false},"excerpt":{"rendered":"<p>Est inclus dans la location d\u2019un v\u00e9lo \u2013 Is included in the rent a bike: Une pompe \u2013 pump &nbsp;Un kit de r\u00e9paration \u2013 repair Kit &nbsp;Une paire de p\u00e9dales plates ou automatique \u2013 A pair of pedals flat or automatic Les p\u00e9dales automatiques disponibles sont des Look Delta ou K\u00e9o et Shimano SPD ou [&hellip;]<\/p>\n","protected":false},"author":1,"featured_media":0,"parent":16035,"menu_order":0,"comment_status":"closed","ping_status":"closed","template":"","meta":{"jetpack_post_was_ever_published":false,"footnotes":""},"class_list":["post-16052","page","type-page","status-publish"],"yoast_head":"<!-- This site is optimized with the Yoast SEO plugin v26.5 - https:\/\/yoast.com\/wordpress\/plugins\/seo\/ -->\n<title>Nos Tarifs - La Roue Libre<\/title>\n<meta name=\"robots\" content=\"index, follow, max-snippet:-1, max-image-preview:large, max-video-preview:-1\" \/>\n<link rel=\"canonical\" href=\"https:\/\/www.larouelibre.fr\/blog\/location\/nos-tarifs\/\" \/>\n<meta property=\"og:locale\" content=\"fr_FR\" \/>\n<meta property=\"og:type\" content=\"article\" \/>\n<meta property=\"og:title\" content=\"Nos Tarifs - La Roue Libre\" \/>\n<meta property=\"og:description\" content=\"Est inclus dans la location d\u2019un v\u00e9lo \u2013 Is included in the rent a bike: Une pompe \u2013 pump &nbsp;Un kit de r\u00e9paration \u2013 repair Kit &nbsp;Une paire de p\u00e9dales plates ou automatique \u2013 A pair of pedals flat or automatic Les p\u00e9dales automatiques disponibles sont des Look Delta ou K\u00e9o et Shimano SPD ou [&hellip;]\" \/>\n<meta property=\"og:url\" content=\"https:\/\/www.larouelibre.fr\/blog\/location\/nos-tarifs\/\" \/>\n<meta property=\"og:site_name\" content=\"La Roue Libre\" \/>\n<meta property=\"article:modified_time\" content=\"2025-06-10T09:28:06+00:00\" \/>\n<meta property=\"og:image\" content=\"https:\/\/www.larouelibre.fr\/blog\/wp-content\/uploads\/2025\/06\/tableau_tarifs_2025_one77-1400x726.jpg\" \/>\n<meta name=\"twitter:card\" content=\"summary_large_image\" \/>\n<meta name=\"twitter:label1\" content=\"Dur\u00e9e de lecture estim\u00e9e\" \/>\n\t<meta name=\"twitter:data1\" content=\"2 minutes\" \/>\n<script type=\"application\/ld+json\" class=\"yoast-schema-graph\">{\"@context\":\"https:\/\/schema.org\",\"@graph\":[{\"@type\":\"WebPage\",\"@id\":\"https:\/\/www.larouelibre.fr\/blog\/location\/nos-tarifs\/\",\"url\":\"https:\/\/www.larouelibre.fr\/blog\/location\/nos-tarifs\/\",\"name\":\"Nos Tarifs - La Roue Libre\",\"isPartOf\":{\"@id\":\"https:\/\/www.larouelibre.fr\/blog\/#website\"},\"primaryImageOfPage\":{\"@id\":\"https:\/\/www.larouelibre.fr\/blog\/location\/nos-tarifs\/#primaryimage\"},\"image\":{\"@id\":\"https:\/\/www.larouelibre.fr\/blog\/location\/nos-tarifs\/#primaryimage\"},\"thumbnailUrl\":\"https:\/\/www.larouelibre.fr\/blog\/wp-content\/uploads\/2025\/06\/tableau_tarifs_2025_one77-1400x726.jpg\",\"datePublished\":\"2017-05-18T09:00:08+00:00\",\"dateModified\":\"2025-06-10T09:28:06+00:00\",\"breadcrumb\":{\"@id\":\"https:\/\/www.larouelibre.fr\/blog\/location\/nos-tarifs\/#breadcrumb\"},\"inLanguage\":\"fr-FR\",\"potentialAction\":[{\"@type\":\"ReadAction\",\"target\":[\"https:\/\/www.larouelibre.fr\/blog\/location\/nos-tarifs\/\"]}]},{\"@type\":\"ImageObject\",\"inLanguage\":\"fr-FR\",\"@id\":\"https:\/\/www.larouelibre.fr\/blog\/location\/nos-tarifs\/#primaryimage\",\"url\":\"https:\/\/i0.wp.com\/www.larouelibre.fr\/blog\/wp-content\/uploads\/2025\/06\/tableau_tarifs_2025_one77-scaled.jpg?fit=2560%2C1328&ssl=1\",\"contentUrl\":\"https:\/\/i0.wp.com\/www.larouelibre.fr\/blog\/wp-content\/uploads\/2025\/06\/tableau_tarifs_2025_one77-scaled.jpg?fit=2560%2C1328&ssl=1\",\"width\":2560,\"height\":1328},{\"@type\":\"BreadcrumbList\",\"@id\":\"https:\/\/www.larouelibre.fr\/blog\/location\/nos-tarifs\/#breadcrumb\",\"itemListElement\":[{\"@type\":\"ListItem\",\"position\":1,\"name\":\"Accueil\",\"item\":\"https:\/\/www.larouelibre.fr\/blog\/\"},{\"@type\":\"ListItem\",\"position\":2,\"name\":\"Location | Hire\",\"item\":\"https:\/\/www.larouelibre.fr\/blog\/location\/\"},{\"@type\":\"ListItem\",\"position\":3,\"name\":\"Nos Tarifs\"}]},{\"@type\":\"WebSite\",\"@id\":\"https:\/\/www.larouelibre.fr\/blog\/#website\",\"url\":\"https:\/\/www.larouelibre.fr\/blog\/\",\"name\":\"La Roue Libre\",\"description\":\"Votre sp\u00e9cialiste cycle, v\u00e9lo \u00e9lectrique, vtt, v\u00e9lo route \u00e0 Nice et cagnes sur mer\",\"potentialAction\":[{\"@type\":\"SearchAction\",\"target\":{\"@type\":\"EntryPoint\",\"urlTemplate\":\"https:\/\/www.larouelibre.fr\/blog\/?s={search_term_string}\"},\"query-input\":{\"@type\":\"PropertyValueSpecification\",\"valueRequired\":true,\"valueName\":\"search_term_string\"}}],\"inLanguage\":\"fr-FR\"}]}<\/script>\n<!-- \/ Yoast SEO plugin. -->","yoast_head_json":{"title":"Nos Tarifs - La Roue Libre","robots":{"index":"index","follow":"follow","max-snippet":"max-snippet:-1","max-image-preview":"max-image-preview:large","max-video-preview":"max-video-preview:-1"},"canonical":"https:\/\/www.larouelibre.fr\/blog\/location\/nos-tarifs\/","og_locale":"fr_FR","og_type":"article","og_title":"Nos Tarifs - La Roue Libre","og_description":"Est inclus dans la location d\u2019un v\u00e9lo \u2013 Is included in the rent a bike: Une pompe \u2013 pump &nbsp;Un kit de r\u00e9paration \u2013 repair Kit &nbsp;Une paire de p\u00e9dales plates ou automatique \u2013 A pair of pedals flat or automatic Les p\u00e9dales automatiques disponibles sont des Look Delta ou K\u00e9o et Shimano SPD ou [&hellip;]","og_url":"https:\/\/www.larouelibre.fr\/blog\/location\/nos-tarifs\/","og_site_name":"La Roue Libre","article_modified_time":"2025-06-10T09:28:06+00:00","og_image":[{"url":"https:\/\/www.larouelibre.fr\/blog\/wp-content\/uploads\/2025\/06\/tableau_tarifs_2025_one77-1400x726.jpg","type":"","width":"","height":""}],"twitter_card":"summary_large_image","twitter_misc":{"Dur\u00e9e de lecture estim\u00e9e":"2 minutes"},"schema":{"@context":"https:\/\/schema.org","@graph":[{"@type":"WebPage","@id":"https:\/\/www.larouelibre.fr\/blog\/location\/nos-tarifs\/","url":"https:\/\/www.larouelibre.fr\/blog\/location\/nos-tarifs\/","name":"Nos Tarifs - La Roue Libre","isPartOf":{"@id":"https:\/\/www.larouelibre.fr\/blog\/#website"},"primaryImageOfPage":{"@id":"https:\/\/www.larouelibre.fr\/blog\/location\/nos-tarifs\/#primaryimage"},"image":{"@id":"https:\/\/www.larouelibre.fr\/blog\/location\/nos-tarifs\/#primaryimage"},"thumbnailUrl":"https:\/\/www.larouelibre.fr\/blog\/wp-content\/uploads\/2025\/06\/tableau_tarifs_2025_one77-1400x726.jpg","datePublished":"2017-05-18T09:00:08+00:00","dateModified":"2025-06-10T09:28:06+00:00","breadcrumb":{"@id":"https:\/\/www.larouelibre.fr\/blog\/location\/nos-tarifs\/#breadcrumb"},"inLanguage":"fr-FR","potentialAction":[{"@type":"ReadAction","target":["https:\/\/www.larouelibre.fr\/blog\/location\/nos-tarifs\/"]}]},{"@type":"ImageObject","inLanguage":"fr-FR","@id":"https:\/\/www.larouelibre.fr\/blog\/location\/nos-tarifs\/#primaryimage","url":"https:\/\/i0.wp.com\/www.larouelibre.fr\/blog\/wp-content\/uploads\/2025\/06\/tableau_tarifs_2025_one77-scaled.jpg?fit=2560%2C1328&ssl=1","contentUrl":"https:\/\/i0.wp.com\/www.larouelibre.fr\/blog\/wp-content\/uploads\/2025\/06\/tableau_tarifs_2025_one77-scaled.jpg?fit=2560%2C1328&ssl=1","width":2560,"height":1328},{"@type":"BreadcrumbList","@id":"https:\/\/www.larouelibre.fr\/blog\/location\/nos-tarifs\/#breadcrumb","itemListElement":[{"@type":"ListItem","position":1,"name":"Accueil","item":"https:\/\/www.larouelibre.fr\/blog\/"},{"@type":"ListItem","position":2,"name":"Location | Hire","item":"https:\/\/www.larouelibre.fr\/blog\/location\/"},{"@type":"ListItem","position":3,"name":"Nos Tarifs"}]},{"@type":"WebSite","@id":"https:\/\/www.larouelibre.fr\/blog\/#website","url":"https:\/\/www.larouelibre.fr\/blog\/","name":"La Roue Libre","description":"Votre sp\u00e9cialiste cycle, v\u00e9lo \u00e9lectrique, vtt, v\u00e9lo route \u00e0 Nice et cagnes sur mer","potentialAction":[{"@type":"SearchAction","target":{"@type":"EntryPoint","urlTemplate":"https:\/\/www.larouelibre.fr\/blog\/?s={search_term_string}"},"query-input":{"@type":"PropertyValueSpecification","valueRequired":true,"valueName":"search_term_string"}}],"inLanguage":"fr-FR"}]}},"jetpack_sharing_enabled":true,"jetpack_shortlink":"https:\/\/wp.me\/P7po7v-4aU","jetpack-related-posts":[{"id":16055,"url":"https:\/\/www.larouelibre.fr\/blog\/location\/conditions\/","url_meta":{"origin":16052,"position":0},"title":"Conditions","author":"La Roue Libre","date":"18 mai 2017","format":false,"excerpt":"NOS TARIFS \u2013 OUR PRICES Retrouvez l\u2019ensemble de nos tarifs et mod\u00e8les sur cette page. Find all of our prices and models on this page. Toute r\u00e9servation valid\u00e9e est due. Toute demande de location devra \u00eatre formul\u00e9e 48H \u00e0 l\u2019avance.Toute modification dans les 48h pr\u00e9c\u00e9dent la location sera factur\u00e9e 15\u2026","rel":"","context":"Article similaire","block_context":{"text":"Article similaire","link":""},"img":{"alt_text":"","src":"","width":0,"height":0},"classes":[]},{"id":16046,"url":"https:\/\/www.larouelibre.fr\/blog\/location\/nos-modeles\/","url_meta":{"origin":16052,"position":1},"title":"Nos mod\u00e8les","author":"La Roue Libre","date":"18 mai 2017","format":false,"excerpt":"La Roue Libre met \u00e0 votre disposition un programme de location de cycles. Vous pouvez ainsi louer un v\u00e9lo de route ou un vtt \u00e9lectrique par jour ou \u00e0 la semaine! Un Lapierre Xelius SL et des Cube Stereo Hybrid One 77 sont mis \u00e0 votre disposition. Et nouveaut\u00e9 cette\u2026","rel":"","context":"Article similaire","block_context":{"text":"Article similaire","link":""},"img":{"alt_text":"","src":"https:\/\/i0.wp.com\/www.larouelibre.fr\/blog\/wp-content\/uploads\/2025\/06\/synqup_803400_360I_00_1920x1920-2.jpg?resize=350%2C200&ssl=1","width":350,"height":200,"srcset":"https:\/\/i0.wp.com\/www.larouelibre.fr\/blog\/wp-content\/uploads\/2025\/06\/synqup_803400_360I_00_1920x1920-2.jpg?resize=350%2C200&ssl=1 1x, https:\/\/i0.wp.com\/www.larouelibre.fr\/blog\/wp-content\/uploads\/2025\/06\/synqup_803400_360I_00_1920x1920-2.jpg?resize=525%2C300&ssl=1 1.5x, https:\/\/i0.wp.com\/www.larouelibre.fr\/blog\/wp-content\/uploads\/2025\/06\/synqup_803400_360I_00_1920x1920-2.jpg?resize=700%2C400&ssl=1 2x"},"classes":[]},{"id":15969,"url":"https:\/\/www.larouelibre.fr\/blog\/location-vtt-electrique-nice\/","url_meta":{"origin":16052,"position":2},"title":"Location VAE Electric Bike Hire","author":"La Roue Libre","date":"13 avril 2017","format":false,"excerpt":"Vous souhaitez louer un VTT \u00e9lectrique pour essayer ou simplement pour passer un week-end en montagne? C'est possible! En location \u00e0 partir de 80 euros, les Cube Stereo Hybrid One 77 sont disponibles en plusieurs tailles. Et bonne nouvelle, si apr\u00e8s cette location vous d\u00e9cidez d'acheter un v\u00e9lo \u00e9lectrique neuf\u2026","rel":"","context":"Article similaire","block_context":{"text":"Article similaire","link":""},"img":{"alt_text":"","src":"https:\/\/i0.wp.com\/www.larouelibre.fr\/blog\/wp-content\/uploads\/2025\/06\/synqup_803400_360I_00_1920x1920-1.jpg?resize=350%2C200&ssl=1","width":350,"height":200,"srcset":"https:\/\/i0.wp.com\/www.larouelibre.fr\/blog\/wp-content\/uploads\/2025\/06\/synqup_803400_360I_00_1920x1920-1.jpg?resize=350%2C200&ssl=1 1x, https:\/\/i0.wp.com\/www.larouelibre.fr\/blog\/wp-content\/uploads\/2025\/06\/synqup_803400_360I_00_1920x1920-1.jpg?resize=525%2C300&ssl=1 1.5x, https:\/\/i0.wp.com\/www.larouelibre.fr\/blog\/wp-content\/uploads\/2025\/06\/synqup_803400_360I_00_1920x1920-1.jpg?resize=700%2C400&ssl=1 2x"},"classes":[]},{"id":16035,"url":"https:\/\/www.larouelibre.fr\/blog\/location\/","url_meta":{"origin":16052,"position":3},"title":"Location | Hire","author":"La Roue Libre","date":"27 avril 2017","format":false,"excerpt":"La Roue Libre met \u00e0 votre disposition un programme de location de cycles. Vous pouvez ainsi louer un v\u00e9lo de route ou un vtt \u00e9lectrique par jour ou \u00e0 la semaine! Un Lapierre Xelius SL et des Cube Stereo Hybrid One 77 ainsi que des valises de transport sont mis\u2026","rel":"","context":"Article similaire","block_context":{"text":"Article similaire","link":""},"img":{"alt_text":"","src":"","width":0,"height":0},"classes":[]},{"id":16065,"url":"https:\/\/www.larouelibre.fr\/blog\/location\/reservation\/","url_meta":{"origin":16052,"position":4},"title":"R\u00e9servation","author":"La Roue Libre","date":"18 mai 2017","format":false,"excerpt":"IMPORTANT Location sous r\u00e9serve de disponibilit\u00e9. Toute r\u00e9servation valid\u00e9e est due. Toute demande de location devra \u00eatre formul\u00e9e 48H \u00e0 l\u2019avance.Toute modification dans les 48h pr\u00e9c\u00e9dent la location sera factur\u00e9e 15 \u20ac. Les locations sont uniquement disponibles dans votre magasin La Roue Libre Nice au 20 Boulevard Arm\u00e9e des Alpes.\u2026","rel":"","context":"Article similaire","block_context":{"text":"Article similaire","link":""},"img":{"alt_text":"","src":"","width":0,"height":0},"classes":[]},{"id":18846,"url":"https:\/\/www.larouelibre.fr\/blog\/livraison\/","url_meta":{"origin":16052,"position":5},"title":"Livraison","author":"La Roue Libre","date":"30 mars 2018","format":false,"excerpt":"La Roue libre fait confiance \u00e0 La Poste pour la livraison de ses colis via Colissimo ou lettre suivie pour les petits objets (hors envoi de v\u00e9lo). Une fois le colis pr\u00e9par\u00e9 par nos soins, il vous sera livr\u00e9 dans un d\u00e9lai indicatif de 48h et remis dans votre bo\u00eete\u2026","rel":"","context":"Article similaire","block_context":{"text":"Article similaire","link":""},"img":{"alt_text":"","src":"","width":0,"height":0},"classes":[]}],"_links":{"self":[{"href":"https:\/\/www.larouelibre.fr\/blog\/wp-json\/wp\/v2\/pages\/16052","targetHints":{"allow":["GET"]}}],"collection":[{"href":"https:\/\/www.larouelibre.fr\/blog\/wp-json\/wp\/v2\/pages"}],"about":[{"href":"https:\/\/www.larouelibre.fr\/blog\/wp-json\/wp\/v2\/types\/page"}],"author":[{"embeddable":true,"href":"https:\/\/www.larouelibre.fr\/blog\/wp-json\/wp\/v2\/users\/1"}],"replies":[{"embeddable":true,"href":"https:\/\/www.larouelibre.fr\/blog\/wp-json\/wp\/v2\/comments?post=16052"}],"version-history":[{"count":33,"href":"https:\/\/www.larouelibre.fr\/blog\/wp-json\/wp\/v2\/pages\/16052\/revisions"}],"predecessor-version":[{"id":23298,"href":"https:\/\/www.larouelibre.fr\/blog\/wp-json\/wp\/v2\/pages\/16052\/revisions\/23298"}],"up":[{"embeddable":true,"href":"https:\/\/www.larouelibre.fr\/blog\/wp-json\/wp\/v2\/pages\/16035"}],"wp:attachment":[{"href":"https:\/\/www.larouelibre.fr\/blog\/wp-json\/wp\/v2\/media?parent=16052"}],"curies":[{"name":"wp","href":"https:\/\/api.w.org\/{rel}","templated":true}]}}