{"id":16022,"date":"2017-04-25T18:32:55","date_gmt":"2017-04-25T16:32:55","guid":{"rendered":"http:\/\/localhost\/larouelibreNew\/?page_id=16022"},"modified":"2022-05-04T16:03:11","modified_gmt":"2022-05-04T14:03:11","slug":"sav","status":"publish","type":"page","link":"https:\/\/www.larouelibre.fr\/blog\/velo-electrique\/sav\/","title":{"rendered":"SAV"},"content":{"rendered":"\n<p class=\"has-text-align-justify\">La Roue Libre est depuis 13 ans le sp\u00e9cialiste du v\u00e9lo \u00e0 assistance \u00e9lectrique dans les Alpes Maritimes. Fort de son exp\u00e9rience dans le domaine, La Roue Libre s\u2019est sp\u00e9cialis\u00e9e dans la r\u00e9paration des v\u00e9los \u00e0 assistance \u00e9lectriques toutes marques en effectuant le service apr\u00e8s vente en magasin avec des techniciens comp\u00e9tents gr\u00e2ce \u00e0 la participation \u00e0 de nombreuses formations techniques Bosch, Yamaha, Panasonic ou Shimano.<\/p>\n\n\n\n<p class=\"has-text-align-justify\">Dans nos magasins de Nice et Cagnes, nos techniciens , Olivier, David et Fred sp\u00e9cialistes du v\u00e9lo \u00e9lectrique sont \u00e0 votre \u00e9coute et mettront tout en \u0153uvre pour trouver une solution \u00e0 votre probl\u00e8me.<\/p>\n\n\n\n<hr class=\"wp-block-separator\"\/>\n\n\n\n<h2 class=\"has-text-align-center wp-block-heading\">MISE A JOUR LOGICIEL BOSCH<\/h2>\n\n\n\n<p class=\"has-text-align-justify\">Nous effectuons en magasin la mise \u00e0 jour des logiciels de votre v\u00e9lo \u00e0 assistance \u00e9lectrique \u00e9quip\u00e9 d\u2019un moteur BOSCH. Nos techniciens ont \u00e0 leur disposition un logiciel de diagnostic version 1 et 2 pour \u00e9valuer votre moteur et batterie Bosch et ainsi vous donner toutes les informations relatives \u00e0 votre v\u00e9lo. La mise \u00e0 jour BOSCH en atelier est factur\u00e9e\u00a0<strong>25 euros.<\/strong><\/p>\n\n\n\n<div style=\"height:36px\" aria-hidden=\"true\" class=\"wp-block-spacer\"><\/div>\n\n\n\n<p class=\"has-text-align-center\">Pour toutes informations concernant le SAV contactez le 04 93 89 62 26 (Nice) ou le 09 80 89 49 84 (Cagnes)<\/p>\n","protected":false},"excerpt":{"rendered":"<p>La Roue Libre est depuis 13 ans le sp\u00e9cialiste du v\u00e9lo \u00e0 assistance \u00e9lectrique dans les Alpes Maritimes. Fort de son exp\u00e9rience dans le domaine, La Roue Libre s\u2019est sp\u00e9cialis\u00e9e dans la r\u00e9paration des v\u00e9los \u00e0 assistance \u00e9lectriques toutes marques en effectuant le service apr\u00e8s vente en magasin avec des techniciens comp\u00e9tents gr\u00e2ce \u00e0 la [&hellip;]<\/p>\n","protected":false},"author":1,"featured_media":0,"parent":15932,"menu_order":0,"comment_status":"closed","ping_status":"closed","template":"","meta":{"jetpack_post_was_ever_published":false,"footnotes":""},"class_list":["post-16022","page","type-page","status-publish"],"yoast_head":"<!-- This site is optimized with the Yoast SEO plugin v26.5 - https:\/\/yoast.com\/wordpress\/plugins\/seo\/ -->\n<title>SAV - La Roue Libre<\/title>\n<meta name=\"robots\" content=\"index, follow, max-snippet:-1, max-image-preview:large, max-video-preview:-1\" \/>\n<link rel=\"canonical\" href=\"https:\/\/www.larouelibre.fr\/blog\/velo-electrique\/sav\/\" \/>\n<meta property=\"og:locale\" content=\"fr_FR\" \/>\n<meta property=\"og:type\" content=\"article\" \/>\n<meta property=\"og:title\" content=\"SAV - La Roue Libre\" \/>\n<meta property=\"og:description\" content=\"La Roue Libre est depuis 13 ans le sp\u00e9cialiste du v\u00e9lo \u00e0 assistance \u00e9lectrique dans les Alpes Maritimes. Fort de son exp\u00e9rience dans le domaine, La Roue Libre s\u2019est sp\u00e9cialis\u00e9e dans la r\u00e9paration des v\u00e9los \u00e0 assistance \u00e9lectriques toutes marques en effectuant le service apr\u00e8s vente en magasin avec des techniciens comp\u00e9tents gr\u00e2ce \u00e0 la [&hellip;]\" \/>\n<meta property=\"og:url\" content=\"https:\/\/www.larouelibre.fr\/blog\/velo-electrique\/sav\/\" \/>\n<meta property=\"og:site_name\" content=\"La Roue Libre\" \/>\n<meta property=\"article:modified_time\" content=\"2022-05-04T14:03:11+00:00\" \/>\n<meta name=\"twitter:card\" content=\"summary_large_image\" \/>\n<meta name=\"twitter:label1\" content=\"Dur\u00e9e de lecture estim\u00e9e\" \/>\n\t<meta name=\"twitter:data1\" content=\"1 minute\" \/>\n<script type=\"application\/ld+json\" class=\"yoast-schema-graph\">{\"@context\":\"https:\/\/schema.org\",\"@graph\":[{\"@type\":\"WebPage\",\"@id\":\"https:\/\/www.larouelibre.fr\/blog\/velo-electrique\/sav\/\",\"url\":\"https:\/\/www.larouelibre.fr\/blog\/velo-electrique\/sav\/\",\"name\":\"SAV - La Roue Libre\",\"isPartOf\":{\"@id\":\"https:\/\/www.larouelibre.fr\/blog\/#website\"},\"datePublished\":\"2017-04-25T16:32:55+00:00\",\"dateModified\":\"2022-05-04T14:03:11+00:00\",\"breadcrumb\":{\"@id\":\"https:\/\/www.larouelibre.fr\/blog\/velo-electrique\/sav\/#breadcrumb\"},\"inLanguage\":\"fr-FR\",\"potentialAction\":[{\"@type\":\"ReadAction\",\"target\":[\"https:\/\/www.larouelibre.fr\/blog\/velo-electrique\/sav\/\"]}]},{\"@type\":\"BreadcrumbList\",\"@id\":\"https:\/\/www.larouelibre.fr\/blog\/velo-electrique\/sav\/#breadcrumb\",\"itemListElement\":[{\"@type\":\"ListItem\",\"position\":1,\"name\":\"Accueil\",\"item\":\"https:\/\/www.larouelibre.fr\/blog\/\"},{\"@type\":\"ListItem\",\"position\":2,\"name\":\"Electrique\",\"item\":\"https:\/\/www.larouelibre.fr\/blog\/velo-electrique\/\"},{\"@type\":\"ListItem\",\"position\":3,\"name\":\"SAV\"}]},{\"@type\":\"WebSite\",\"@id\":\"https:\/\/www.larouelibre.fr\/blog\/#website\",\"url\":\"https:\/\/www.larouelibre.fr\/blog\/\",\"name\":\"La Roue Libre\",\"description\":\"Votre sp\u00e9cialiste cycle, v\u00e9lo \u00e9lectrique, vtt, v\u00e9lo route \u00e0 Nice et cagnes sur mer\",\"potentialAction\":[{\"@type\":\"SearchAction\",\"target\":{\"@type\":\"EntryPoint\",\"urlTemplate\":\"https:\/\/www.larouelibre.fr\/blog\/?s={search_term_string}\"},\"query-input\":{\"@type\":\"PropertyValueSpecification\",\"valueRequired\":true,\"valueName\":\"search_term_string\"}}],\"inLanguage\":\"fr-FR\"}]}<\/script>\n<!-- \/ Yoast SEO plugin. -->","yoast_head_json":{"title":"SAV - La Roue Libre","robots":{"index":"index","follow":"follow","max-snippet":"max-snippet:-1","max-image-preview":"max-image-preview:large","max-video-preview":"max-video-preview:-1"},"canonical":"https:\/\/www.larouelibre.fr\/blog\/velo-electrique\/sav\/","og_locale":"fr_FR","og_type":"article","og_title":"SAV - La Roue Libre","og_description":"La Roue Libre est depuis 13 ans le sp\u00e9cialiste du v\u00e9lo \u00e0 assistance \u00e9lectrique dans les Alpes Maritimes. Fort de son exp\u00e9rience dans le domaine, La Roue Libre s\u2019est sp\u00e9cialis\u00e9e dans la r\u00e9paration des v\u00e9los \u00e0 assistance \u00e9lectriques toutes marques en effectuant le service apr\u00e8s vente en magasin avec des techniciens comp\u00e9tents gr\u00e2ce \u00e0 la [&hellip;]","og_url":"https:\/\/www.larouelibre.fr\/blog\/velo-electrique\/sav\/","og_site_name":"La Roue Libre","article_modified_time":"2022-05-04T14:03:11+00:00","twitter_card":"summary_large_image","twitter_misc":{"Dur\u00e9e de lecture estim\u00e9e":"1 minute"},"schema":{"@context":"https:\/\/schema.org","@graph":[{"@type":"WebPage","@id":"https:\/\/www.larouelibre.fr\/blog\/velo-electrique\/sav\/","url":"https:\/\/www.larouelibre.fr\/blog\/velo-electrique\/sav\/","name":"SAV - La Roue Libre","isPartOf":{"@id":"https:\/\/www.larouelibre.fr\/blog\/#website"},"datePublished":"2017-04-25T16:32:55+00:00","dateModified":"2022-05-04T14:03:11+00:00","breadcrumb":{"@id":"https:\/\/www.larouelibre.fr\/blog\/velo-electrique\/sav\/#breadcrumb"},"inLanguage":"fr-FR","potentialAction":[{"@type":"ReadAction","target":["https:\/\/www.larouelibre.fr\/blog\/velo-electrique\/sav\/"]}]},{"@type":"BreadcrumbList","@id":"https:\/\/www.larouelibre.fr\/blog\/velo-electrique\/sav\/#breadcrumb","itemListElement":[{"@type":"ListItem","position":1,"name":"Accueil","item":"https:\/\/www.larouelibre.fr\/blog\/"},{"@type":"ListItem","position":2,"name":"Electrique","item":"https:\/\/www.larouelibre.fr\/blog\/velo-electrique\/"},{"@type":"ListItem","position":3,"name":"SAV"}]},{"@type":"WebSite","@id":"https:\/\/www.larouelibre.fr\/blog\/#website","url":"https:\/\/www.larouelibre.fr\/blog\/","name":"La Roue Libre","description":"Votre sp\u00e9cialiste cycle, v\u00e9lo \u00e9lectrique, vtt, v\u00e9lo route \u00e0 Nice et cagnes sur mer","potentialAction":[{"@type":"SearchAction","target":{"@type":"EntryPoint","urlTemplate":"https:\/\/www.larouelibre.fr\/blog\/?s={search_term_string}"},"query-input":{"@type":"PropertyValueSpecification","valueRequired":true,"valueName":"search_term_string"}}],"inLanguage":"fr-FR"}]}},"jetpack_sharing_enabled":true,"jetpack_shortlink":"https:\/\/wp.me\/P7po7v-4aq","jetpack-related-posts":[{"id":16139,"url":"https:\/\/www.larouelibre.fr\/blog\/reprise\/","url_meta":{"origin":16022,"position":0},"title":"Reprise","author":"La Roue Libre","date":"18 mai 2017","format":false,"excerpt":"[ux_image id=\"12776\"] [gap height=\"60px\"] Vous voulez changer de v\u00e9lo et ne savez pas quoi faire de votre v\u00e9lo actuel? Il peut vous rapporter de l\u2019argent\u2026 Et oui votre r\u00e9seau de magasins La Roue Libre de Nice \u00e0 Cagnes-sur-mer rach\u00e8te votre v\u00e9lo \u00e0 sa valeur sur le march\u00e9 de l\u2019occasion! VTT,\u2026","rel":"","context":"Article similaire","block_context":{"text":"Article similaire","link":""},"img":{"alt_text":"","src":"","width":0,"height":0},"classes":[]},{"id":23069,"url":"https:\/\/www.larouelibre.fr\/blog\/la-reprise-de-votre-velo\/","url_meta":{"origin":16022,"position":1},"title":"La reprise de votre v\u00e9lo","author":"La Roue Libre","date":"10 novembre 2023","format":false,"excerpt":"Dans vos magasins La Roue Libre, nous vous rachetons votre ancien v\u00e9lo pour tout achat d'un v\u00e9lo neuf. Vous ne savez pas combien votre ancien mod\u00e8le peut vous rapporter? \u00a0 Attention, ce module fonctionne uniquement avec les v\u00e9los \u00e9lectriques. Pour les mod\u00e8les non \u00e9lectriques, merci de vous rendre directement en\u2026","rel":"","context":"Article similaire","block_context":{"text":"Article similaire","link":""},"img":{"alt_text":"","src":"","width":0,"height":0},"classes":[]},{"id":15941,"url":"https:\/\/www.larouelibre.fr\/blog\/velo-electrique\/comprendre-le-vae\/","url_meta":{"origin":16022,"position":2},"title":"Comprendre le VAE","author":"La Roue Libre","date":"13 avril 2017","format":false,"excerpt":"Le VAE ou v\u00e9lo \u00e0 assistance \u00e9lectrique, est de plus en plus r\u00e9pandu de nos jours, mais comment marche t-il? Cette page vous permettra de mieux le comprendre et surtout de conna\u00eetre vos besoins et quel type de moteur ou batterie choisir pour votre futur achat! Le v\u00e9lo \u00e0 assistance\u2026","rel":"","context":"Article similaire","block_context":{"text":"Article similaire","link":""},"img":{"alt_text":"","src":"","width":0,"height":0},"classes":[]},{"id":16035,"url":"https:\/\/www.larouelibre.fr\/blog\/location\/","url_meta":{"origin":16022,"position":3},"title":"Location | Hire","author":"La Roue Libre","date":"27 avril 2017","format":false,"excerpt":"La Roue Libre met \u00e0 votre disposition un programme de location de cycles. Vous pouvez ainsi louer un v\u00e9lo de route ou un vtt \u00e9lectrique par jour ou \u00e0 la semaine! Un Lapierre Xelius SL et des Cube Stereo Hybrid One 77 ainsi que des valises de transport sont mis\u2026","rel":"","context":"Article similaire","block_context":{"text":"Article similaire","link":""},"img":{"alt_text":"","src":"","width":0,"height":0},"classes":[]},{"id":23201,"url":"https:\/\/www.larouelibre.fr\/blog\/assurance-velo-garantie-vol\/","url_meta":{"origin":16022,"position":4},"title":"Assurance v\u00e9lo &#8211; Garantie vol","author":"La Roue Libre","date":"29 octobre 2024","format":false,"excerpt":"Bicytrust, la couverture vol et casse de votre v\u00e9lo adapt\u00e9e \u00e0 votre besoin. Pens\u00e9e pour et avec des cyclistes, l\u2019assurance vol et casse Bicytrust r\u00e9pond \u00e0 votre besoin de protection au quotidien. Vous aimez votre v\u00e9lo et vous l\u2019utilisez r\u00e9guli\u00e8rement pour un usage v\u00e9lotaf ou pour vos loisirs ? Vous\u2026","rel":"","context":"Article similaire","block_context":{"text":"Article similaire","link":""},"img":{"alt_text":"","src":"https:\/\/i0.wp.com\/www.larouelibre.fr\/blog\/wp-content\/uploads\/2024\/06\/moustache2024-jeremie-reuiller-1931-750x500-1.jpg?resize=350%2C200&ssl=1","width":350,"height":200,"srcset":"https:\/\/i0.wp.com\/www.larouelibre.fr\/blog\/wp-content\/uploads\/2024\/06\/moustache2024-jeremie-reuiller-1931-750x500-1.jpg?resize=350%2C200&ssl=1 1x, https:\/\/i0.wp.com\/www.larouelibre.fr\/blog\/wp-content\/uploads\/2024\/06\/moustache2024-jeremie-reuiller-1931-750x500-1.jpg?resize=525%2C300&ssl=1 1.5x, https:\/\/i0.wp.com\/www.larouelibre.fr\/blog\/wp-content\/uploads\/2024\/06\/moustache2024-jeremie-reuiller-1931-750x500-1.jpg?resize=700%2C400&ssl=1 2x"},"classes":[]},{"id":15969,"url":"https:\/\/www.larouelibre.fr\/blog\/location-vtt-electrique-nice\/","url_meta":{"origin":16022,"position":5},"title":"Location VAE Electric Bike Hire","author":"La Roue Libre","date":"13 avril 2017","format":false,"excerpt":"Vous souhaitez louer un VTT \u00e9lectrique pour essayer ou simplement pour passer un week-end en montagne? C'est possible! En location \u00e0 partir de 80 euros, les Cube Stereo Hybrid One 77 sont disponibles en plusieurs tailles. Et bonne nouvelle, si apr\u00e8s cette location vous d\u00e9cidez d'acheter un v\u00e9lo \u00e9lectrique neuf\u2026","rel":"","context":"Article similaire","block_context":{"text":"Article similaire","link":""},"img":{"alt_text":"","src":"https:\/\/i0.wp.com\/www.larouelibre.fr\/blog\/wp-content\/uploads\/2025\/06\/synqup_803400_360I_00_1920x1920-1.jpg?resize=350%2C200&ssl=1","width":350,"height":200,"srcset":"https:\/\/i0.wp.com\/www.larouelibre.fr\/blog\/wp-content\/uploads\/2025\/06\/synqup_803400_360I_00_1920x1920-1.jpg?resize=350%2C200&ssl=1 1x, https:\/\/i0.wp.com\/www.larouelibre.fr\/blog\/wp-content\/uploads\/2025\/06\/synqup_803400_360I_00_1920x1920-1.jpg?resize=525%2C300&ssl=1 1.5x, https:\/\/i0.wp.com\/www.larouelibre.fr\/blog\/wp-content\/uploads\/2025\/06\/synqup_803400_360I_00_1920x1920-1.jpg?resize=700%2C400&ssl=1 2x"},"classes":[]}],"_links":{"self":[{"href":"https:\/\/www.larouelibre.fr\/blog\/wp-json\/wp\/v2\/pages\/16022","targetHints":{"allow":["GET"]}}],"collection":[{"href":"https:\/\/www.larouelibre.fr\/blog\/wp-json\/wp\/v2\/pages"}],"about":[{"href":"https:\/\/www.larouelibre.fr\/blog\/wp-json\/wp\/v2\/types\/page"}],"author":[{"embeddable":true,"href":"https:\/\/www.larouelibre.fr\/blog\/wp-json\/wp\/v2\/users\/1"}],"replies":[{"embeddable":true,"href":"https:\/\/www.larouelibre.fr\/blog\/wp-json\/wp\/v2\/comments?post=16022"}],"version-history":[{"count":6,"href":"https:\/\/www.larouelibre.fr\/blog\/wp-json\/wp\/v2\/pages\/16022\/revisions"}],"predecessor-version":[{"id":22515,"href":"https:\/\/www.larouelibre.fr\/blog\/wp-json\/wp\/v2\/pages\/16022\/revisions\/22515"}],"up":[{"embeddable":true,"href":"https:\/\/www.larouelibre.fr\/blog\/wp-json\/wp\/v2\/pages\/15932"}],"wp:attachment":[{"href":"https:\/\/www.larouelibre.fr\/blog\/wp-json\/wp\/v2\/media?parent=16022"}],"curies":[{"name":"wp","href":"https:\/\/api.w.org\/{rel}","templated":true}]}}