{"id":15932,"date":"2017-04-13T15:40:49","date_gmt":"2017-04-13T13:40:49","guid":{"rendered":"http:\/\/localhost\/larouelibreNew\/?page_id=15932"},"modified":"2021-09-28T12:10:34","modified_gmt":"2021-09-28T10:10:34","slug":"velo-electrique","status":"publish","type":"page","link":"https:\/\/www.larouelibre.fr\/blog\/velo-electrique\/","title":{"rendered":"Electrique"},"content":{"rendered":"\n<p >V\u00e9hicule id\u00e9al pour les d\u00e9placements urbains et interurbains, le v\u00e9lo \u00e9lectrique est en plein d\u00e9veloppement. Il est maintenant fiable et poss\u00e8de une grande autonomie pour les derniers mod\u00e8les (actuellement de 60 \u00e0 120km). Une large gamme est maintenant disponible pour toutes les utilisations allant du v\u00e9lo polyvalent interurbain au vtt.<\/p>\n[row]\n\n[col span=\u00a0\u00bb4&Prime; span__sm=\u00a0\u00bb12&Prime;]\n\n[ux_banner height=\u00a0\u00bb56.25%\u00a0\u00bb bg_color=\u00a0\u00bbrgb(0, 0, 0)\u00a0\u00bb bg_overlay=\u00a0\u00bbrgba(0,0,0,.5)\u00a0\u00bb bg_pos=\u00a0\u00bb93% 20%\u00a0\u00bb hover=\u00a0\u00bbzoom\u00a0\u00bb link=\u00a0\u00bb..\/velo-electrique\/comprendre-le-vae\/\u00a0\u00bb]\n\n[text_box position_x=\u00a0\u00bb50&Prime; position_y=\u00a0\u00bb50&Prime;]\n\n<p>\n<a href='..\/velo-electrique\/comprendre-le-vae\/'><\/p>\n<h2 class=\"uppercase\">INfos<\/h2>\n<p><\/a><\/p>\n\n[\/text_box]\n\n[\/ux_banner]\n\n[\/col]\n[col span=\u00a0\u00bb4&Prime; span__sm=\u00a0\u00bb12&Prime;]\n\n[ux_banner height=\u00a0\u00bb56.25%\u00a0\u00bb bg_color=\u00a0\u00bbrgb(0, 0, 0)\u00a0\u00bb bg_overlay=\u00a0\u00bbrgba(0, 0, 0, 0.36)\u00a0\u00bb bg_pos=\u00a0\u00bb49% 100%\u00a0\u00bb hover=\u00a0\u00bbzoom\u00a0\u00bb link=\u00a0\u00bbhttp:\/\/www.larouelibre.fr\/velo-electrique\/velos-electriques\/\u00a0\u00bb]\n\n[text_box position_x=\u00a0\u00bb50&Prime; position_y=\u00a0\u00bb50&Prime;]\n\n<p>\n<a href='..\/velo-electrique\/nos-marques\/'><\/p>\n<h2 class=\"uppercase\">Gamme VAE<\/h2>\n<p><\/a><\/p>\n\n[\/text_box]\n\n[\/ux_banner]\n\n[\/col]\n[col span=\u00a0\u00bb4&Prime; span__sm=\u00a0\u00bb12&Prime;]\n\n[ux_banner height=\u00a0\u00bb56.25%\u00a0\u00bb bg_color=\u00a0\u00bbrgb(0, 0, 0)\u00a0\u00bb bg_overlay=\u00a0\u00bbrgba(0, 0, 0, 0.36)\u00a0\u00bb bg_pos=\u00a0\u00bb57% 76%\u00a0\u00bb hover=\u00a0\u00bbzoom\u00a0\u00bb link=\u00a0\u00bb..\/location\/location-vae-electric-bike-hire\/\u00a0\u00bb]\n\n[text_box position_x=\u00a0\u00bb50&Prime; position_y=\u00a0\u00bb50&Prime;]\n\n<p><a href='..\/location\/location-vae-electric-bike-hire\/'><\/p>\n<h2 class=\"uppercase\">Location VAE<\/h2>\n<p><\/a><\/p>\n\n[\/text_box]\n\n[\/ux_banner]\n\n[\/col]\n\n[\/row]\n[row]\n\n[col span=\u00a0\u00bb4&Prime; span__sm=\u00a0\u00bb12&Prime;]\n\n[ux_banner height=\u00a0\u00bb56.25%\u00a0\u00bb bg_color=\u00a0\u00bbrgb(0,0,0)\u00a0\u00bb bg_overlay=\u00a0\u00bbrgba(0, 0, 0, 0.36)\u00a0\u00bb bg_pos=\u00a0\u00bb13% 100%\u00a0\u00bb hover=\u00a0\u00bbzoom\u00a0\u00bb link=\u00a0\u00bb..\/velo-electrique\/SAV\u00a0\u00bb]\n\n[text_box position_x=\u00a0\u00bb50&Prime; position_y=\u00a0\u00bb50&Prime;]\n\n<p>\n<a href='..\/velo-electrique\/SAV'><\/p>\n<h2 class=\"uppercase\">SAV<\/h2>\n<p><\/a><\/p>\n\n[\/text_box]\n\n[\/ux_banner]\n\n[\/col]\n[col span=\u00a0\u00bb4&Prime; span__sm=\u00a0\u00bb12&Prime;]\n\n[ux_banner height=\u00a0\u00bb56.25%\u00a0\u00bb bg_color=\u00a0\u00bbrgb(0,0,0)\u00a0\u00bb bg_overlay=\u00a0\u00bbrgba(0, 0, 0, 0.36)\u00a0\u00bb bg_pos=\u00a0\u00bb46% 24%\u00a0\u00bb hover=\u00a0\u00bbzoom\u00a0\u00bb link=\u00a0\u00bbhttps:\/\/www.larouelibre.fr\/242-fins-de-serie-vae\u00a0\u00bb]\n\n[text_box position_x=\u00a0\u00bb50&Prime; position_y=\u00a0\u00bb50&Prime;]\n\n<p>\u00a0<\/p>\n<h2 class=\"uppercase\">FIN DE SERIE<\/h2>\n<p>\u00a0<\/p>\n\n[\/text_box]\n\n[\/ux_banner]\n\n[\/col]\n[col span=\u00a0\u00bb4&Prime; span__sm=\u00a0\u00bb12&Prime;]\n\n[ux_banner height=\u00a0\u00bb56.25%\u00a0\u00bb bg_color=\u00a0\u00bbrgb(0,0,0)\u00a0\u00bb bg_overlay=\u00a0\u00bbrgba(0, 0, 0, 0.36)\u00a0\u00bb bg_pos=\u00a0\u00bb62% 81%\u00a0\u00bb hover=\u00a0\u00bbzoom\u00a0\u00bb link=\u00a0\u00bb..\/contact-roue-libre-electrique\/\u00a0\u00bb]\n\n[text_box position_x=\u00a0\u00bb50&Prime; position_y=\u00a0\u00bb50&Prime;]\n\n<p><a href='..\/contact-roue-libre-electrique\/'><\/p>\n<h2 class=\"uppercase\">Contact<\/h2>\n<p><\/a><\/p>\n\n[\/text_box]\n\n[\/ux_banner]\n\n[\/col]\n\n[\/row]\n\n","protected":false},"excerpt":{"rendered":"","protected":false},"author":1,"featured_media":0,"parent":0,"menu_order":0,"comment_status":"closed","ping_status":"closed","template":"","meta":{"jetpack_post_was_ever_published":false,"footnotes":""},"class_list":["post-15932","page","type-page","status-publish"],"yoast_head":"<!-- This site is optimized with the Yoast SEO plugin v26.5 - https:\/\/yoast.com\/wordpress\/plugins\/seo\/ -->\n<title>Electrique - La Roue Libre<\/title>\n<meta name=\"robots\" content=\"index, follow, max-snippet:-1, max-image-preview:large, max-video-preview:-1\" \/>\n<link rel=\"canonical\" href=\"https:\/\/www.larouelibre.fr\/blog\/velo-electrique\/\" \/>\n<meta property=\"og:locale\" content=\"fr_FR\" \/>\n<meta property=\"og:type\" content=\"article\" \/>\n<meta property=\"og:title\" content=\"Electrique - La Roue Libre\" \/>\n<meta property=\"og:url\" content=\"https:\/\/www.larouelibre.fr\/blog\/velo-electrique\/\" \/>\n<meta property=\"og:site_name\" content=\"La Roue Libre\" \/>\n<meta property=\"article:modified_time\" content=\"2021-09-28T10:10:34+00:00\" \/>\n<meta name=\"twitter:card\" content=\"summary_large_image\" \/>\n<meta name=\"twitter:label1\" content=\"Dur\u00e9e de lecture estim\u00e9e\" \/>\n\t<meta name=\"twitter:data1\" content=\"1 minute\" \/>\n<script type=\"application\/ld+json\" class=\"yoast-schema-graph\">{\"@context\":\"https:\/\/schema.org\",\"@graph\":[{\"@type\":\"WebPage\",\"@id\":\"https:\/\/www.larouelibre.fr\/blog\/velo-electrique\/\",\"url\":\"https:\/\/www.larouelibre.fr\/blog\/velo-electrique\/\",\"name\":\"Electrique - La Roue Libre\",\"isPartOf\":{\"@id\":\"https:\/\/www.larouelibre.fr\/blog\/#website\"},\"datePublished\":\"2017-04-13T13:40:49+00:00\",\"dateModified\":\"2021-09-28T10:10:34+00:00\",\"breadcrumb\":{\"@id\":\"https:\/\/www.larouelibre.fr\/blog\/velo-electrique\/#breadcrumb\"},\"inLanguage\":\"fr-FR\",\"potentialAction\":[{\"@type\":\"ReadAction\",\"target\":[\"https:\/\/www.larouelibre.fr\/blog\/velo-electrique\/\"]}]},{\"@type\":\"BreadcrumbList\",\"@id\":\"https:\/\/www.larouelibre.fr\/blog\/velo-electrique\/#breadcrumb\",\"itemListElement\":[{\"@type\":\"ListItem\",\"position\":1,\"name\":\"Accueil\",\"item\":\"https:\/\/www.larouelibre.fr\/blog\/\"},{\"@type\":\"ListItem\",\"position\":2,\"name\":\"Electrique\"}]},{\"@type\":\"WebSite\",\"@id\":\"https:\/\/www.larouelibre.fr\/blog\/#website\",\"url\":\"https:\/\/www.larouelibre.fr\/blog\/\",\"name\":\"La Roue Libre\",\"description\":\"Votre sp\u00e9cialiste cycle, v\u00e9lo \u00e9lectrique, vtt, v\u00e9lo route \u00e0 Nice et cagnes sur mer\",\"potentialAction\":[{\"@type\":\"SearchAction\",\"target\":{\"@type\":\"EntryPoint\",\"urlTemplate\":\"https:\/\/www.larouelibre.fr\/blog\/?s={search_term_string}\"},\"query-input\":{\"@type\":\"PropertyValueSpecification\",\"valueRequired\":true,\"valueName\":\"search_term_string\"}}],\"inLanguage\":\"fr-FR\"}]}<\/script>\n<!-- \/ Yoast SEO plugin. -->","yoast_head_json":{"title":"Electrique - La Roue Libre","robots":{"index":"index","follow":"follow","max-snippet":"max-snippet:-1","max-image-preview":"max-image-preview:large","max-video-preview":"max-video-preview:-1"},"canonical":"https:\/\/www.larouelibre.fr\/blog\/velo-electrique\/","og_locale":"fr_FR","og_type":"article","og_title":"Electrique - La Roue Libre","og_url":"https:\/\/www.larouelibre.fr\/blog\/velo-electrique\/","og_site_name":"La Roue Libre","article_modified_time":"2021-09-28T10:10:34+00:00","twitter_card":"summary_large_image","twitter_misc":{"Dur\u00e9e de lecture estim\u00e9e":"1 minute"},"schema":{"@context":"https:\/\/schema.org","@graph":[{"@type":"WebPage","@id":"https:\/\/www.larouelibre.fr\/blog\/velo-electrique\/","url":"https:\/\/www.larouelibre.fr\/blog\/velo-electrique\/","name":"Electrique - La Roue Libre","isPartOf":{"@id":"https:\/\/www.larouelibre.fr\/blog\/#website"},"datePublished":"2017-04-13T13:40:49+00:00","dateModified":"2021-09-28T10:10:34+00:00","breadcrumb":{"@id":"https:\/\/www.larouelibre.fr\/blog\/velo-electrique\/#breadcrumb"},"inLanguage":"fr-FR","potentialAction":[{"@type":"ReadAction","target":["https:\/\/www.larouelibre.fr\/blog\/velo-electrique\/"]}]},{"@type":"BreadcrumbList","@id":"https:\/\/www.larouelibre.fr\/blog\/velo-electrique\/#breadcrumb","itemListElement":[{"@type":"ListItem","position":1,"name":"Accueil","item":"https:\/\/www.larouelibre.fr\/blog\/"},{"@type":"ListItem","position":2,"name":"Electrique"}]},{"@type":"WebSite","@id":"https:\/\/www.larouelibre.fr\/blog\/#website","url":"https:\/\/www.larouelibre.fr\/blog\/","name":"La Roue Libre","description":"Votre sp\u00e9cialiste cycle, v\u00e9lo \u00e9lectrique, vtt, v\u00e9lo route \u00e0 Nice et cagnes sur mer","potentialAction":[{"@type":"SearchAction","target":{"@type":"EntryPoint","urlTemplate":"https:\/\/www.larouelibre.fr\/blog\/?s={search_term_string}"},"query-input":{"@type":"PropertyValueSpecification","valueRequired":true,"valueName":"search_term_string"}}],"inLanguage":"fr-FR"}]}},"jetpack_sharing_enabled":true,"jetpack_shortlink":"https:\/\/wp.me\/P7po7v-48Y","jetpack-related-posts":[{"id":15865,"url":"https:\/\/www.larouelibre.fr\/blog\/contact\/","url_meta":{"origin":15932,"position":0},"title":"Contact","author":"La Roue Libre","date":"11 avril 2017","format":false,"excerpt":"[map height=\"378px\" lat=\"43.7025678\" long=\"7.2848023\" zoom=\"16\" content_enable=\"0\" content_bg=\"rgb(255, 255, 255)\" content_width__sm=\"100\" content_width__md=\"40\" position_x=\"100\" position_x__sm=\"100\" position_y__sm=\"100\" color=\"#739bbf\"] [\/map] [gap] [row] [col span=\"4\" span__sm=\"12\"] [ux_banner height=\"56.25%\" bg=\"16082\" bg_size=\"medium\" bg_overlay=\"rgba(2, 151, 197, 0.75)\" bg_pos=\"93% 20%\" hover=\"zoom\" link=\".\/contact\/roue-libre\"] [text_box width=\"97\" position_x=\"50\" position_y=\"50\"] \u00a0 \u00a0 NICE VENTE - ATELIER 04 93 89 62 26 \u00a0 \u00a0\u2026","rel":"","context":"Article similaire","block_context":{"text":"Article similaire","link":""},"img":{"alt_text":"","src":"","width":0,"height":0},"classes":[]},{"id":15831,"url":"https:\/\/www.larouelibre.fr\/blog\/accueil\/","url_meta":{"origin":15932,"position":1},"title":"Accueil","author":"La Roue Libre","date":"10 avril 2017","format":false,"excerpt":"[ux_banner height=\"120px\" bg=\"22061\" bg_size=\"medium\"] [\/ux_banner] [gap height=\"60px\"] BIENVENUE SUR NOTRE BLOG! Retrouvez toute l'actualit\u00e9 de nos magasins, nos locations v\u00e9los et de nombreuses informations sur le v\u00e9lo \u00e9lectrique! [gap height=\"20px\"] [blog_posts style=\"shade\" type=\"grid\" width=\"full-width\" col_spacing=\"small\"] [ux_banner height=\"326px\" bg=\"22064\" bg_size=\"orginal\" bg_overlay=\"rgba(0, 0, 0, 0.46)\" bg_pos=\"74% 48%\" parallax=\"5\" link=\"https:\/\/www.larouelibre.fr\/166-velo-electrique\"] [text_box width=\"81\" width__sm=\"79\"\u2026","rel":"","context":"Article similaire","block_context":{"text":"Article similaire","link":""},"img":{"alt_text":"","src":"","width":0,"height":0},"classes":[]},{"id":16072,"url":"https:\/\/www.larouelibre.fr\/blog\/contact\/roue-libre\/","url_meta":{"origin":15932,"position":2},"title":"Contact Roue Libre","author":"La Roue Libre","date":"18 mai 2017","format":false,"excerpt":"[map height=\"378px\" lat=\"43.7025678\" long=\"7.2848023\" zoom=\"16\" content_enable=\"0\" content_bg=\"rgb(255, 255, 255)\" content_width__sm=\"100\" content_width__md=\"40\" position_x=\"100\" position_x__sm=\"100\" position_y__sm=\"100\" color=\"#739bbf\"] [\/map] [gap] [title style=\"center\" text=\"La Roue Libre Nice\" size=\"172\"] [row] [col span=\"6\" span__sm=\"6\"] Adresse 20 Boulevard Arm\u00e9e des Alpes 06300 Nice Horaires d'ouverture LUNDI: 14H30-19H00 MARDI-SAMEDI: 9H00-12H00 | 14H30-19H00 [\/col] [col span=\"6\" span__sm=\"6\"] Nous contacter\u2026","rel":"","context":"Article similaire","block_context":{"text":"Article similaire","link":""},"img":{"alt_text":"","src":"","width":0,"height":0},"classes":[]},{"id":16108,"url":"https:\/\/www.larouelibre.fr\/blog\/contact\/roue-libre-cagnes-sur-mer\/","url_meta":{"origin":15932,"position":3},"title":"Contact Roue Cagnes","author":"La Roue Libre","date":"18 mai 2017","format":false,"excerpt":"[map height=\"378px\" lat=\"43.657075\" long=\"7.144898\" zoom=\"16\" content_enable=\"0\" content_bg=\"rgb(255, 255, 255)\" content_width__sm=\"100\" content_width__md=\"40\" position_x=\"100\" position_x__sm=\"100\" position_y__sm=\"100\" color=\"#739bbf\"] [\/map] [gap] [title style=\"center\" text=\"La Roue Libre Cagnes-Sur-Mer\" size=\"172\"] [row] [col span=\"6\" span__sm=\"6\"] Adresse 15 Avenue de Grasse 06800 Cagnes-sur-Mer Horaires d'ouverture LUNDI: Ferm\u00e9 MARDI-SAMEDI:\u00a08H30-12H00 | 14H30-19H00 [\/col] [col span=\"6\" span__sm=\"6\"] Nous contacter par t\u00e9l\u00e9phone\u2026","rel":"","context":"Article similaire","block_context":{"text":"Article similaire","link":""},"img":{"alt_text":"","src":"","width":0,"height":0},"classes":[]},{"id":16139,"url":"https:\/\/www.larouelibre.fr\/blog\/reprise\/","url_meta":{"origin":15932,"position":4},"title":"Reprise","author":"La Roue Libre","date":"18 mai 2017","format":false,"excerpt":"[ux_image id=\"12776\"] [gap height=\"60px\"] Vous voulez changer de v\u00e9lo et ne savez pas quoi faire de votre v\u00e9lo actuel? Il peut vous rapporter de l\u2019argent\u2026 Et oui votre r\u00e9seau de magasins La Roue Libre de Nice \u00e0 Cagnes-sur-mer rach\u00e8te votre v\u00e9lo \u00e0 sa valeur sur le march\u00e9 de l\u2019occasion! VTT,\u2026","rel":"","context":"Article similaire","block_context":{"text":"Article similaire","link":""},"img":{"alt_text":"","src":"","width":0,"height":0},"classes":[]},{"id":16125,"url":"https:\/\/www.larouelibre.fr\/blog\/velo-electrique\/subventions-credits-impot\/","url_meta":{"origin":15932,"position":5},"title":"Subventions | Cr\u00e9dits Imp\u00f4t","author":"La Roue Libre","date":"18 mai 2017","format":false,"excerpt":"SUBVENTIONS: AIDE DE L'ETAT La subvention VAE:\u00a0Il s'agit d'une aide financi\u00e8re propos\u00e9e par l'Etat fran\u00e7ais lors de l'achat d'un V\u00e9lo \u00e0 assistance \u00e9lectrique pouvant absorber jusqu'\u00e0 33% du prix d'acquisition du VAE. Cette subvention fait partie de la loi relative \u00e0 la\u00a0transition \u00e9cologique, l'Etat encourageant\u00a0tous les Fran\u00e7ais \u00e0 modifier leurs\u2026","rel":"","context":"Article similaire","block_context":{"text":"Article similaire","link":""},"img":{"alt_text":"","src":"","width":0,"height":0},"classes":[]}],"_links":{"self":[{"href":"https:\/\/www.larouelibre.fr\/blog\/wp-json\/wp\/v2\/pages\/15932","targetHints":{"allow":["GET"]}}],"collection":[{"href":"https:\/\/www.larouelibre.fr\/blog\/wp-json\/wp\/v2\/pages"}],"about":[{"href":"https:\/\/www.larouelibre.fr\/blog\/wp-json\/wp\/v2\/types\/page"}],"author":[{"embeddable":true,"href":"https:\/\/www.larouelibre.fr\/blog\/wp-json\/wp\/v2\/users\/1"}],"replies":[{"embeddable":true,"href":"https:\/\/www.larouelibre.fr\/blog\/wp-json\/wp\/v2\/comments?post=15932"}],"version-history":[{"count":13,"href":"https:\/\/www.larouelibre.fr\/blog\/wp-json\/wp\/v2\/pages\/15932\/revisions"}],"predecessor-version":[{"id":22083,"href":"https:\/\/www.larouelibre.fr\/blog\/wp-json\/wp\/v2\/pages\/15932\/revisions\/22083"}],"wp:attachment":[{"href":"https:\/\/www.larouelibre.fr\/blog\/wp-json\/wp\/v2\/media?parent=15932"}],"curies":[{"name":"wp","href":"https:\/\/api.w.org\/{rel}","templated":true}]}}