{"id":15865,"date":"2017-04-11T18:16:11","date_gmt":"2017-04-11T16:16:11","guid":{"rendered":"http:\/\/localhost\/larouelibreNew\/?page_id=15865"},"modified":"2025-10-24T09:38:29","modified_gmt":"2025-10-24T07:38:29","slug":"contact","status":"publish","type":"page","link":"https:\/\/www.larouelibre.fr\/blog\/contact\/","title":{"rendered":"Contact"},"content":{"rendered":"\n[map height=\u00a0\u00bb378px\u00a0\u00bb lat=\u00a0\u00bb43.7025678&Prime; long=\u00a0\u00bb7.2848023&Prime; zoom=\u00a0\u00bb16&Prime; content_enable=\u00a0\u00bb0&Prime; content_bg=\u00a0\u00bbrgb(255, 255, 255)\u00a0\u00bb content_width__sm=\u00a0\u00bb100&Prime; content_width__md=\u00a0\u00bb40&Prime; position_x=\u00a0\u00bb100&Prime; position_x__sm=\u00a0\u00bb100&Prime; position_y__sm=\u00a0\u00bb100&Prime; color=\u00a0\u00bb#739bbf\u00a0\u00bb]\n\n\n[\/map]\n[gap]\n\n[row]\n\n[col span=\u00a0\u00bb4&Prime; span__sm=\u00a0\u00bb12&Prime;]\n\n[ux_banner height=\u00a0\u00bb56.25%\u00a0\u00bb bg=\u00a0\u00bb16082&Prime; bg_size=\u00a0\u00bbmedium\u00a0\u00bb bg_overlay=\u00a0\u00bbrgba(2, 151, 197, 0.75)\u00a0\u00bb bg_pos=\u00a0\u00bb93% 20%\u00a0\u00bb hover=\u00a0\u00bbzoom\u00a0\u00bb link=\u00a0\u00bb.\/contact\/roue-libre\u00a0\u00bb]\n\n[text_box width=\u00a0\u00bb97&Prime; position_x=\u00a0\u00bb50&Prime; position_y=\u00a0\u00bb50&Prime;]\n\n<p>&nbsp;<\/p>\n<p>&nbsp;<\/p>\n<h3 class=\"noEvent uppercase\" style=\"pointer-events: none; font-weight: 900; font-size: 30px; color: white;\">NICE<\/h3>\n<h3 class=\"noEvent\" style=\"color: white; margin-top: 0; margin-bottom: 20px;\">VENTE &#8211; ATELIER<\/h3>\n<h3 class=\"noEvent\" style=\"font-size: 24px; color: white;\"><i class=\"fa fa-phone\" style=\"margin-right: 10px;\"><\/i>04 93 89 62 26<\/h3>\n<p>&nbsp;<\/p>\n<p>&nbsp;<\/p>\n\n[\/text_box]\n\n[\/ux_banner]\n\n[\/col]\n[col span=\u00a0\u00bb4&Prime; span__sm=\u00a0\u00bb12&Prime;]\n\n[ux_banner height=\u00a0\u00bb56.25%\u00a0\u00bb bg=\u00a0\u00bb16088&Prime; bg_size=\u00a0\u00bbmedium\u00a0\u00bb bg_overlay=\u00a0\u00bbrgba(2, 151, 197, 0.75)\u00a0\u00bb bg_pos=\u00a0\u00bb45% 0%\u00a0\u00bb hover=\u00a0\u00bbzoom\u00a0\u00bb link=\u00a0\u00bb.\/contact\/roue-libre-cagnes\u00a0\u00bb]\n\n[text_box width=\u00a0\u00bb97&Prime; position_x=\u00a0\u00bb50&Prime; position_y=\u00a0\u00bb50&Prime;]\n\n<p>&nbsp;<\/p>\n<p>&nbsp;<\/p>\n<h3 class=\"noEvent uppercase\" style=\"font-weight: 900; font-size: 30px;\">CAGNES<\/h3>\n<h3 class=\"noEvent\" style=\"margin-top: 0; margin-bottom: 20px;\">VENTE &#8211; ATELIER<\/h3>\n<h3 class=\"noEvent\" style=\"font-size: 24px;\"><i class=\"fa fa-phone\" style=\"margin-right: 10px;\"><\/i>09 80 89 49 84 \/ 07 49 22 80 26<\/h3>\n<p>&nbsp;<\/p>\n<p>&nbsp;<\/p>\n\n[\/text_box]\n\n[\/ux_banner]\n\n[\/col]\n[col span=\u00a0\u00bb4&Prime; span__sm=\u00a0\u00bb12&Prime;]\n\n[ux_banner height=\u00a0\u00bb56.25%\u00a0\u00bb bg_color=\u00a0\u00bbrgb(0, 153, 197)\u00a0\u00bb link=\u00a0\u00bb\/nous-rejoindre\u00a0\u00bb]\n\n[text_box width=\u00a0\u00bb97&Prime; position_x=\u00a0\u00bb50&Prime; position_y=\u00a0\u00bb50&Prime;]\n\n<p>&nbsp;<\/p>\n<p>&nbsp;<\/p>\n<h3 class=\"noEvent uppercase\" style=\"font-weight: 900; font-size: 30px; color: white;\">NOUS REJOINDRE<\/h3>\n<p>&nbsp;<\/p>\n<p>&nbsp;<\/p>\n\n[\/text_box]\n\n[\/ux_banner]\n\n[\/col]\n\n[\/row]\n[gap]\n\n[gap]\n\n[title style=\u00a0\u00bbbold\u00a0\u00bb text=\u00a0\u00bbNous envoyer un e-mail\u00a0\u00bb]\n\n[row]\n\n[col span=\u00a0\u00bb2&Prime; span__sm=\u00a0\u00bb12&Prime;]\n\n\n[\/col]\n[col span=\u00a0\u00bb8&Prime; span__sm=\u00a0\u00bb12&Prime;]\n\n\n<div class=\"wpcf7 no-js\" id=\"wpcf7-f12477-o1\" lang=\"fr-FR\" dir=\"ltr\" data-wpcf7-id=\"12477\">\n<div class=\"screen-reader-response\"><p role=\"status\" aria-live=\"polite\" aria-atomic=\"true\"><\/p> <ul><\/ul><\/div>\n<form action=\"\/blog\/wp-json\/wp\/v2\/pages\/15865#wpcf7-f12477-o1\" method=\"post\" class=\"wpcf7-form init\" aria-label=\"Formulaire de contact\" novalidate=\"novalidate\" data-status=\"init\">\n<fieldset class=\"hidden-fields-container\"><input type=\"hidden\" name=\"_wpcf7\" value=\"12477\" \/><input type=\"hidden\" name=\"_wpcf7_version\" value=\"6.1.5\" \/><input type=\"hidden\" name=\"_wpcf7_locale\" value=\"fr_FR\" \/><input type=\"hidden\" name=\"_wpcf7_unit_tag\" value=\"wpcf7-f12477-o1\" \/><input type=\"hidden\" name=\"_wpcf7_container_post\" value=\"0\" \/><input type=\"hidden\" name=\"_wpcf7_posted_data_hash\" value=\"\" \/>\n<\/fieldset>\n<p>Votre nom (obligatoire)<br \/>\n<span class=\"wpcf7-form-control-wrap\" data-name=\"your-name\"><input size=\"40\" maxlength=\"400\" class=\"wpcf7-form-control wpcf7-text wpcf7-validates-as-required\" aria-required=\"true\" aria-invalid=\"false\" value=\"\" type=\"text\" name=\"your-name\" \/><\/span>\n<\/p>\n<p>Votre email (obligatoire)<br \/>\n<span class=\"wpcf7-form-control-wrap\" data-name=\"your-email\"><input size=\"40\" maxlength=\"400\" class=\"wpcf7-form-control wpcf7-email wpcf7-validates-as-required wpcf7-text wpcf7-validates-as-email\" aria-required=\"true\" aria-invalid=\"false\" value=\"\" type=\"email\" name=\"your-email\" \/><\/span>\n<\/p>\n<p>Sujet<br \/>\n<span class=\"wpcf7-form-control-wrap\" data-name=\"your-subject\"><input size=\"40\" maxlength=\"400\" class=\"wpcf7-form-control wpcf7-text\" aria-invalid=\"false\" value=\"\" type=\"text\" name=\"your-subject\" \/><\/span>\n<\/p>\n<p>Votre message<br \/>\n<span class=\"wpcf7-form-control-wrap\" data-name=\"your-message\"><textarea cols=\"40\" rows=\"10\" maxlength=\"2000\" class=\"wpcf7-form-control wpcf7-textarea\" aria-invalid=\"false\" name=\"your-message\"><\/textarea><\/span>\n<\/p>\n<p><input class=\"wpcf7-form-control wpcf7-submit has-spinner\" type=\"submit\" value=\"Envoyer\" \/>\n<\/p><p style=\"display: none !important;\" class=\"akismet-fields-container\" data-prefix=\"_wpcf7_ak_\"><label>&#916;<textarea name=\"_wpcf7_ak_hp_textarea\" cols=\"45\" rows=\"8\" maxlength=\"100\"><\/textarea><\/label><input type=\"hidden\" id=\"ak_js_1\" name=\"_wpcf7_ak_js\" value=\"189\"\/><script type=\"text\/javascript\">\n\/* <![CDATA[ *\/\ndocument.getElementById( \"ak_js_1\" ).setAttribute( \"value\", ( new Date() ).getTime() );\n\/* ]]> *\/\n<\/script>\n<\/p><div class=\"wpcf7-response-output\" aria-hidden=\"true\"><\/div>\n<\/form>\n<\/div>\n\n\n\n[\/col]\n[col span=\u00a0\u00bb2&Prime; span__sm=\u00a0\u00bb12&Prime;]\n\n\n[\/col]\n\n[\/row]\n","protected":false},"excerpt":{"rendered":"<p>[map height=\u00a0\u00bb378px\u00a0\u00bb lat=\u00a0\u00bb43.7025678&Prime; long=\u00a0\u00bb7.2848023&Prime; zoom=\u00a0\u00bb16&Prime; content_enable=\u00a0\u00bb0&Prime; content_bg=\u00a0\u00bbrgb(255, 255, 255)\u00a0\u00bb content_width__sm=\u00a0\u00bb100&Prime; content_width__md=\u00a0\u00bb40&Prime; position_x=\u00a0\u00bb100&Prime; position_x__sm=\u00a0\u00bb100&Prime; position_y__sm=\u00a0\u00bb100&Prime; color=\u00a0\u00bb#739bbf\u00a0\u00bb] [\/map] [gap] [row] [col span=\u00a0\u00bb4&Prime; span__sm=\u00a0\u00bb12&Prime;] [ux_banner height=\u00a0\u00bb56.25%\u00a0\u00bb bg=\u00a0\u00bb16082&Prime; bg_size=\u00a0\u00bbmedium\u00a0\u00bb bg_overlay=\u00a0\u00bbrgba(2, 151, 197, 0.75)\u00a0\u00bb bg_pos=\u00a0\u00bb93% 20%\u00a0\u00bb hover=\u00a0\u00bbzoom\u00a0\u00bb link=\u00a0\u00bb.\/contact\/roue-libre\u00a0\u00bb] [text_box width=\u00a0\u00bb97&Prime; position_x=\u00a0\u00bb50&Prime; position_y=\u00a0\u00bb50&Prime;] &nbsp; &nbsp; NICE VENTE &#8211; ATELIER 04 93 89 62 26 &nbsp; &nbsp; [\/text_box] [\/ux_banner] [\/col] [col span=\u00a0\u00bb4&Prime; [&hellip;]<\/p>\n","protected":false},"author":1,"featured_media":0,"parent":0,"menu_order":0,"comment_status":"closed","ping_status":"closed","template":"","meta":{"jetpack_post_was_ever_published":false,"footnotes":""},"class_list":["post-15865","page","type-page","status-publish"],"yoast_head":"<!-- This site is optimized with the Yoast SEO plugin v26.5 - https:\/\/yoast.com\/wordpress\/plugins\/seo\/ -->\n<title>Contact - La Roue Libre<\/title>\n<meta name=\"robots\" content=\"index, follow, max-snippet:-1, max-image-preview:large, max-video-preview:-1\" \/>\n<link rel=\"canonical\" href=\"https:\/\/www.larouelibre.fr\/blog\/contact\/\" \/>\n<meta property=\"og:locale\" content=\"fr_FR\" \/>\n<meta property=\"og:type\" content=\"article\" \/>\n<meta property=\"og:title\" content=\"Contact - La Roue Libre\" \/>\n<meta property=\"og:description\" content=\"[map height=\u00a0\u00bb378px\u00a0\u00bb lat=\u00a0\u00bb43.7025678&Prime; long=\u00a0\u00bb7.2848023&Prime; zoom=\u00a0\u00bb16&Prime; content_enable=\u00a0\u00bb0&Prime; content_bg=\u00a0\u00bbrgb(255, 255, 255)\u00a0\u00bb content_width__sm=\u00a0\u00bb100&Prime; content_width__md=\u00a0\u00bb40&Prime; position_x=\u00a0\u00bb100&Prime; position_x__sm=\u00a0\u00bb100&Prime; position_y__sm=\u00a0\u00bb100&Prime; color=\u00a0\u00bb#739bbf\u00a0\u00bb] [\/map] [gap] [row] [col span=\u00a0\u00bb4&Prime; span__sm=\u00a0\u00bb12&Prime;] [ux_banner height=\u00a0\u00bb56.25%\u00a0\u00bb bg=\u00a0\u00bb16082&Prime; bg_size=\u00a0\u00bbmedium\u00a0\u00bb bg_overlay=\u00a0\u00bbrgba(2, 151, 197, 0.75)\u00a0\u00bb bg_pos=\u00a0\u00bb93% 20%\u00a0\u00bb hover=\u00a0\u00bbzoom\u00a0\u00bb link=\u00a0\u00bb.\/contact\/roue-libre\u00a0\u00bb] [text_box width=\u00a0\u00bb97&Prime; position_x=\u00a0\u00bb50&Prime; position_y=\u00a0\u00bb50&Prime;] &nbsp; &nbsp; NICE VENTE &#8211; ATELIER 04 93 89 62 26 &nbsp; &nbsp; [\/text_box] [\/ux_banner] [\/col] [col span=\u00a0\u00bb4&Prime; [&hellip;]\" \/>\n<meta property=\"og:url\" content=\"https:\/\/www.larouelibre.fr\/blog\/contact\/\" \/>\n<meta property=\"og:site_name\" content=\"La Roue Libre\" \/>\n<meta property=\"article:modified_time\" content=\"2025-10-24T07:38:29+00:00\" \/>\n<meta name=\"twitter:card\" content=\"summary_large_image\" \/>\n<meta name=\"twitter:label1\" content=\"Dur\u00e9e de lecture estim\u00e9e\" \/>\n\t<meta name=\"twitter:data1\" content=\"1 minute\" \/>\n<script type=\"application\/ld+json\" class=\"yoast-schema-graph\">{\"@context\":\"https:\/\/schema.org\",\"@graph\":[{\"@type\":\"WebPage\",\"@id\":\"https:\/\/www.larouelibre.fr\/blog\/contact\/\",\"url\":\"https:\/\/www.larouelibre.fr\/blog\/contact\/\",\"name\":\"Contact - La Roue Libre\",\"isPartOf\":{\"@id\":\"https:\/\/www.larouelibre.fr\/blog\/#website\"},\"datePublished\":\"2017-04-11T16:16:11+00:00\",\"dateModified\":\"2025-10-24T07:38:29+00:00\",\"breadcrumb\":{\"@id\":\"https:\/\/www.larouelibre.fr\/blog\/contact\/#breadcrumb\"},\"inLanguage\":\"fr-FR\",\"potentialAction\":[{\"@type\":\"ReadAction\",\"target\":[\"https:\/\/www.larouelibre.fr\/blog\/contact\/\"]}]},{\"@type\":\"BreadcrumbList\",\"@id\":\"https:\/\/www.larouelibre.fr\/blog\/contact\/#breadcrumb\",\"itemListElement\":[{\"@type\":\"ListItem\",\"position\":1,\"name\":\"Accueil\",\"item\":\"https:\/\/www.larouelibre.fr\/blog\/\"},{\"@type\":\"ListItem\",\"position\":2,\"name\":\"Contact\"}]},{\"@type\":\"WebSite\",\"@id\":\"https:\/\/www.larouelibre.fr\/blog\/#website\",\"url\":\"https:\/\/www.larouelibre.fr\/blog\/\",\"name\":\"La Roue Libre\",\"description\":\"Votre sp\u00e9cialiste cycle, v\u00e9lo \u00e9lectrique, vtt, v\u00e9lo route \u00e0 Nice et cagnes sur mer\",\"potentialAction\":[{\"@type\":\"SearchAction\",\"target\":{\"@type\":\"EntryPoint\",\"urlTemplate\":\"https:\/\/www.larouelibre.fr\/blog\/?s={search_term_string}\"},\"query-input\":{\"@type\":\"PropertyValueSpecification\",\"valueRequired\":true,\"valueName\":\"search_term_string\"}}],\"inLanguage\":\"fr-FR\"}]}<\/script>\n<!-- \/ Yoast SEO plugin. -->","yoast_head_json":{"title":"Contact - La Roue Libre","robots":{"index":"index","follow":"follow","max-snippet":"max-snippet:-1","max-image-preview":"max-image-preview:large","max-video-preview":"max-video-preview:-1"},"canonical":"https:\/\/www.larouelibre.fr\/blog\/contact\/","og_locale":"fr_FR","og_type":"article","og_title":"Contact - La Roue Libre","og_description":"[map height=\u00a0\u00bb378px\u00a0\u00bb lat=\u00a0\u00bb43.7025678&Prime; long=\u00a0\u00bb7.2848023&Prime; zoom=\u00a0\u00bb16&Prime; content_enable=\u00a0\u00bb0&Prime; content_bg=\u00a0\u00bbrgb(255, 255, 255)\u00a0\u00bb content_width__sm=\u00a0\u00bb100&Prime; content_width__md=\u00a0\u00bb40&Prime; position_x=\u00a0\u00bb100&Prime; position_x__sm=\u00a0\u00bb100&Prime; position_y__sm=\u00a0\u00bb100&Prime; color=\u00a0\u00bb#739bbf\u00a0\u00bb] [\/map] [gap] [row] [col span=\u00a0\u00bb4&Prime; span__sm=\u00a0\u00bb12&Prime;] [ux_banner height=\u00a0\u00bb56.25%\u00a0\u00bb bg=\u00a0\u00bb16082&Prime; bg_size=\u00a0\u00bbmedium\u00a0\u00bb bg_overlay=\u00a0\u00bbrgba(2, 151, 197, 0.75)\u00a0\u00bb bg_pos=\u00a0\u00bb93% 20%\u00a0\u00bb hover=\u00a0\u00bbzoom\u00a0\u00bb link=\u00a0\u00bb.\/contact\/roue-libre\u00a0\u00bb] [text_box width=\u00a0\u00bb97&Prime; position_x=\u00a0\u00bb50&Prime; position_y=\u00a0\u00bb50&Prime;] &nbsp; &nbsp; NICE VENTE &#8211; ATELIER 04 93 89 62 26 &nbsp; &nbsp; [\/text_box] [\/ux_banner] [\/col] [col span=\u00a0\u00bb4&Prime; [&hellip;]","og_url":"https:\/\/www.larouelibre.fr\/blog\/contact\/","og_site_name":"La Roue Libre","article_modified_time":"2025-10-24T07:38:29+00:00","twitter_card":"summary_large_image","twitter_misc":{"Dur\u00e9e de lecture estim\u00e9e":"1 minute"},"schema":{"@context":"https:\/\/schema.org","@graph":[{"@type":"WebPage","@id":"https:\/\/www.larouelibre.fr\/blog\/contact\/","url":"https:\/\/www.larouelibre.fr\/blog\/contact\/","name":"Contact - La Roue Libre","isPartOf":{"@id":"https:\/\/www.larouelibre.fr\/blog\/#website"},"datePublished":"2017-04-11T16:16:11+00:00","dateModified":"2025-10-24T07:38:29+00:00","breadcrumb":{"@id":"https:\/\/www.larouelibre.fr\/blog\/contact\/#breadcrumb"},"inLanguage":"fr-FR","potentialAction":[{"@type":"ReadAction","target":["https:\/\/www.larouelibre.fr\/blog\/contact\/"]}]},{"@type":"BreadcrumbList","@id":"https:\/\/www.larouelibre.fr\/blog\/contact\/#breadcrumb","itemListElement":[{"@type":"ListItem","position":1,"name":"Accueil","item":"https:\/\/www.larouelibre.fr\/blog\/"},{"@type":"ListItem","position":2,"name":"Contact"}]},{"@type":"WebSite","@id":"https:\/\/www.larouelibre.fr\/blog\/#website","url":"https:\/\/www.larouelibre.fr\/blog\/","name":"La Roue Libre","description":"Votre sp\u00e9cialiste cycle, v\u00e9lo \u00e9lectrique, vtt, v\u00e9lo route \u00e0 Nice et cagnes sur mer","potentialAction":[{"@type":"SearchAction","target":{"@type":"EntryPoint","urlTemplate":"https:\/\/www.larouelibre.fr\/blog\/?s={search_term_string}"},"query-input":{"@type":"PropertyValueSpecification","valueRequired":true,"valueName":"search_term_string"}}],"inLanguage":"fr-FR"}]}},"jetpack_sharing_enabled":true,"jetpack_shortlink":"https:\/\/wp.me\/P7po7v-47T","jetpack-related-posts":[{"id":15932,"url":"https:\/\/www.larouelibre.fr\/blog\/velo-electrique\/","url_meta":{"origin":15865,"position":0},"title":"Electrique","author":"La Roue Libre","date":"13 avril 2017","format":false,"excerpt":"V\u00e9hicule id\u00e9al pour les d\u00e9placements urbains et interurbains, le v\u00e9lo \u00e9lectrique est en plein d\u00e9veloppement. Il est maintenant fiable et poss\u00e8de une grande autonomie pour les derniers mod\u00e8les (actuellement de 60 \u00e0 120km). Une large gamme est maintenant disponible pour toutes les utilisations allant du v\u00e9lo polyvalent interurbain au vtt.\u2026","rel":"","context":"Article similaire","block_context":{"text":"Article similaire","link":""},"img":{"alt_text":"","src":"","width":0,"height":0},"classes":[]},{"id":15831,"url":"https:\/\/www.larouelibre.fr\/blog\/accueil\/","url_meta":{"origin":15865,"position":1},"title":"Accueil","author":"La Roue Libre","date":"10 avril 2017","format":false,"excerpt":"[ux_banner height=\"120px\" bg=\"22061\" bg_size=\"medium\"] [\/ux_banner] [gap height=\"60px\"] BIENVENUE SUR NOTRE BLOG! Retrouvez toute l'actualit\u00e9 de nos magasins, nos locations v\u00e9los et de nombreuses informations sur le v\u00e9lo \u00e9lectrique! [gap height=\"20px\"] [blog_posts style=\"shade\" type=\"grid\" width=\"full-width\" col_spacing=\"small\"] [ux_banner height=\"326px\" bg=\"22064\" bg_size=\"orginal\" bg_overlay=\"rgba(0, 0, 0, 0.46)\" bg_pos=\"74% 48%\" parallax=\"5\" link=\"https:\/\/www.larouelibre.fr\/166-velo-electrique\"] [text_box width=\"81\" width__sm=\"79\"\u2026","rel":"","context":"Article similaire","block_context":{"text":"Article similaire","link":""},"img":{"alt_text":"","src":"","width":0,"height":0},"classes":[]},{"id":16072,"url":"https:\/\/www.larouelibre.fr\/blog\/contact\/roue-libre\/","url_meta":{"origin":15865,"position":2},"title":"Contact Roue Libre","author":"La Roue Libre","date":"18 mai 2017","format":false,"excerpt":"[map height=\"378px\" lat=\"43.7025678\" long=\"7.2848023\" zoom=\"16\" content_enable=\"0\" content_bg=\"rgb(255, 255, 255)\" content_width__sm=\"100\" content_width__md=\"40\" position_x=\"100\" position_x__sm=\"100\" position_y__sm=\"100\" color=\"#739bbf\"] [\/map] [gap] [title style=\"center\" text=\"La Roue Libre Nice\" size=\"172\"] [row] [col span=\"6\" span__sm=\"6\"] Adresse 20 Boulevard Arm\u00e9e des Alpes 06300 Nice Horaires d'ouverture LUNDI: 14H30-19H00 MARDI-SAMEDI: 9H00-12H00 | 14H30-19H00 [\/col] [col span=\"6\" span__sm=\"6\"] Nous contacter\u2026","rel":"","context":"Article similaire","block_context":{"text":"Article similaire","link":""},"img":{"alt_text":"","src":"","width":0,"height":0},"classes":[]},{"id":16108,"url":"https:\/\/www.larouelibre.fr\/blog\/contact\/roue-libre-cagnes-sur-mer\/","url_meta":{"origin":15865,"position":3},"title":"Contact Roue Cagnes","author":"La Roue Libre","date":"18 mai 2017","format":false,"excerpt":"[map height=\"378px\" lat=\"43.657075\" long=\"7.144898\" zoom=\"16\" content_enable=\"0\" content_bg=\"rgb(255, 255, 255)\" content_width__sm=\"100\" content_width__md=\"40\" position_x=\"100\" position_x__sm=\"100\" position_y__sm=\"100\" color=\"#739bbf\"] [\/map] [gap] [title style=\"center\" text=\"La Roue Libre Cagnes-Sur-Mer\" size=\"172\"] [row] [col span=\"6\" span__sm=\"6\"] Adresse 15 Avenue de Grasse 06800 Cagnes-sur-Mer Horaires d'ouverture LUNDI: Ferm\u00e9 MARDI-SAMEDI:\u00a08H30-12H00 | 14H30-19H00 [\/col] [col span=\"6\" span__sm=\"6\"] Nous contacter par t\u00e9l\u00e9phone\u2026","rel":"","context":"Article similaire","block_context":{"text":"Article similaire","link":""},"img":{"alt_text":"","src":"","width":0,"height":0},"classes":[]},{"id":16139,"url":"https:\/\/www.larouelibre.fr\/blog\/reprise\/","url_meta":{"origin":15865,"position":4},"title":"Reprise","author":"La Roue Libre","date":"18 mai 2017","format":false,"excerpt":"[ux_image id=\"12776\"] [gap height=\"60px\"] Vous voulez changer de v\u00e9lo et ne savez pas quoi faire de votre v\u00e9lo actuel? Il peut vous rapporter de l\u2019argent\u2026 Et oui votre r\u00e9seau de magasins La Roue Libre de Nice \u00e0 Cagnes-sur-mer rach\u00e8te votre v\u00e9lo \u00e0 sa valeur sur le march\u00e9 de l\u2019occasion! VTT,\u2026","rel":"","context":"Article similaire","block_context":{"text":"Article similaire","link":""},"img":{"alt_text":"","src":"","width":0,"height":0},"classes":[]},{"id":20296,"url":"https:\/\/www.larouelibre.fr\/blog\/atelier\/reglage-cales-chaussures\/","url_meta":{"origin":15865,"position":5},"title":"R\u00e9glage cales chaussures","author":"La Roue Libre","date":"30 novembre 2018","format":false,"excerpt":"Votre atelier La Roue Libre Nice vous propose une \u00e9tude MorphoLogics ML Cleat pour obtenir le r\u00e9glage id\u00e9al de vos cales de chaussures cyclistes. Que ce soit pour la route ou le vtt, une \u00e9tude est possible au tarif unique de\u00a030\u20ac. \u00a0Pr\u00e9sentation du MorphoLogics ML Cleat\u00a0 L\u2019appareil ML Cleat \u00ae,\u2026","rel":"","context":"Article similaire","block_context":{"text":"Article similaire","link":""},"img":{"alt_text":"","src":"https:\/\/i0.wp.com\/www.larouelibre.fr\/blog\/wp-content\/uploads\/2018\/11\/morphologics_image.jpg?resize=350%2C200&ssl=1","width":350,"height":200,"srcset":"https:\/\/i0.wp.com\/www.larouelibre.fr\/blog\/wp-content\/uploads\/2018\/11\/morphologics_image.jpg?resize=350%2C200&ssl=1 1x, https:\/\/i0.wp.com\/www.larouelibre.fr\/blog\/wp-content\/uploads\/2018\/11\/morphologics_image.jpg?resize=525%2C300&ssl=1 1.5x, https:\/\/i0.wp.com\/www.larouelibre.fr\/blog\/wp-content\/uploads\/2018\/11\/morphologics_image.jpg?resize=700%2C400&ssl=1 2x, https:\/\/i0.wp.com\/www.larouelibre.fr\/blog\/wp-content\/uploads\/2018\/11\/morphologics_image.jpg?resize=1050%2C600&ssl=1 3x"},"classes":[]}],"_links":{"self":[{"href":"https:\/\/www.larouelibre.fr\/blog\/wp-json\/wp\/v2\/pages\/15865","targetHints":{"allow":["GET"]}}],"collection":[{"href":"https:\/\/www.larouelibre.fr\/blog\/wp-json\/wp\/v2\/pages"}],"about":[{"href":"https:\/\/www.larouelibre.fr\/blog\/wp-json\/wp\/v2\/types\/page"}],"author":[{"embeddable":true,"href":"https:\/\/www.larouelibre.fr\/blog\/wp-json\/wp\/v2\/users\/1"}],"replies":[{"embeddable":true,"href":"https:\/\/www.larouelibre.fr\/blog\/wp-json\/wp\/v2\/comments?post=15865"}],"version-history":[{"count":41,"href":"https:\/\/www.larouelibre.fr\/blog\/wp-json\/wp\/v2\/pages\/15865\/revisions"}],"predecessor-version":[{"id":23357,"href":"https:\/\/www.larouelibre.fr\/blog\/wp-json\/wp\/v2\/pages\/15865\/revisions\/23357"}],"wp:attachment":[{"href":"https:\/\/www.larouelibre.fr\/blog\/wp-json\/wp\/v2\/media?parent=15865"}],"curies":[{"name":"wp","href":"https:\/\/api.w.org\/{rel}","templated":true}]}}