{"id":15863,"date":"2017-04-11T18:16:00","date_gmt":"2017-04-11T16:16:00","guid":{"rendered":"http:\/\/localhost\/larouelibreNew\/?page_id=15863"},"modified":"2017-04-11T18:16:00","modified_gmt":"2017-04-11T16:16:00","slug":"nos-marques","status":"publish","type":"page","link":"https:\/\/www.larouelibre.fr\/blog\/nos-marques\/","title":{"rendered":"Nos Marques"},"content":{"rendered":"","protected":false},"excerpt":{"rendered":"","protected":false},"author":1,"featured_media":0,"parent":0,"menu_order":0,"comment_status":"closed","ping_status":"closed","template":"","meta":{"jetpack_post_was_ever_published":false,"footnotes":""},"class_list":["post-15863","page","type-page","status-publish"],"yoast_head":"<!-- This site is optimized with the Yoast SEO plugin v26.5 - https:\/\/yoast.com\/wordpress\/plugins\/seo\/ -->\n<title>Nos Marques - La Roue Libre<\/title>\n<meta name=\"robots\" content=\"index, follow, max-snippet:-1, max-image-preview:large, max-video-preview:-1\" \/>\n<link rel=\"canonical\" href=\"https:\/\/www.larouelibre.fr\/blog\/nos-marques\/\" \/>\n<meta property=\"og:locale\" content=\"fr_FR\" \/>\n<meta property=\"og:type\" content=\"article\" \/>\n<meta property=\"og:title\" content=\"Nos Marques - La Roue Libre\" \/>\n<meta property=\"og:url\" content=\"https:\/\/www.larouelibre.fr\/blog\/nos-marques\/\" \/>\n<meta property=\"og:site_name\" content=\"La Roue Libre\" \/>\n<meta name=\"twitter:card\" content=\"summary_large_image\" \/>\n<script type=\"application\/ld+json\" class=\"yoast-schema-graph\">{\"@context\":\"https:\/\/schema.org\",\"@graph\":[{\"@type\":\"WebPage\",\"@id\":\"https:\/\/www.larouelibre.fr\/blog\/nos-marques\/\",\"url\":\"https:\/\/www.larouelibre.fr\/blog\/nos-marques\/\",\"name\":\"Nos Marques - La Roue Libre\",\"isPartOf\":{\"@id\":\"https:\/\/www.larouelibre.fr\/blog\/#website\"},\"datePublished\":\"2017-04-11T16:16:00+00:00\",\"breadcrumb\":{\"@id\":\"https:\/\/www.larouelibre.fr\/blog\/nos-marques\/#breadcrumb\"},\"inLanguage\":\"fr-FR\",\"potentialAction\":[{\"@type\":\"ReadAction\",\"target\":[\"https:\/\/www.larouelibre.fr\/blog\/nos-marques\/\"]}]},{\"@type\":\"BreadcrumbList\",\"@id\":\"https:\/\/www.larouelibre.fr\/blog\/nos-marques\/#breadcrumb\",\"itemListElement\":[{\"@type\":\"ListItem\",\"position\":1,\"name\":\"Accueil\",\"item\":\"https:\/\/www.larouelibre.fr\/blog\/\"},{\"@type\":\"ListItem\",\"position\":2,\"name\":\"Nos Marques\"}]},{\"@type\":\"WebSite\",\"@id\":\"https:\/\/www.larouelibre.fr\/blog\/#website\",\"url\":\"https:\/\/www.larouelibre.fr\/blog\/\",\"name\":\"La Roue Libre\",\"description\":\"Votre sp\u00e9cialiste cycle, v\u00e9lo \u00e9lectrique, vtt, v\u00e9lo route \u00e0 Nice et cagnes sur mer\",\"potentialAction\":[{\"@type\":\"SearchAction\",\"target\":{\"@type\":\"EntryPoint\",\"urlTemplate\":\"https:\/\/www.larouelibre.fr\/blog\/?s={search_term_string}\"},\"query-input\":{\"@type\":\"PropertyValueSpecification\",\"valueRequired\":true,\"valueName\":\"search_term_string\"}}],\"inLanguage\":\"fr-FR\"}]}<\/script>\n<!-- \/ Yoast SEO plugin. -->","yoast_head_json":{"title":"Nos Marques - La Roue Libre","robots":{"index":"index","follow":"follow","max-snippet":"max-snippet:-1","max-image-preview":"max-image-preview:large","max-video-preview":"max-video-preview:-1"},"canonical":"https:\/\/www.larouelibre.fr\/blog\/nos-marques\/","og_locale":"fr_FR","og_type":"article","og_title":"Nos Marques - La Roue Libre","og_url":"https:\/\/www.larouelibre.fr\/blog\/nos-marques\/","og_site_name":"La Roue Libre","twitter_card":"summary_large_image","schema":{"@context":"https:\/\/schema.org","@graph":[{"@type":"WebPage","@id":"https:\/\/www.larouelibre.fr\/blog\/nos-marques\/","url":"https:\/\/www.larouelibre.fr\/blog\/nos-marques\/","name":"Nos Marques - La Roue Libre","isPartOf":{"@id":"https:\/\/www.larouelibre.fr\/blog\/#website"},"datePublished":"2017-04-11T16:16:00+00:00","breadcrumb":{"@id":"https:\/\/www.larouelibre.fr\/blog\/nos-marques\/#breadcrumb"},"inLanguage":"fr-FR","potentialAction":[{"@type":"ReadAction","target":["https:\/\/www.larouelibre.fr\/blog\/nos-marques\/"]}]},{"@type":"BreadcrumbList","@id":"https:\/\/www.larouelibre.fr\/blog\/nos-marques\/#breadcrumb","itemListElement":[{"@type":"ListItem","position":1,"name":"Accueil","item":"https:\/\/www.larouelibre.fr\/blog\/"},{"@type":"ListItem","position":2,"name":"Nos Marques"}]},{"@type":"WebSite","@id":"https:\/\/www.larouelibre.fr\/blog\/#website","url":"https:\/\/www.larouelibre.fr\/blog\/","name":"La Roue Libre","description":"Votre sp\u00e9cialiste cycle, v\u00e9lo \u00e9lectrique, vtt, v\u00e9lo route \u00e0 Nice et cagnes sur mer","potentialAction":[{"@type":"SearchAction","target":{"@type":"EntryPoint","urlTemplate":"https:\/\/www.larouelibre.fr\/blog\/?s={search_term_string}"},"query-input":{"@type":"PropertyValueSpecification","valueRequired":true,"valueName":"search_term_string"}}],"inLanguage":"fr-FR"}]}},"jetpack_sharing_enabled":true,"jetpack_shortlink":"https:\/\/wp.me\/P7po7v-47R","jetpack-related-posts":[{"id":18849,"url":"https:\/\/www.larouelibre.fr\/blog\/mentions-legales-2\/","url_meta":{"origin":15863,"position":0},"title":"Mentions l\u00e9gales","author":"La Roue Libre","date":"30 mars 2018","format":false,"excerpt":"Raison Sociale SARL La Roue Libre 11 Rue Auguste Gal 06300 NICE - FRANCE T\u00e9l\u00e9phone: 04 49 89 62 26\u00a0\u00a0 Mail: larouelibrenice@orange.fr H\u00e9bergement OVH SAS au capital de 10 069 020 \u20ac RCS Lille M\u00e9tropole 424 761 419 00045 Code APE 2620Z N\u00b0 TVA : FR 22 424 761 419\u2026","rel":"","context":"Article similaire","block_context":{"text":"Article similaire","link":""},"img":{"alt_text":"","src":"","width":0,"height":0},"classes":[]},{"id":16022,"url":"https:\/\/www.larouelibre.fr\/blog\/velo-electrique\/sav\/","url_meta":{"origin":15863,"position":1},"title":"SAV","author":"La Roue Libre","date":"25 avril 2017","format":false,"excerpt":"La Roue Libre est depuis 13 ans le sp\u00e9cialiste du v\u00e9lo \u00e0 assistance \u00e9lectrique dans les Alpes Maritimes. Fort de son exp\u00e9rience dans le domaine, La Roue Libre s\u2019est sp\u00e9cialis\u00e9e dans la r\u00e9paration des v\u00e9los \u00e0 assistance \u00e9lectriques toutes marques en effectuant le service apr\u00e8s vente en magasin avec des\u2026","rel":"","context":"Article similaire","block_context":{"text":"Article similaire","link":""},"img":{"alt_text":"","src":"","width":0,"height":0},"classes":[]},{"id":20296,"url":"https:\/\/www.larouelibre.fr\/blog\/atelier\/reglage-cales-chaussures\/","url_meta":{"origin":15863,"position":2},"title":"R\u00e9glage cales chaussures","author":"La Roue Libre","date":"30 novembre 2018","format":false,"excerpt":"Votre atelier La Roue Libre Nice vous propose une \u00e9tude MorphoLogics ML Cleat pour obtenir le r\u00e9glage id\u00e9al de vos cales de chaussures cyclistes. Que ce soit pour la route ou le vtt, une \u00e9tude est possible au tarif unique de\u00a030\u20ac. \u00a0Pr\u00e9sentation du MorphoLogics ML Cleat\u00a0 L\u2019appareil ML Cleat \u00ae,\u2026","rel":"","context":"Article similaire","block_context":{"text":"Article similaire","link":""},"img":{"alt_text":"","src":"https:\/\/i0.wp.com\/www.larouelibre.fr\/blog\/wp-content\/uploads\/2018\/11\/morphologics_image.jpg?resize=350%2C200&ssl=1","width":350,"height":200,"srcset":"https:\/\/i0.wp.com\/www.larouelibre.fr\/blog\/wp-content\/uploads\/2018\/11\/morphologics_image.jpg?resize=350%2C200&ssl=1 1x, https:\/\/i0.wp.com\/www.larouelibre.fr\/blog\/wp-content\/uploads\/2018\/11\/morphologics_image.jpg?resize=525%2C300&ssl=1 1.5x, https:\/\/i0.wp.com\/www.larouelibre.fr\/blog\/wp-content\/uploads\/2018\/11\/morphologics_image.jpg?resize=700%2C400&ssl=1 2x, https:\/\/i0.wp.com\/www.larouelibre.fr\/blog\/wp-content\/uploads\/2018\/11\/morphologics_image.jpg?resize=1050%2C600&ssl=1 3x"},"classes":[]},{"id":20279,"url":"https:\/\/www.larouelibre.fr\/blog\/atelier\/etude-posturale-bikefitting\/","url_meta":{"origin":15863,"position":3},"title":"Etude Posturale &#8211; Bikefitting","author":"La Roue Libre","date":"29 novembre 2018","format":false,"excerpt":"Pour chaque type d\u2019usage, une bonne position sur le v\u00e9lo est essentielle. C\u2019est la r\u00e9sultante d\u2019un parfait dosage entre puissance, efficacit\u00e9, r\u00e9sistance et confort. Une bonne position peut \u00e9viter les blessures et accro\u00eetre le confort tout en roulant en v\u00e9lo !\u00a0BikeFitting\u00a0a con\u00e7u un concept modulaire pour chaque type de cycliste,\u2026","rel":"","context":"Article similaire","block_context":{"text":"Article similaire","link":""},"img":{"alt_text":"","src":"https:\/\/i0.wp.com\/www.larouelibre.fr\/blog\/wp-content\/uploads\/2018\/11\/image_bikefitting.jpg?fit=1092%2C815&ssl=1&resize=350%2C200","width":350,"height":200,"srcset":"https:\/\/i0.wp.com\/www.larouelibre.fr\/blog\/wp-content\/uploads\/2018\/11\/image_bikefitting.jpg?fit=1092%2C815&ssl=1&resize=350%2C200 1x, https:\/\/i0.wp.com\/www.larouelibre.fr\/blog\/wp-content\/uploads\/2018\/11\/image_bikefitting.jpg?fit=1092%2C815&ssl=1&resize=525%2C300 1.5x, https:\/\/i0.wp.com\/www.larouelibre.fr\/blog\/wp-content\/uploads\/2018\/11\/image_bikefitting.jpg?fit=1092%2C815&ssl=1&resize=700%2C400 2x, https:\/\/i0.wp.com\/www.larouelibre.fr\/blog\/wp-content\/uploads\/2018\/11\/image_bikefitting.jpg?fit=1092%2C815&ssl=1&resize=1050%2C600 3x"},"classes":[]},{"id":15941,"url":"https:\/\/www.larouelibre.fr\/blog\/velo-electrique\/comprendre-le-vae\/","url_meta":{"origin":15863,"position":4},"title":"Comprendre le VAE","author":"La Roue Libre","date":"13 avril 2017","format":false,"excerpt":"Le VAE ou v\u00e9lo \u00e0 assistance \u00e9lectrique, est de plus en plus r\u00e9pandu de nos jours, mais comment marche t-il? Cette page vous permettra de mieux le comprendre et surtout de conna\u00eetre vos besoins et quel type de moteur ou batterie choisir pour votre futur achat! Le v\u00e9lo \u00e0 assistance\u2026","rel":"","context":"Article similaire","block_context":{"text":"Article similaire","link":""},"img":{"alt_text":"","src":"","width":0,"height":0},"classes":[]}],"_links":{"self":[{"href":"https:\/\/www.larouelibre.fr\/blog\/wp-json\/wp\/v2\/pages\/15863","targetHints":{"allow":["GET"]}}],"collection":[{"href":"https:\/\/www.larouelibre.fr\/blog\/wp-json\/wp\/v2\/pages"}],"about":[{"href":"https:\/\/www.larouelibre.fr\/blog\/wp-json\/wp\/v2\/types\/page"}],"author":[{"embeddable":true,"href":"https:\/\/www.larouelibre.fr\/blog\/wp-json\/wp\/v2\/users\/1"}],"replies":[{"embeddable":true,"href":"https:\/\/www.larouelibre.fr\/blog\/wp-json\/wp\/v2\/comments?post=15863"}],"version-history":[{"count":1,"href":"https:\/\/www.larouelibre.fr\/blog\/wp-json\/wp\/v2\/pages\/15863\/revisions"}],"predecessor-version":[{"id":15864,"href":"https:\/\/www.larouelibre.fr\/blog\/wp-json\/wp\/v2\/pages\/15863\/revisions\/15864"}],"wp:attachment":[{"href":"https:\/\/www.larouelibre.fr\/blog\/wp-json\/wp\/v2\/media?parent=15863"}],"curies":[{"name":"wp","href":"https:\/\/api.w.org\/{rel}","templated":true}]}}